{"id":1756,"date":"2023-02-06T14:50:41","date_gmt":"2023-02-06T14:50:41","guid":{"rendered":"https:\/\/aflatextechnologies.com\/klebstoffe\/"},"modified":"2023-04-18T17:24:17","modified_gmt":"2023-04-18T17:24:17","slug":"klebstoffe","status":"publish","type":"page","link":"https:\/\/aflatextechnologies.com\/de\/klebstoffe\/","title":{"rendered":"Klebstoffe"},"content":{"rendered":"\t\t<div data-elementor-type=\"wp-page\" data-elementor-id=\"1756\" class=\"elementor elementor-1756 elementor-838\" data-elementor-settings=\"{&quot;ha_cmc_init_switcher&quot;:&quot;no&quot;}\" data-elementor-post-type=\"page\">\n\t\t\t\t\t\t<section class=\"elementor-section elementor-top-section elementor-element elementor-element-34a96d6 elementor-section-boxed elementor-section-height-default elementor-section-height-default\" data-id=\"34a96d6\" data-element_type=\"section\" data-e-type=\"section\" data-settings=\"{&quot;background_background&quot;:&quot;classic&quot;,&quot;_ha_eqh_enable&quot;:false}\">\n\t\t\t\t\t\t\t<div class=\"elementor-background-overlay\"><\/div>\n\t\t\t\t\t\t\t<div class=\"elementor-container elementor-column-gap-default\">\n\t\t\t\t\t<div class=\"elementor-column elementor-col-100 elementor-top-column elementor-element elementor-element-e152823\" data-id=\"e152823\" data-element_type=\"column\" data-e-type=\"column\" data-settings=\"{&quot;background_background&quot;:&quot;classic&quot;}\">\n\t\t\t<div class=\"elementor-widget-wrap elementor-element-populated\">\n\t\t\t\t\t\t<div class=\"elementor-element elementor-element-11a01b8 elementor-widget elementor-widget-heading\" data-id=\"11a01b8\" data-element_type=\"widget\" data-e-type=\"widget\" data-widget_type=\"heading.default\">\n\t\t\t\t<div class=\"elementor-widget-container\">\n\t\t\t\t\t<h2 class=\"elementor-heading-title elementor-size-default\">Klebstoffe<\/h2>\t\t\t\t<\/div>\n\t\t\t\t<\/div>\n\t\t\t\t<div class=\"elementor-element elementor-element-7270030 elementor-hidden-tablet elementor-hidden-phone elementor-invisible elementor-widget elementor-widget-ha-gradient-heading happy-addon ha-gradient-heading\" data-id=\"7270030\" data-element_type=\"widget\" data-e-type=\"widget\" data-settings=\"{&quot;_animation&quot;:&quot;fadeIn&quot;,&quot;_animation_delay&quot;:250}\" data-widget_type=\"ha-gradient-heading.default\">\n\t\t\t\t<div class=\"elementor-widget-container\">\n\t\t\t\t\t<h2 class=\"ha-gradient-heading\">aflatex<\/h2>\t\t\t\t<\/div>\n\t\t\t\t<\/div>\n\t\t\t\t\t<\/div>\n\t\t<\/div>\n\t\t\t\t\t<\/div>\n\t\t<\/section>\n\t\t\t\t<section class=\"elementor-section elementor-top-section elementor-element elementor-element-c880343 elementor-section-boxed elementor-section-height-default elementor-section-height-default\" data-id=\"c880343\" data-element_type=\"section\" data-e-type=\"section\" data-settings=\"{&quot;_ha_eqh_enable&quot;:false}\">\n\t\t\t\t\t\t<div class=\"elementor-container elementor-column-gap-default\">\n\t\t\t\t\t<div class=\"elementor-column elementor-col-50 elementor-top-column elementor-element elementor-element-7b8fda2\" data-id=\"7b8fda2\" data-element_type=\"column\" data-e-type=\"column\">\n\t\t\t<div class=\"elementor-widget-wrap elementor-element-populated\">\n\t\t\t\t\t\t<div class=\"elementor-element elementor-element-28d333f elementor-widget__width-initial elementor-widget elementor-widget-image\" data-id=\"28d333f\" data-element_type=\"widget\" data-e-type=\"widget\" data-widget_type=\"image.default\">\n\t\t\t\t<div class=\"elementor-widget-container\">\n\t\t\t\t\t\t\t\t\t\t\t\t\t\t\t<img fetchpriority=\"high\" decoding=\"async\" width=\"288\" height=\"488\" src=\"https:\/\/aflatextechnologies.com\/wp-content\/uploads\/2023\/02\/figure-1_adhesive_aflatex.png\" class=\"attachment-large size-large wp-image-1622\" alt=\"\" srcset=\"https:\/\/aflatextechnologies.com\/wp-content\/uploads\/2023\/02\/figure-1_adhesive_aflatex.png 288w, https:\/\/aflatextechnologies.com\/wp-content\/uploads\/2023\/02\/figure-1_adhesive_aflatex-177x300.png 177w\" sizes=\"(max-width: 288px) 100vw, 288px\" \/>\t\t\t\t\t\t\t\t\t\t\t\t\t\t\t<\/div>\n\t\t\t\t<\/div>\n\t\t\t\t<div class=\"elementor-element elementor-element-e733d27 elementor-widget__width-initial elementor-widget elementor-widget-image\" data-id=\"e733d27\" data-element_type=\"widget\" data-e-type=\"widget\" data-widget_type=\"image.default\">\n\t\t\t\t<div class=\"elementor-widget-container\">\n\t\t\t\t\t\t\t\t\t\t\t\t\t\t\t<img decoding=\"async\" width=\"309\" height=\"390\" src=\"https:\/\/aflatextechnologies.com\/wp-content\/uploads\/2023\/02\/figure-2_Carpet-shear-test_aflatex.png\" class=\"attachment-large size-large wp-image-1626\" alt=\"\" srcset=\"https:\/\/aflatextechnologies.com\/wp-content\/uploads\/2023\/02\/figure-2_Carpet-shear-test_aflatex.png 309w, https:\/\/aflatextechnologies.com\/wp-content\/uploads\/2023\/02\/figure-2_Carpet-shear-test_aflatex-238x300.png 238w\" sizes=\"(max-width: 309px) 100vw, 309px\" \/>\t\t\t\t\t\t\t\t\t\t\t\t\t\t\t<\/div>\n\t\t\t\t<\/div>\n\t\t\t\t<div class=\"elementor-element elementor-element-11f5f7d elementor-widget__width-initial elementor-widget elementor-widget-text-editor\" data-id=\"11f5f7d\" data-element_type=\"widget\" data-e-type=\"widget\" data-widget_type=\"text-editor.default\">\n\t\t\t\t<div class=\"elementor-widget-container\">\n\t\t\t\t\t\t\t\t\t<p>Abbildung 1. Sch\u00e4lfestigkeitstest mit zwei Lederst\u00fccken<\/p>\n\t\t\t\t\t\t\t\t<\/div>\n\t\t\t\t<\/div>\n\t\t\t\t<div class=\"elementor-element elementor-element-de7f9a7 elementor-widget__width-initial elementor-widget elementor-widget-text-editor\" data-id=\"de7f9a7\" data-element_type=\"widget\" data-e-type=\"widget\" data-widget_type=\"text-editor.default\">\n\t\t\t\t<div class=\"elementor-widget-container\">\n\t\t\t\t\t\t\t\t\t<p>Abbildung 2. Scherfestigkeitstest mit einem Teppich und Sperrholz<\/p>\n\t\t\t\t\t\t\t\t<\/div>\n\t\t\t\t<\/div>\n\t\t\t\t\t<\/div>\n\t\t<\/div>\n\t\t\t\t<div class=\"elementor-column elementor-col-50 elementor-top-column elementor-element elementor-element-de5c9c3\" data-id=\"de5c9c3\" data-element_type=\"column\" data-e-type=\"column\" data-settings=\"{&quot;background_background&quot;:&quot;classic&quot;}\">\n\t\t\t<div class=\"elementor-widget-wrap elementor-element-populated\">\n\t\t\t\t\t\t<div class=\"elementor-element elementor-element-ad19077 elementor-invisible elementor-widget elementor-widget-heading\" data-id=\"ad19077\" data-element_type=\"widget\" data-e-type=\"widget\" data-settings=\"{&quot;_animation&quot;:&quot;fadeInUp&quot;}\" data-widget_type=\"heading.default\">\n\t\t\t\t<div class=\"elementor-widget-container\">\n\t\t\t\t\t<h2 class=\"elementor-heading-title elementor-size-default\">Es werden zwei umweltfreundliche Klebstoffe mit AFLatex Technologie hergestellt:<\/h2>\t\t\t\t<\/div>\n\t\t\t\t<\/div>\n\t\t\t\t<div class=\"elementor-element elementor-element-1a3b3ee elementor-invisible elementor-widget elementor-widget-text-editor\" data-id=\"1a3b3ee\" data-element_type=\"widget\" data-e-type=\"widget\" data-settings=\"{&quot;_animation&quot;:&quot;fadeIn&quot;,&quot;_animation_delay&quot;:200}\" data-widget_type=\"text-editor.default\">\n\t\t\t\t<div class=\"elementor-widget-container\">\n\t\t\t\t\t\t\t\t\t<ol>\n<li>AFLatex Klebstoff f\u00fcr Haushalt und B\u00fcro mit einem Gummianteil von 35% und<\/li>\n<li>AFLatex Klebstoff f\u00fcr industrielle Anwendung mit einem Gummianteil von 60%.<\/li>\n<\/ol>\n<p>Um die Sch\u00e4lfestigkeit zu pr\u00fcfen, haben wir beide Klebstoffe einem Testverfahren nach der Norm ASTM F2256 unterzogen.<\/p>\n<p>Au\u00dferdem haben wir die Scherfestigkeit des AFLatex Klebstoffs f\u00fcr industrielle Anwendung anhand eines Testverfahrens nach der Norm ASTM D6004 gepr\u00fcft.<\/p>\n\t\t\t\t\t\t\t\t<\/div>\n\t\t\t\t<\/div>\n\t\t\t\t\t<\/div>\n\t\t<\/div>\n\t\t\t\t\t<\/div>\n\t\t<\/section>\n\t\t\t\t<section class=\"elementor-section elementor-top-section elementor-element elementor-element-7085630 elementor-section-content-middle elementor-section-boxed elementor-section-height-default elementor-section-height-default\" data-id=\"7085630\" data-element_type=\"section\" data-e-type=\"section\" data-settings=\"{&quot;background_background&quot;:&quot;classic&quot;,&quot;_ha_eqh_enable&quot;:false}\">\n\t\t\t\t\t\t<div class=\"elementor-container elementor-column-gap-default\">\n\t\t\t\t\t<div class=\"elementor-column elementor-col-50 elementor-top-column elementor-element elementor-element-67392fa\" data-id=\"67392fa\" data-element_type=\"column\" data-e-type=\"column\" data-settings=\"{&quot;background_background&quot;:&quot;classic&quot;}\">\n\t\t\t<div class=\"elementor-widget-wrap elementor-element-populated\">\n\t\t\t\t\t\t<div class=\"elementor-element elementor-element-40e55b3 elementor-widget elementor-widget-heading\" data-id=\"40e55b3\" data-element_type=\"widget\" data-e-type=\"widget\" data-widget_type=\"heading.default\">\n\t\t\t\t<div class=\"elementor-widget-container\">\n\t\t\t\t\t<h2 class=\"elementor-heading-title elementor-size-default\">1.<\/h2>\t\t\t\t<\/div>\n\t\t\t\t<\/div>\n\t\t\t\t<div class=\"elementor-element elementor-element-6a2443d elementor-widget elementor-widget-heading\" data-id=\"6a2443d\" data-element_type=\"widget\" data-e-type=\"widget\" data-widget_type=\"heading.default\">\n\t\t\t\t<div class=\"elementor-widget-container\">\n\t\t\t\t\t<h2 class=\"elementor-heading-title elementor-size-default\">AFLatex Klebstoff f\u00fcr Haushalt und B\u00fcro mit einem Gummianteil von 35 % (DRC)<\/h2>\t\t\t\t<\/div>\n\t\t\t\t<\/div>\n\t\t\t\t<div class=\"elementor-element elementor-element-ef2036b elementor-invisible elementor-widget elementor-widget-text-editor\" data-id=\"ef2036b\" data-element_type=\"widget\" data-e-type=\"widget\" data-settings=\"{&quot;_animation&quot;:&quot;fadeIn&quot;,&quot;_animation_delay&quot;:200}\" data-widget_type=\"text-editor.default\">\n\t\t\t\t<div class=\"elementor-widget-container\">\n\t\t\t\t\t\t\t\t\t<p>Aus einem gr\u00f6\u00dferen St\u00fcck nat\u00fcrlich gewachsenem Kuhleder wurden die Testst\u00fccke mit einer Breite von 2,54 cm (<em>1\u201d<\/em>) herausgeschnitten. Die Sch\u00e4lfestigkeit des AFLatex Klebstoffs f\u00fcr Haushalt und B\u00fcro wurde mit einem im Handel erh\u00e4ltlichen Klebstoff auf Basis von Polyvinylacetat verglichen (Abb. 18. Es ist klar zu erkennen, dass der AFLatex Klebstoffs f\u00fcr Haushalt und B\u00fcro eine deutlich bessere Sch\u00e4lfestigkeit als der im Handel erh\u00e4ltliche Klebstoff aufweist, wobei dieser eine Sch\u00e4lfestigkeit von 6,29 N\/cm hatte.<\/p>\n\t\t\t\t\t\t\t\t<\/div>\n\t\t\t\t<\/div>\n\t\t\t\t\t<\/div>\n\t\t<\/div>\n\t\t\t\t<div class=\"elementor-column elementor-col-50 elementor-top-column elementor-element elementor-element-6e2d5f0\" data-id=\"6e2d5f0\" data-element_type=\"column\" data-e-type=\"column\">\n\t\t\t<div class=\"elementor-widget-wrap elementor-element-populated\">\n\t\t\t\t\t\t<div class=\"elementor-element elementor-element-954d631 elementor-widget elementor-widget-image\" data-id=\"954d631\" data-element_type=\"widget\" data-e-type=\"widget\" data-widget_type=\"image.default\">\n\t\t\t\t<div class=\"elementor-widget-container\">\n\t\t\t\t\t\t\t\t\t\t\t\t\t\t\t<img decoding=\"async\" width=\"664\" height=\"524\" src=\"https:\/\/aflatextechnologies.com\/wp-content\/uploads\/2023\/02\/AFLATEX-GLUE-LEATHER.png\" class=\"attachment-full size-full wp-image-1630\" alt=\"\" srcset=\"https:\/\/aflatextechnologies.com\/wp-content\/uploads\/2023\/02\/AFLATEX-GLUE-LEATHER.png 664w, https:\/\/aflatextechnologies.com\/wp-content\/uploads\/2023\/02\/AFLATEX-GLUE-LEATHER-300x237.png 300w\" sizes=\"(max-width: 664px) 100vw, 664px\" \/>\t\t\t\t\t\t\t\t\t\t\t\t\t\t\t<\/div>\n\t\t\t\t<\/div>\n\t\t\t\t\t<\/div>\n\t\t<\/div>\n\t\t\t\t\t<\/div>\n\t\t<\/section>\n\t\t\t\t<section class=\"elementor-section elementor-top-section elementor-element elementor-element-f9b61da elementor-section-content-middle elementor-section-boxed elementor-section-height-default elementor-section-height-default\" data-id=\"f9b61da\" data-element_type=\"section\" data-e-type=\"section\" data-settings=\"{&quot;background_background&quot;:&quot;classic&quot;,&quot;_ha_eqh_enable&quot;:false}\">\n\t\t\t\t\t\t<div class=\"elementor-container elementor-column-gap-default\">\n\t\t\t\t\t<div class=\"elementor-column elementor-col-50 elementor-top-column elementor-element elementor-element-5535c64\" data-id=\"5535c64\" data-element_type=\"column\" data-e-type=\"column\" data-settings=\"{&quot;background_background&quot;:&quot;classic&quot;}\">\n\t\t\t<div class=\"elementor-widget-wrap elementor-element-populated\">\n\t\t\t\t\t\t<div class=\"elementor-element elementor-element-b579243 elementor-widget elementor-widget-heading\" data-id=\"b579243\" data-element_type=\"widget\" data-e-type=\"widget\" data-widget_type=\"heading.default\">\n\t\t\t\t<div class=\"elementor-widget-container\">\n\t\t\t\t\t<h2 class=\"elementor-heading-title elementor-size-default\">2.<\/h2>\t\t\t\t<\/div>\n\t\t\t\t<\/div>\n\t\t\t\t<div class=\"elementor-element elementor-element-4a529f5 elementor-widget elementor-widget-heading\" data-id=\"4a529f5\" data-element_type=\"widget\" data-e-type=\"widget\" data-widget_type=\"heading.default\">\n\t\t\t\t<div class=\"elementor-widget-container\">\n\t\t\t\t\t<h2 class=\"elementor-heading-title elementor-size-default\">AFLatex Klebstoff f\u00fcr industrielle Anwendung mit einem Gummianteil von 60% (DRC)<\/h2>\t\t\t\t<\/div>\n\t\t\t\t<\/div>\n\t\t\t\t<div class=\"elementor-element elementor-element-39f30b8 elementor-invisible elementor-widget elementor-widget-text-editor\" data-id=\"39f30b8\" data-element_type=\"widget\" data-e-type=\"widget\" data-settings=\"{&quot;_animation&quot;:&quot;fadeIn&quot;,&quot;_animation_delay&quot;:200}\" data-widget_type=\"text-editor.default\">\n\t\t\t\t<div class=\"elementor-widget-container\">\n\t\t\t\t\t\t\t\t\t<p>Die Scherfestigkeit des AFLatex Klebstoff f\u00fcr industrielle Anwendung mit einem Gummianteil von 60% wurde mit einem im Handel erh\u00e4ltlichen Kautschukleim (mit Ammoniak) und zwei im Handel erh\u00e4ltlichen Klebstoffen f\u00fcr Leder auf Basis von Ethylacetat und L\u00f6sungsmitteln verglichen. Wie erkenntlich ist, erwies sich der AFLatex Klebstoff f\u00fcr industrielle Anwendung als st\u00e4rker als die beiden Klebstoffe mit L\u00f6sungsmitteln und zeigte sich auch dem Kautschukleim (mit Ammoniak) \u00fcberlegen.<\/p>\n\t\t\t\t\t\t\t\t<\/div>\n\t\t\t\t<\/div>\n\t\t\t\t\t<\/div>\n\t\t<\/div>\n\t\t\t\t<div class=\"elementor-column elementor-col-50 elementor-top-column elementor-element elementor-element-8d9ecff\" data-id=\"8d9ecff\" data-element_type=\"column\" data-e-type=\"column\">\n\t\t\t<div class=\"elementor-widget-wrap elementor-element-populated\">\n\t\t\t\t\t\t<div class=\"elementor-element elementor-element-3e49731 elementor-widget elementor-widget-image\" data-id=\"3e49731\" data-element_type=\"widget\" data-e-type=\"widget\" data-widget_type=\"image.default\">\n\t\t\t\t<div class=\"elementor-widget-container\">\n\t\t\t\t\t\t\t\t\t\t\t\t\t\t\t<img loading=\"lazy\" decoding=\"async\" width=\"658\" height=\"495\" src=\"https:\/\/aflatextechnologies.com\/wp-content\/uploads\/2023\/02\/AFLATEX-GLUE-LEATHER-60.png\" class=\"attachment-full size-full wp-image-1634\" alt=\"\" srcset=\"https:\/\/aflatextechnologies.com\/wp-content\/uploads\/2023\/02\/AFLATEX-GLUE-LEATHER-60.png 658w, https:\/\/aflatextechnologies.com\/wp-content\/uploads\/2023\/02\/AFLATEX-GLUE-LEATHER-60-300x226.png 300w\" sizes=\"(max-width: 658px) 100vw, 658px\" \/>\t\t\t\t\t\t\t\t\t\t\t\t\t\t\t<\/div>\n\t\t\t\t<\/div>\n\t\t\t\t\t<\/div>\n\t\t<\/div>\n\t\t\t\t\t<\/div>\n\t\t<\/section>\n\t\t\t\t<section class=\"elementor-section elementor-top-section elementor-element elementor-element-9e2752d elementor-section-content-middle elementor-section-boxed elementor-section-height-default elementor-section-height-default\" data-id=\"9e2752d\" data-element_type=\"section\" data-e-type=\"section\" data-settings=\"{&quot;background_background&quot;:&quot;classic&quot;,&quot;_ha_eqh_enable&quot;:false}\">\n\t\t\t\t\t\t<div class=\"elementor-container elementor-column-gap-default\">\n\t\t\t\t\t<div class=\"elementor-column elementor-col-50 elementor-top-column elementor-element elementor-element-2199b22\" data-id=\"2199b22\" data-element_type=\"column\" data-e-type=\"column\">\n\t\t\t<div class=\"elementor-widget-wrap elementor-element-populated\">\n\t\t\t\t\t\t<div class=\"elementor-element elementor-element-0dc8f27 elementor-widget elementor-widget-image\" data-id=\"0dc8f27\" data-element_type=\"widget\" data-e-type=\"widget\" data-widget_type=\"image.default\">\n\t\t\t\t<div class=\"elementor-widget-container\">\n\t\t\t\t\t\t\t\t\t\t\t\t\t\t\t<img loading=\"lazy\" decoding=\"async\" width=\"674\" height=\"538\" src=\"https:\/\/aflatextechnologies.com\/wp-content\/uploads\/2023\/02\/AFLATEX-GLUE-CARPET-60_.png\" class=\"attachment-full size-full wp-image-1638\" alt=\"\" srcset=\"https:\/\/aflatextechnologies.com\/wp-content\/uploads\/2023\/02\/AFLATEX-GLUE-CARPET-60_.png 674w, https:\/\/aflatextechnologies.com\/wp-content\/uploads\/2023\/02\/AFLATEX-GLUE-CARPET-60_-300x239.png 300w\" sizes=\"(max-width: 674px) 100vw, 674px\" \/>\t\t\t\t\t\t\t\t\t\t\t\t\t\t\t<\/div>\n\t\t\t\t<\/div>\n\t\t\t\t\t<\/div>\n\t\t<\/div>\n\t\t\t\t<div class=\"elementor-column elementor-col-50 elementor-top-column elementor-element elementor-element-0e5548a\" data-id=\"0e5548a\" data-element_type=\"column\" data-e-type=\"column\" data-settings=\"{&quot;background_background&quot;:&quot;classic&quot;}\">\n\t\t\t<div class=\"elementor-widget-wrap elementor-element-populated\">\n\t\t\t\t\t\t<div class=\"elementor-element elementor-element-1012ba2 elementor-invisible elementor-widget elementor-widget-text-editor\" data-id=\"1012ba2\" data-element_type=\"widget\" data-e-type=\"widget\" data-settings=\"{&quot;_animation&quot;:&quot;fadeIn&quot;,&quot;_animation_delay&quot;:200}\" data-widget_type=\"text-editor.default\">\n\t\t\t\t<div class=\"elementor-widget-container\">\n\t\t\t\t\t\t\t\t\t<p>Dar\u00fcber hinaus haben wir die Scherfestigkeit des AFLatex Klebstoffs f\u00fcr industrielle Anwendung auch mit einem im Handel erh\u00e4ltlichen Klebstoff f\u00fcr Fu\u00dfbodenbel\u00e4ge und Teppiche verglichen, wobei die Tests gem\u00e4\u00df der Norm D6004 durchgef\u00fchrt wurden.<\/p>\n<p>In der Abbildung links wird die Scherfestigkeit des AFLatex Klebstoffs f\u00fcr industrielle Anwendung mit dem anderen Klebstoff f\u00fcr Bodenbel\u00e4ge und Teppiche auf Basis von L\u00f6sungsmitteln verglichen. Es ist klar zu erkennen, dass der l\u00f6sungsmittelfreie AFLatex Klebstoff f\u00fcr industrielle Anwendung mit einem Gummianteil von 60 % st\u00e4rker klebt als der im Handel erh\u00e4ltliche Teppichklebstoff mit L\u00f6sungsmitteln.<\/p>\n\t\t\t\t\t\t\t\t<\/div>\n\t\t\t\t<\/div>\n\t\t\t\t\t<\/div>\n\t\t<\/div>\n\t\t\t\t\t<\/div>\n\t\t<\/section>\n\t\t\t\t<\/div>\n\t\t","protected":false},"excerpt":{"rendered":"<p>Klebstoffe aflatex Abbildung 1. Sch\u00e4lfestigkeitstest mit zwei Lederst\u00fccken Abbildung 2. Scherfestigkeitstest mit einem Teppich und Sperrholz Es werden zwei umweltfreundliche Klebstoffe mit AFLatex Technologie hergestellt: AFLatex Klebstoff f\u00fcr Haushalt und B\u00fcro mit einem Gummianteil von 35% und AFLatex Klebstoff f\u00fcr industrielle Anwendung mit einem Gummianteil von 60%. Um die Sch\u00e4lfestigkeit zu pr\u00fcfen, haben wir beide [&hellip;]<\/p>\n","protected":false},"author":1,"featured_media":0,"parent":0,"menu_order":0,"comment_status":"closed","ping_status":"closed","template":"","meta":{"footnotes":""},"class_list":["post-1756","page","type-page","status-publish","hentry"],"_links":{"self":[{"href":"https:\/\/aflatextechnologies.com\/de\/wp-json\/wp\/v2\/pages\/1756","targetHints":{"allow":["GET"]}}],"collection":[{"href":"https:\/\/aflatextechnologies.com\/de\/wp-json\/wp\/v2\/pages"}],"about":[{"href":"https:\/\/aflatextechnologies.com\/de\/wp-json\/wp\/v2\/types\/page"}],"author":[{"embeddable":true,"href":"https:\/\/aflatextechnologies.com\/de\/wp-json\/wp\/v2\/users\/1"}],"replies":[{"embeddable":true,"href":"https:\/\/aflatextechnologies.com\/de\/wp-json\/wp\/v2\/comments?post=1756"}],"version-history":[{"count":1,"href":"https:\/\/aflatextechnologies.com\/de\/wp-json\/wp\/v2\/pages\/1756\/revisions"}],"predecessor-version":[{"id":1757,"href":"https:\/\/aflatextechnologies.com\/de\/wp-json\/wp\/v2\/pages\/1756\/revisions\/1757"}],"wp:attachment":[{"href":"https:\/\/aflatextechnologies.com\/de\/wp-json\/wp\/v2\/media?parent=1756"}],"curies":[{"name":"wp","href":"https:\/\/api.w.org\/{rel}","templated":true}]}}