{"id":2357,"date":"2023-11-27T10:25:57","date_gmt":"2023-11-27T10:25:57","guid":{"rendered":"https:\/\/aflatextechnologies.com\/ueber-uns\/"},"modified":"2025-07-22T10:23:27","modified_gmt":"2025-07-22T09:23:27","slug":"ueber-uns","status":"publish","type":"page","link":"https:\/\/aflatextechnologies.com\/de\/ueber-uns\/","title":{"rendered":"\u00dcber uns"},"content":{"rendered":"\t\t<div data-elementor-type=\"wp-page\" data-elementor-id=\"2357\" class=\"elementor elementor-2357 elementor-2004\" data-elementor-settings=\"{&quot;ha_cmc_init_switcher&quot;:&quot;no&quot;}\" data-elementor-post-type=\"page\">\n\t\t\t\t\t\t<section class=\"elementor-section elementor-top-section elementor-element elementor-element-43b67095 elementor-section-boxed elementor-section-height-default elementor-section-height-default\" data-id=\"43b67095\" data-element_type=\"section\" data-e-type=\"section\" data-settings=\"{&quot;background_background&quot;:&quot;classic&quot;,&quot;_ha_eqh_enable&quot;:false}\">\n\t\t\t\t\t\t\t<div class=\"elementor-background-overlay\"><\/div>\n\t\t\t\t\t\t\t<div class=\"elementor-container elementor-column-gap-default\">\n\t\t\t\t\t<div class=\"elementor-column elementor-col-100 elementor-top-column elementor-element elementor-element-136f9e76\" data-id=\"136f9e76\" data-element_type=\"column\" data-e-type=\"column\" data-settings=\"{&quot;background_background&quot;:&quot;classic&quot;}\">\n\t\t\t<div class=\"elementor-widget-wrap elementor-element-populated\">\n\t\t\t\t\t\t<div class=\"elementor-element elementor-element-1d8e6eac elementor-widget elementor-widget-heading\" data-id=\"1d8e6eac\" data-element_type=\"widget\" data-e-type=\"widget\" data-widget_type=\"heading.default\">\n\t\t\t\t<div class=\"elementor-widget-container\">\n\t\t\t\t\t<h2 class=\"elementor-heading-title elementor-size-default\">\u00dcber uns<\/h2>\t\t\t\t<\/div>\n\t\t\t\t<\/div>\n\t\t\t\t<div class=\"elementor-element elementor-element-fe1e5fe elementor-hidden-tablet elementor-hidden-phone elementor-invisible elementor-widget elementor-widget-ha-gradient-heading happy-addon ha-gradient-heading\" data-id=\"fe1e5fe\" data-element_type=\"widget\" data-e-type=\"widget\" data-settings=\"{&quot;_animation&quot;:&quot;fadeIn&quot;,&quot;_animation_delay&quot;:250}\" data-widget_type=\"ha-gradient-heading.default\">\n\t\t\t\t<div class=\"elementor-widget-container\">\n\t\t\t\t\t<h2 class=\"ha-gradient-heading\">aflatex<\/h2>\t\t\t\t<\/div>\n\t\t\t\t<\/div>\n\t\t\t\t\t<\/div>\n\t\t<\/div>\n\t\t\t\t\t<\/div>\n\t\t<\/section>\n\t\t\t\t<section class=\"elementor-section elementor-top-section elementor-element elementor-element-4840d42 elementor-section-boxed elementor-section-height-default elementor-section-height-default\" data-id=\"4840d42\" data-element_type=\"section\" data-e-type=\"section\" data-settings=\"{&quot;_ha_eqh_enable&quot;:false}\">\n\t\t\t\t\t\t<div class=\"elementor-container elementor-column-gap-default\">\n\t\t\t\t\t<div class=\"elementor-column elementor-col-100 elementor-top-column elementor-element elementor-element-566158df\" data-id=\"566158df\" data-element_type=\"column\" data-e-type=\"column\" data-settings=\"{&quot;background_background&quot;:&quot;classic&quot;}\">\n\t\t\t<div class=\"elementor-widget-wrap elementor-element-populated\">\n\t\t\t\t\t\t<div class=\"elementor-element elementor-element-6a48d10a elementor-invisible elementor-widget elementor-widget-heading\" data-id=\"6a48d10a\" data-element_type=\"widget\" data-e-type=\"widget\" data-settings=\"{&quot;_animation&quot;:&quot;fadeIn&quot;}\" data-widget_type=\"heading.default\">\n\t\t\t\t<div class=\"elementor-widget-container\">\n\t\t\t\t\t<h6 class=\"elementor-heading-title elementor-size-default\">\u00dcBER UNS<\/h6>\t\t\t\t<\/div>\n\t\t\t\t<\/div>\n\t\t\t\t<div class=\"elementor-element elementor-element-31d0f85b elementor-invisible elementor-widget elementor-widget-heading\" data-id=\"31d0f85b\" data-element_type=\"widget\" data-e-type=\"widget\" data-settings=\"{&quot;_animation_delay&quot;:100,&quot;_animation&quot;:&quot;fadeInUp&quot;}\" data-widget_type=\"heading.default\">\n\t\t\t\t<div class=\"elementor-widget-container\">\n\t\t\t\t\t<h2 class=\"elementor-heading-title elementor-size-default\">Unser Team<\/h2>\t\t\t\t<\/div>\n\t\t\t\t<\/div>\n\t\t\t\t<section class=\"elementor-section elementor-inner-section elementor-element elementor-element-8d039c3 elementor-section-content-middle elementor-section-boxed elementor-section-height-default elementor-section-height-default elementor-invisible\" data-id=\"8d039c3\" data-element_type=\"section\" data-e-type=\"section\" data-settings=\"{&quot;animation&quot;:&quot;fadeInLeft&quot;,&quot;_ha_eqh_enable&quot;:false}\">\n\t\t\t\t\t\t<div class=\"elementor-container elementor-column-gap-default\">\n\t\t\t\t\t<div class=\"elementor-column elementor-col-50 elementor-inner-column elementor-element elementor-element-5e9c534\" data-id=\"5e9c534\" data-element_type=\"column\" data-e-type=\"column\">\n\t\t\t<div class=\"elementor-widget-wrap elementor-element-populated\">\n\t\t\t\t\t\t<div class=\"elementor-element elementor-element-95bdd3d elementor-widget elementor-widget-image\" data-id=\"95bdd3d\" data-element_type=\"widget\" data-e-type=\"widget\" data-widget_type=\"image.default\">\n\t\t\t\t<div class=\"elementor-widget-container\">\n\t\t\t\t\t\t\t\t\t\t\t\t\t\t\t<img fetchpriority=\"high\" decoding=\"async\" width=\"800\" height=\"795\" src=\"https:\/\/aflatextechnologies.com\/wp-content\/uploads\/2023\/11\/Julio-Photo.webp\" class=\"attachment-large size-large wp-image-2023\" alt=\"\" srcset=\"https:\/\/aflatextechnologies.com\/wp-content\/uploads\/2023\/11\/Julio-Photo.webp 966w, https:\/\/aflatextechnologies.com\/wp-content\/uploads\/2023\/11\/Julio-Photo-300x298.webp 300w, https:\/\/aflatextechnologies.com\/wp-content\/uploads\/2023\/11\/Julio-Photo-150x150.webp 150w, https:\/\/aflatextechnologies.com\/wp-content\/uploads\/2023\/11\/Julio-Photo-768x763.webp 768w\" sizes=\"(max-width: 800px) 100vw, 800px\" \/>\t\t\t\t\t\t\t\t\t\t\t\t\t\t\t<\/div>\n\t\t\t\t<\/div>\n\t\t\t\t\t<\/div>\n\t\t<\/div>\n\t\t\t\t<div class=\"elementor-column elementor-col-50 elementor-inner-column elementor-element elementor-element-c3efbbf\" data-id=\"c3efbbf\" data-element_type=\"column\" data-e-type=\"column\">\n\t\t\t<div class=\"elementor-widget-wrap elementor-element-populated\">\n\t\t\t\t\t\t<div class=\"elementor-element elementor-element-d9cb5f3 elementor-widget elementor-widget-heading\" data-id=\"d9cb5f3\" data-element_type=\"widget\" data-e-type=\"widget\" data-widget_type=\"heading.default\">\n\t\t\t\t<div class=\"elementor-widget-container\">\n\t\t\t\t\t<h2 class=\"elementor-heading-title elementor-size-default\">Julio Cesar Rodriguez<\/h2>\t\t\t\t<\/div>\n\t\t\t\t<\/div>\n\t\t\t\t<div class=\"elementor-element elementor-element-e51617c elementor-widget elementor-widget-heading\" data-id=\"e51617c\" data-element_type=\"widget\" data-e-type=\"widget\" data-widget_type=\"heading.default\">\n\t\t\t\t<div class=\"elementor-widget-container\">\n\t\t\t\t\t<h2 class=\"elementor-heading-title elementor-size-default\">Gr\u00fcnder und CSO<\/h2>\t\t\t\t<\/div>\n\t\t\t\t<\/div>\n\t\t\t\t<div class=\"elementor-element elementor-element-7c30ad1 elementor-widget elementor-widget-text-editor\" data-id=\"7c30ad1\" data-element_type=\"widget\" data-e-type=\"widget\" data-widget_type=\"text-editor.default\">\n\t\t\t\t<div class=\"elementor-widget-container\">\n\t\t\t\t\t\t\t\t\t<p>Julio C\u00e9sar Rodr\u00edguez ist Chemieingenieur mit 35 Jahren Erfahrung in der \u00d6l-, Gas- und Gummiindustrie. W\u00e4hrend seiner gesamten Laufbahn leitete er Forschungs- und Entwicklungsgruppen, die sich mit Schwer\u00f6l, Korrosionsschutz, Verfahren, Wasseraufbereitung, chemischen Oberfl\u00e4chenbehandlungen und Qualit\u00e4t bei verschiedenen Unternehmen wie NALCO, HOECHST und BASF befassten. Seine Arbeit hat zu Patenten gef\u00fchrt, und er ist regelm\u00e4\u00dfiger Referent bei Schulungskursen in Lateinamerika. Er ist Gr\u00fcnder, Eigent\u00fcmer, Pr\u00e4sident und wissenschaftlicher Leiter von SOAN Laboratorios S.A.S., einem Unternehmen, das sich der wissenschaftlichen Forschung im Bereich der physikalisch-chemischen Wissenschaften widmet, und Inhaber der eingetragenen Marke AFLatex.   <\/p>\t\t\t\t\t\t\t\t<\/div>\n\t\t\t\t<\/div>\n\t\t\t\t\t<\/div>\n\t\t<\/div>\n\t\t\t\t\t<\/div>\n\t\t<\/section>\n\t\t\t\t<section class=\"elementor-section elementor-inner-section elementor-element elementor-element-b470be7 elementor-section-content-middle elementor-reverse-mobile elementor-section-boxed elementor-section-height-default elementor-section-height-default elementor-invisible\" data-id=\"b470be7\" data-element_type=\"section\" data-e-type=\"section\" data-settings=\"{&quot;animation&quot;:&quot;fadeInRight&quot;,&quot;_ha_eqh_enable&quot;:false}\">\n\t\t\t\t\t\t<div class=\"elementor-container elementor-column-gap-default\">\n\t\t\t\t\t<div class=\"elementor-column elementor-col-50 elementor-inner-column elementor-element elementor-element-c89060a\" data-id=\"c89060a\" data-element_type=\"column\" data-e-type=\"column\">\n\t\t\t<div class=\"elementor-widget-wrap elementor-element-populated\">\n\t\t\t\t\t\t<div class=\"elementor-element elementor-element-03fd13c elementor-widget elementor-widget-heading\" data-id=\"03fd13c\" data-element_type=\"widget\" data-e-type=\"widget\" data-widget_type=\"heading.default\">\n\t\t\t\t<div class=\"elementor-widget-container\">\n\t\t\t\t\t<h2 class=\"elementor-heading-title elementor-size-default\">Prof. Tim A Osswald\n<\/h2>\t\t\t\t<\/div>\n\t\t\t\t<\/div>\n\t\t\t\t<div class=\"elementor-element elementor-element-804d65a elementor-widget elementor-widget-heading\" data-id=\"804d65a\" data-element_type=\"widget\" data-e-type=\"widget\" data-widget_type=\"heading.default\">\n\t\t\t\t<div class=\"elementor-widget-container\">\n\t\t\t\t\t<h2 class=\"elementor-heading-title elementor-size-default\">CEO<\/h2>\t\t\t\t<\/div>\n\t\t\t\t<\/div>\n\t\t\t\t<div class=\"elementor-element elementor-element-d621e86 elementor-widget elementor-widget-text-editor\" data-id=\"d621e86\" data-element_type=\"widget\" data-e-type=\"widget\" data-widget_type=\"text-editor.default\">\n\t\t\t\t<div class=\"elementor-widget-container\">\n\t\t\t\t\t\t\t\t\t<p>Prof. Tim A. Osswald ist Co-Direktor des Polymer Engineering Center an der University of Wisconsin-Madison, wo er seit \u00fcber 30 Jahren auf dem Gebiet der Polymertechnik lehrt und forscht. Er ist au\u00dferdem Honorarprofessor an der Universit\u00e4t Erlangen-N\u00fcrnberg in Deutschland und an der Nationalen Universit\u00e4t in Bogot\u00e1, Kolumbien. Er ist Mitglied des Beirats der Lateinamerikanischen Gesellschaft f\u00fcr Kautschuktechnologie (SLTC) und besitzt und betreibt mit seiner Familie eine Kautschukplantage in Kolumbien. Er ist Autor von \u00fcber 400 Fachartikeln und einem Dutzend B\u00fcchern auf dem Gebiet der Polymertechnik. Professor Osswald ist Mitglied des wissenschaftlichen Beirats von SABIC und war Berater des kolumbianischen Pr\u00e4sidenten bei der Schaffung eines Ministeriums f\u00fcr Wissenschaft und Technologie.    <\/p>\t\t\t\t\t\t\t\t<\/div>\n\t\t\t\t<\/div>\n\t\t\t\t\t<\/div>\n\t\t<\/div>\n\t\t\t\t<div class=\"elementor-column elementor-col-50 elementor-inner-column elementor-element elementor-element-cd27630\" data-id=\"cd27630\" data-element_type=\"column\" data-e-type=\"column\">\n\t\t\t<div class=\"elementor-widget-wrap elementor-element-populated\">\n\t\t\t\t\t\t<div class=\"elementor-element elementor-element-72fe27d elementor-widget elementor-widget-image\" data-id=\"72fe27d\" data-element_type=\"widget\" data-e-type=\"widget\" data-widget_type=\"image.default\">\n\t\t\t\t<div class=\"elementor-widget-container\">\n\t\t\t\t\t\t\t\t\t\t\t\t\t\t\t<img decoding=\"async\" width=\"800\" height=\"798\" src=\"https:\/\/aflatextechnologies.com\/wp-content\/uploads\/2023\/11\/Osswald-Photo.webp\" class=\"attachment-large size-large wp-image-2028\" alt=\"\" srcset=\"https:\/\/aflatextechnologies.com\/wp-content\/uploads\/2023\/11\/Osswald-Photo.webp 960w, https:\/\/aflatextechnologies.com\/wp-content\/uploads\/2023\/11\/Osswald-Photo-300x300.webp 300w, https:\/\/aflatextechnologies.com\/wp-content\/uploads\/2023\/11\/Osswald-Photo-150x150.webp 150w, https:\/\/aflatextechnologies.com\/wp-content\/uploads\/2023\/11\/Osswald-Photo-768x766.webp 768w\" sizes=\"(max-width: 800px) 100vw, 800px\" \/>\t\t\t\t\t\t\t\t\t\t\t\t\t\t\t<\/div>\n\t\t\t\t<\/div>\n\t\t\t\t\t<\/div>\n\t\t<\/div>\n\t\t\t\t\t<\/div>\n\t\t<\/section>\n\t\t\t\t<section class=\"elementor-section elementor-inner-section elementor-element elementor-element-6ef79b8 elementor-section-content-middle elementor-reverse-mobile elementor-section-boxed elementor-section-height-default elementor-section-height-default elementor-invisible\" data-id=\"6ef79b8\" data-element_type=\"section\" data-e-type=\"section\" data-settings=\"{&quot;animation&quot;:&quot;fadeInRight&quot;,&quot;_ha_eqh_enable&quot;:false}\">\n\t\t\t\t\t\t<div class=\"elementor-container elementor-column-gap-default\">\n\t\t\t\t\t<div class=\"elementor-column elementor-col-50 elementor-inner-column elementor-element elementor-element-b8c0bdd\" data-id=\"b8c0bdd\" data-element_type=\"column\" data-e-type=\"column\">\n\t\t\t<div class=\"elementor-widget-wrap elementor-element-populated\">\n\t\t\t\t\t\t<div class=\"elementor-element elementor-element-d541de7 elementor-widget elementor-widget-image\" data-id=\"d541de7\" data-element_type=\"widget\" data-e-type=\"widget\" data-widget_type=\"image.default\">\n\t\t\t\t<div class=\"elementor-widget-container\">\n\t\t\t\t\t\t\t\t\t\t\t\t\t\t\t<img decoding=\"async\" width=\"768\" height=\"1024\" src=\"https:\/\/aflatextechnologies.com\/wp-content\/uploads\/2025\/07\/Eric-Adler-Photo-768x1024.jpg\" class=\"attachment-large size-large wp-image-2423\" alt=\"\" srcset=\"https:\/\/aflatextechnologies.com\/wp-content\/uploads\/2025\/07\/Eric-Adler-Photo-768x1024.jpg 768w, https:\/\/aflatextechnologies.com\/wp-content\/uploads\/2025\/07\/Eric-Adler-Photo-225x300.jpg 225w, https:\/\/aflatextechnologies.com\/wp-content\/uploads\/2025\/07\/Eric-Adler-Photo-1152x1536.jpg 1152w, https:\/\/aflatextechnologies.com\/wp-content\/uploads\/2025\/07\/Eric-Adler-Photo.jpg 1536w\" sizes=\"(max-width: 768px) 100vw, 768px\" \/>\t\t\t\t\t\t\t\t\t\t\t\t\t\t\t<\/div>\n\t\t\t\t<\/div>\n\t\t\t\t\t<\/div>\n\t\t<\/div>\n\t\t\t\t<div class=\"elementor-column elementor-col-50 elementor-inner-column elementor-element elementor-element-2aa63a5\" data-id=\"2aa63a5\" data-element_type=\"column\" data-e-type=\"column\">\n\t\t\t<div class=\"elementor-widget-wrap elementor-element-populated\">\n\t\t\t\t\t\t<div class=\"elementor-element elementor-element-e306e18 elementor-widget elementor-widget-heading\" data-id=\"e306e18\" data-element_type=\"widget\" data-e-type=\"widget\" data-widget_type=\"heading.default\">\n\t\t\t\t<div class=\"elementor-widget-container\">\n\t\t\t\t\t<h2 class=\"elementor-heading-title elementor-size-default\">Eric P Adler<\/h2>\t\t\t\t<\/div>\n\t\t\t\t<\/div>\n\t\t\t\t<div class=\"elementor-element elementor-element-c55cb37 elementor-widget elementor-widget-heading\" data-id=\"c55cb37\" data-element_type=\"widget\" data-e-type=\"widget\" data-widget_type=\"heading.default\">\n\t\t\t\t<div class=\"elementor-widget-container\">\n\t\t\t\t\t<h2 class=\"elementor-heading-title elementor-size-default\">CFO<\/h2>\t\t\t\t<\/div>\n\t\t\t\t<\/div>\n\t\t\t\t<div class=\"elementor-element elementor-element-2b48b4f elementor-widget elementor-widget-text-editor\" data-id=\"2b48b4f\" data-element_type=\"widget\" data-e-type=\"widget\" data-widget_type=\"text-editor.default\">\n\t\t\t\t<div class=\"elementor-widget-container\">\n\t\t\t\t\t\t\t\t\t<p>Eric Adler verf\u00fcgt \u00fcber 12 Jahre Erfahrung in der Finanzbranche und bietet seinen Kunden Verm\u00f6gensverwaltungs-, Steuer- und Finanzberatungsdienste an. Derzeit ist er Inhaber und Gr\u00fcnder von Adler Financial LLC, einer registrierten Anlageberatungsfirma (RIA), die neben der Verm\u00f6gensverwaltung auch pers\u00f6nliche und gesch\u00e4ftliche Planung und Beratung anbietet. Er hat viele Kunden bei finanziellen, steuerlichen und strukturellen Entscheidungen in Bezug auf ihre Gesch\u00e4ftsaktivit\u00e4ten unterst\u00fctzt. Eric ist auch ein vom Internal Revenue Service (IRS) der Vereinigten Staaten von Amerika anerkannter Enrolled Agent. Er bietet seinen Kunden \u00fcber seine Firma Adler Financial LLC Steuerplanung, -vorbereitung und -ablage sowie Vertretungsdienste an.    <\/p>\t\t\t\t\t\t\t\t<\/div>\n\t\t\t\t<\/div>\n\t\t\t\t\t<\/div>\n\t\t<\/div>\n\t\t\t\t\t<\/div>\n\t\t<\/section>\n\t\t\t\t<section class=\"elementor-section elementor-inner-section elementor-element elementor-element-5aa89c0 elementor-section-content-middle elementor-section-boxed elementor-section-height-default elementor-section-height-default elementor-invisible\" data-id=\"5aa89c0\" data-element_type=\"section\" data-e-type=\"section\" data-settings=\"{&quot;animation&quot;:&quot;fadeInLeft&quot;,&quot;_ha_eqh_enable&quot;:false}\">\n\t\t\t\t\t\t<div class=\"elementor-container elementor-column-gap-default\">\n\t\t\t\t\t<div class=\"elementor-column elementor-col-50 elementor-inner-column elementor-element elementor-element-101e645\" data-id=\"101e645\" data-element_type=\"column\" data-e-type=\"column\">\n\t\t\t<div class=\"elementor-widget-wrap elementor-element-populated\">\n\t\t\t\t\t\t<div class=\"elementor-element elementor-element-91c9964 elementor-widget elementor-widget-heading\" data-id=\"91c9964\" data-element_type=\"widget\" data-e-type=\"widget\" data-widget_type=\"heading.default\">\n\t\t\t\t<div class=\"elementor-widget-container\">\n\t\t\t\t\t<h2 class=\"elementor-heading-title elementor-size-default\">Allen J Roman<\/h2>\t\t\t\t<\/div>\n\t\t\t\t<\/div>\n\t\t\t\t<div class=\"elementor-element elementor-element-c9c1999 elementor-widget elementor-widget-heading\" data-id=\"c9c1999\" data-element_type=\"widget\" data-e-type=\"widget\" data-widget_type=\"heading.default\">\n\t\t\t\t<div class=\"elementor-widget-container\">\n\t\t\t\t\t<h2 class=\"elementor-heading-title elementor-size-default\">CTO<\/h2>\t\t\t\t<\/div>\n\t\t\t\t<\/div>\n\t\t\t\t<div class=\"elementor-element elementor-element-7864b98 elementor-widget elementor-widget-text-editor\" data-id=\"7864b98\" data-element_type=\"widget\" data-e-type=\"widget\" data-widget_type=\"text-editor.default\">\n\t\t\t\t<div class=\"elementor-widget-container\">\n\t\t\t\t\t\t\t\t\t<p>Allen Jonathan Rom\u00e1n ist Chefingenieur des Polymer Engineering Center an der University of Wisconsin-Madison, wo er alle polymertechnischen Forschungsprojekte mitbetreut und als Post-Doc am Argonne National Laboratory forscht. Er arbeitet an der Verschmelzung von k\u00fcnstlicher Intelligenz und Polymerwissenschaft zur Beschleunigung der Materialentwicklung, einschlie\u00dflich Naturkautschukformulierungen, und zur Erleichterung der Entwicklung intelligenter Fertigungssysteme. Seine Arbeit hat zu einem neuartigen 3D-Drucker-Patent, mehreren weltweit anerkannten wissenschaftlichen Ver\u00f6ffentlichungen und zahlreichen Konferenzpr\u00e4sentationen gef\u00fchrt. Er hat sich das Vertrauen der Industrie als Gutachter f\u00fcr zahlreiche wissenschaftliche Zeitschriften erworben und ist Mitglied des wissenschaftlichen Ausschusses f\u00fcr maschinelles Lernen f\u00fcr die Jahreskonferenz der Polymer Processing Society.   <\/p>\t\t\t\t\t\t\t\t<\/div>\n\t\t\t\t<\/div>\n\t\t\t\t\t<\/div>\n\t\t<\/div>\n\t\t\t\t<div class=\"elementor-column elementor-col-50 elementor-inner-column elementor-element elementor-element-46811a0\" data-id=\"46811a0\" data-element_type=\"column\" data-e-type=\"column\">\n\t\t\t<div class=\"elementor-widget-wrap elementor-element-populated\">\n\t\t\t\t\t\t<div class=\"elementor-element elementor-element-f1aa526 elementor-widget elementor-widget-image\" data-id=\"f1aa526\" data-element_type=\"widget\" data-e-type=\"widget\" data-widget_type=\"image.default\">\n\t\t\t\t<div class=\"elementor-widget-container\">\n\t\t\t\t\t\t\t\t\t\t\t\t\t\t\t<img loading=\"lazy\" decoding=\"async\" width=\"800\" height=\"800\" src=\"https:\/\/aflatextechnologies.com\/wp-content\/uploads\/2023\/11\/Allen-Photo.webp\" class=\"attachment-large size-large wp-image-2008\" alt=\"\" srcset=\"https:\/\/aflatextechnologies.com\/wp-content\/uploads\/2023\/11\/Allen-Photo.webp 960w, https:\/\/aflatextechnologies.com\/wp-content\/uploads\/2023\/11\/Allen-Photo-300x300.webp 300w, https:\/\/aflatextechnologies.com\/wp-content\/uploads\/2023\/11\/Allen-Photo-150x150.webp 150w, https:\/\/aflatextechnologies.com\/wp-content\/uploads\/2023\/11\/Allen-Photo-768x768.webp 768w\" sizes=\"(max-width: 800px) 100vw, 800px\" \/>\t\t\t\t\t\t\t\t\t\t\t\t\t\t\t<\/div>\n\t\t\t\t<\/div>\n\t\t\t\t\t<\/div>\n\t\t<\/div>\n\t\t\t\t\t<\/div>\n\t\t<\/section>\n\t\t\t\t\t<\/div>\n\t\t<\/div>\n\t\t\t\t\t<\/div>\n\t\t<\/section>\n\t\t\t\t<section class=\"elementor-section elementor-top-section elementor-element elementor-element-4ec9570f elementor-section-boxed elementor-section-height-default elementor-section-height-default\" data-id=\"4ec9570f\" data-element_type=\"section\" data-e-type=\"section\" data-settings=\"{&quot;background_background&quot;:&quot;classic&quot;,&quot;_ha_eqh_enable&quot;:false}\">\n\t\t\t\t\t\t\t<div class=\"elementor-background-overlay\"><\/div>\n\t\t\t\t\t\t\t<div class=\"elementor-container elementor-column-gap-default\">\n\t\t\t\t\t<div class=\"elementor-column elementor-col-50 elementor-top-column elementor-element elementor-element-4a08b23c\" data-id=\"4a08b23c\" data-element_type=\"column\" data-e-type=\"column\" data-settings=\"{&quot;background_background&quot;:&quot;classic&quot;}\">\n\t\t\t<div class=\"elementor-widget-wrap elementor-element-populated\">\n\t\t\t\t\t\t<div class=\"elementor-element elementor-element-432b862f elementor-widget elementor-widget-heading\" data-id=\"432b862f\" data-element_type=\"widget\" data-e-type=\"widget\" data-widget_type=\"heading.default\">\n\t\t\t\t<div class=\"elementor-widget-container\">\n\t\t\t\t\t<h2 class=\"elementor-heading-title elementor-size-default\">M\u00f6chten Sie mehr<br>\u00fcber AFLatex Technology erfahren?<\/h2>\t\t\t\t<\/div>\n\t\t\t\t<\/div>\n\t\t\t\t\t<\/div>\n\t\t<\/div>\n\t\t\t\t<div class=\"elementor-column elementor-col-50 elementor-top-column elementor-element elementor-element-5c4be668\" data-id=\"5c4be668\" data-element_type=\"column\" data-e-type=\"column\" data-settings=\"{&quot;background_background&quot;:&quot;classic&quot;}\">\n\t\t\t<div class=\"elementor-widget-wrap elementor-element-populated\">\n\t\t\t\t\t\t<div class=\"elementor-element elementor-element-bb78e84 elementor-widget__width-initial elementor-absolute elementor-hidden-mobile elementor-invisible elementor-widget elementor-widget-image\" data-id=\"bb78e84\" data-element_type=\"widget\" data-e-type=\"widget\" data-settings=\"{&quot;_position&quot;:&quot;absolute&quot;,&quot;_animation&quot;:&quot;fadeIn&quot;}\" data-widget_type=\"image.default\">\n\t\t\t\t<div class=\"elementor-widget-container\">\n\t\t\t\t\t\t\t\t\t\t\t\t\t\t\t<img loading=\"lazy\" decoding=\"async\" width=\"800\" height=\"995\" src=\"https:\/\/aflatextechnologies.com\/wp-content\/uploads\/2023\/03\/hevea-brasiliensis-leaf_aflatex-823x1024.webp\" class=\"attachment-large size-large wp-image-1662\" alt=\"\" srcset=\"https:\/\/aflatextechnologies.com\/wp-content\/uploads\/2023\/03\/hevea-brasiliensis-leaf_aflatex-823x1024.webp 823w, https:\/\/aflatextechnologies.com\/wp-content\/uploads\/2023\/03\/hevea-brasiliensis-leaf_aflatex-241x300.webp 241w, https:\/\/aflatextechnologies.com\/wp-content\/uploads\/2023\/03\/hevea-brasiliensis-leaf_aflatex-768x956.webp 768w, https:\/\/aflatextechnologies.com\/wp-content\/uploads\/2023\/03\/hevea-brasiliensis-leaf_aflatex.webp 900w\" sizes=\"(max-width: 800px) 100vw, 800px\" \/>\t\t\t\t\t\t\t\t\t\t\t\t\t\t\t<\/div>\n\t\t\t\t<\/div>\n\t\t\t\t<div class=\"elementor-element elementor-element-395d8a11 elementor-align-right elementor-mobile-align-left elementor-widget elementor-widget-button\" data-id=\"395d8a11\" data-element_type=\"widget\" data-e-type=\"widget\" data-widget_type=\"button.default\">\n\t\t\t\t<div class=\"elementor-widget-container\">\n\t\t\t\t\t\t\t\t\t<div class=\"elementor-button-wrapper\">\n\t\t\t\t\t<a class=\"elementor-button elementor-button-link elementor-size-md\" href=\"https:\/\/aflatextechnologies.com\/de\/kontakte\/\">\n\t\t\t\t\t\t<span class=\"elementor-button-content-wrapper\">\n\t\t\t\t\t\t\t\t\t<span class=\"elementor-button-text\">Sprechen Sie mit uns<\/span>\n\t\t\t\t\t<\/span>\n\t\t\t\t\t<\/a>\n\t\t\t\t<\/div>\n\t\t\t\t\t\t\t\t<\/div>\n\t\t\t\t<\/div>\n\t\t\t\t\t<\/div>\n\t\t<\/div>\n\t\t\t\t\t<\/div>\n\t\t<\/section>\n\t\t\t\t<\/div>\n\t\t","protected":false},"excerpt":{"rendered":"<p>\u00dcber uns aflatex \u00dcBER UNS Unser Team Julio Cesar Rodriguez Gr\u00fcnder und CSO Julio C\u00e9sar Rodr\u00edguez ist Chemieingenieur mit 35 Jahren Erfahrung in der \u00d6l-, Gas- und Gummiindustrie. W\u00e4hrend seiner gesamten Laufbahn leitete er Forschungs- und Entwicklungsgruppen, die sich mit Schwer\u00f6l, Korrosionsschutz, Verfahren, Wasseraufbereitung, chemischen Oberfl\u00e4chenbehandlungen und Qualit\u00e4t bei verschiedenen Unternehmen wie NALCO, HOECHST und [&hellip;]<\/p>\n","protected":false},"author":1,"featured_media":0,"parent":0,"menu_order":0,"comment_status":"closed","ping_status":"closed","template":"","meta":{"footnotes":""},"class_list":["post-2357","page","type-page","status-publish","hentry"],"_links":{"self":[{"href":"https:\/\/aflatextechnologies.com\/de\/wp-json\/wp\/v2\/pages\/2357","targetHints":{"allow":["GET"]}}],"collection":[{"href":"https:\/\/aflatextechnologies.com\/de\/wp-json\/wp\/v2\/pages"}],"about":[{"href":"https:\/\/aflatextechnologies.com\/de\/wp-json\/wp\/v2\/types\/page"}],"author":[{"embeddable":true,"href":"https:\/\/aflatextechnologies.com\/de\/wp-json\/wp\/v2\/users\/1"}],"replies":[{"embeddable":true,"href":"https:\/\/aflatextechnologies.com\/de\/wp-json\/wp\/v2\/comments?post=2357"}],"version-history":[{"count":4,"href":"https:\/\/aflatextechnologies.com\/de\/wp-json\/wp\/v2\/pages\/2357\/revisions"}],"predecessor-version":[{"id":2452,"href":"https:\/\/aflatextechnologies.com\/de\/wp-json\/wp\/v2\/pages\/2357\/revisions\/2452"}],"wp:attachment":[{"href":"https:\/\/aflatextechnologies.com\/de\/wp-json\/wp\/v2\/media?parent=2357"}],"curies":[{"name":"wp","href":"https:\/\/api.w.org\/{rel}","templated":true}]}}