{"id":1745,"date":"2023-03-08T09:14:35","date_gmt":"2023-03-08T09:14:35","guid":{"rendered":"https:\/\/aflatextechnologies.com\/espumas\/"},"modified":"2023-04-18T16:26:31","modified_gmt":"2023-04-18T16:26:31","slug":"espumas","status":"publish","type":"page","link":"https:\/\/aflatextechnologies.com\/es\/espumas\/","title":{"rendered":"Espumas"},"content":{"rendered":"\t\t<div data-elementor-type=\"wp-page\" data-elementor-id=\"1745\" class=\"elementor elementor-1745 elementor-1247\" data-elementor-settings=\"{&quot;ha_cmc_init_switcher&quot;:&quot;no&quot;}\" data-elementor-post-type=\"page\">\n\t\t\t\t\t\t<section class=\"elementor-section elementor-top-section elementor-element elementor-element-34a96d6 elementor-section-boxed elementor-section-height-default elementor-section-height-default\" data-id=\"34a96d6\" data-element_type=\"section\" data-e-type=\"section\" data-settings=\"{&quot;background_background&quot;:&quot;classic&quot;,&quot;_ha_eqh_enable&quot;:false}\">\n\t\t\t\t\t\t\t<div class=\"elementor-background-overlay\"><\/div>\n\t\t\t\t\t\t\t<div class=\"elementor-container elementor-column-gap-default\">\n\t\t\t\t\t<div class=\"elementor-column elementor-col-100 elementor-top-column elementor-element elementor-element-e152823\" data-id=\"e152823\" data-element_type=\"column\" data-e-type=\"column\" data-settings=\"{&quot;background_background&quot;:&quot;classic&quot;}\">\n\t\t\t<div class=\"elementor-widget-wrap elementor-element-populated\">\n\t\t\t\t\t\t<div class=\"elementor-element elementor-element-11a01b8 elementor-widget elementor-widget-heading\" data-id=\"11a01b8\" data-element_type=\"widget\" data-e-type=\"widget\" data-widget_type=\"heading.default\">\n\t\t\t\t<div class=\"elementor-widget-container\">\n\t\t\t\t\t<h2 class=\"elementor-heading-title elementor-size-default\">Espumas<\/h2>\t\t\t\t<\/div>\n\t\t\t\t<\/div>\n\t\t\t\t<div class=\"elementor-element elementor-element-7270030 elementor-hidden-tablet elementor-hidden-phone elementor-invisible elementor-widget elementor-widget-ha-gradient-heading happy-addon ha-gradient-heading\" data-id=\"7270030\" data-element_type=\"widget\" data-e-type=\"widget\" data-settings=\"{&quot;_animation&quot;:&quot;fadeIn&quot;,&quot;_animation_delay&quot;:250}\" data-widget_type=\"ha-gradient-heading.default\">\n\t\t\t\t<div class=\"elementor-widget-container\">\n\t\t\t\t\t<h2 class=\"ha-gradient-heading\">aflatex<\/h2>\t\t\t\t<\/div>\n\t\t\t\t<\/div>\n\t\t\t\t\t<\/div>\n\t\t<\/div>\n\t\t\t\t\t<\/div>\n\t\t<\/section>\n\t\t\t\t<section class=\"elementor-section elementor-top-section elementor-element elementor-element-c880343 elementor-section-boxed elementor-section-height-default elementor-section-height-default\" data-id=\"c880343\" data-element_type=\"section\" data-e-type=\"section\" data-settings=\"{&quot;_ha_eqh_enable&quot;:false}\">\n\t\t\t\t\t\t<div class=\"elementor-container elementor-column-gap-default\">\n\t\t\t\t\t<div class=\"elementor-column elementor-col-50 elementor-top-column elementor-element elementor-element-7b8fda2\" data-id=\"7b8fda2\" data-element_type=\"column\" data-e-type=\"column\">\n\t\t\t<div class=\"elementor-widget-wrap elementor-element-populated\">\n\t\t\t\t\t\t<div class=\"elementor-element elementor-element-28d333f elementor-widget elementor-widget-image\" data-id=\"28d333f\" data-element_type=\"widget\" data-e-type=\"widget\" data-widget_type=\"image.default\">\n\t\t\t\t<div class=\"elementor-widget-container\">\n\t\t\t\t\t\t\t\t\t\t\t\t\t\t\t<img fetchpriority=\"high\" decoding=\"async\" width=\"800\" height=\"638\" src=\"https:\/\/aflatextechnologies.com\/wp-content\/uploads\/2023\/03\/foams_aflatex.webp\" class=\"attachment-large size-large wp-image-1712\" alt=\"\" srcset=\"https:\/\/aflatextechnologies.com\/wp-content\/uploads\/2023\/03\/foams_aflatex.webp 1000w, https:\/\/aflatextechnologies.com\/wp-content\/uploads\/2023\/03\/foams_aflatex-300x239.webp 300w, https:\/\/aflatextechnologies.com\/wp-content\/uploads\/2023\/03\/foams_aflatex-768x612.webp 768w\" sizes=\"(max-width: 800px) 100vw, 800px\" \/>\t\t\t\t\t\t\t\t\t\t\t\t\t\t\t<\/div>\n\t\t\t\t<\/div>\n\t\t\t\t\t<\/div>\n\t\t<\/div>\n\t\t\t\t<div class=\"elementor-column elementor-col-50 elementor-top-column elementor-element elementor-element-de5c9c3\" data-id=\"de5c9c3\" data-element_type=\"column\" data-e-type=\"column\" data-settings=\"{&quot;background_background&quot;:&quot;classic&quot;}\">\n\t\t\t<div class=\"elementor-widget-wrap elementor-element-populated\">\n\t\t\t\t\t\t<div class=\"elementor-element elementor-element-ad19077 elementor-invisible elementor-widget elementor-widget-heading\" data-id=\"ad19077\" data-element_type=\"widget\" data-e-type=\"widget\" data-settings=\"{&quot;_animation&quot;:&quot;fadeInUp&quot;}\" data-widget_type=\"heading.default\">\n\t\t\t\t<div class=\"elementor-widget-container\">\n\t\t\t\t\t<h2 class=\"elementor-heading-title elementor-size-default\">El caucho s\u00f3lido natural hecho con AFLatex se ha compuesto y transformado en espuma<\/h2>\t\t\t\t<\/div>\n\t\t\t\t<\/div>\n\t\t\t\t\t<\/div>\n\t\t<\/div>\n\t\t\t\t\t<\/div>\n\t\t<\/section>\n\t\t\t\t<section class=\"elementor-section elementor-top-section elementor-element elementor-element-7085630 elementor-section-content-middle elementor-section-boxed elementor-section-height-default elementor-section-height-default\" data-id=\"7085630\" data-element_type=\"section\" data-e-type=\"section\" data-settings=\"{&quot;background_background&quot;:&quot;classic&quot;,&quot;_ha_eqh_enable&quot;:false}\">\n\t\t\t\t\t\t<div class=\"elementor-container elementor-column-gap-default\">\n\t\t\t\t\t<div class=\"elementor-column elementor-col-50 elementor-top-column elementor-element elementor-element-67392fa\" data-id=\"67392fa\" data-element_type=\"column\" data-e-type=\"column\" data-settings=\"{&quot;background_background&quot;:&quot;classic&quot;}\">\n\t\t\t<div class=\"elementor-widget-wrap elementor-element-populated\">\n\t\t\t\t\t\t<div class=\"elementor-element elementor-element-6a2443d elementor-widget elementor-widget-heading\" data-id=\"6a2443d\" data-element_type=\"widget\" data-e-type=\"widget\" data-widget_type=\"heading.default\">\n\t\t\t\t<div class=\"elementor-widget-container\">\n\t\t\t\t\t<h2 class=\"elementor-heading-title elementor-size-default\">Los an\u00e1lisis MicroCT han puesto de manifiesto una distribuci\u00f3n de densidad vac\u00eda<\/h2>\t\t\t\t<\/div>\n\t\t\t\t<\/div>\n\t\t\t\t<div class=\"elementor-element elementor-element-4bfb629 elementor-widget__width-initial elementor-widget elementor-widget-image\" data-id=\"4bfb629\" data-element_type=\"widget\" data-e-type=\"widget\" data-widget_type=\"image.default\">\n\t\t\t\t<div class=\"elementor-widget-container\">\n\t\t\t\t\t\t\t\t\t\t\t\t\t\t\t<img decoding=\"async\" width=\"586\" height=\"700\" src=\"https:\/\/aflatextechnologies.com\/wp-content\/uploads\/2023\/03\/Cylindrical-sample-cross-section-graphic-v2.png\" class=\"attachment-large size-large wp-image-1708\" alt=\"\" srcset=\"https:\/\/aflatextechnologies.com\/wp-content\/uploads\/2023\/03\/Cylindrical-sample-cross-section-graphic-v2.png 586w, https:\/\/aflatextechnologies.com\/wp-content\/uploads\/2023\/03\/Cylindrical-sample-cross-section-graphic-v2-251x300.png 251w\" sizes=\"(max-width: 586px) 100vw, 586px\" \/>\t\t\t\t\t\t\t\t\t\t\t\t\t\t\t<\/div>\n\t\t\t\t<\/div>\n\t\t\t\t<div class=\"elementor-element elementor-element-9863d94 elementor-widget__width-initial elementor-widget elementor-widget-image\" data-id=\"9863d94\" data-element_type=\"widget\" data-e-type=\"widget\" data-widget_type=\"image.default\">\n\t\t\t\t<div class=\"elementor-widget-container\">\n\t\t\t\t\t\t\t\t\t\t\t\t\t\t\t<img decoding=\"async\" width=\"678\" height=\"930\" src=\"https:\/\/aflatextechnologies.com\/wp-content\/uploads\/2023\/03\/Cylindrical-sample-cross-section-graphic.png\" class=\"attachment-large size-large wp-image-1720\" alt=\"\" srcset=\"https:\/\/aflatextechnologies.com\/wp-content\/uploads\/2023\/03\/Cylindrical-sample-cross-section-graphic.png 678w, https:\/\/aflatextechnologies.com\/wp-content\/uploads\/2023\/03\/Cylindrical-sample-cross-section-graphic-219x300.png 219w\" sizes=\"(max-width: 678px) 100vw, 678px\" \/>\t\t\t\t\t\t\t\t\t\t\t\t\t\t\t<\/div>\n\t\t\t\t<\/div>\n\t\t\t\t<div class=\"elementor-element elementor-element-a8be7bb elementor-widget__width-initial elementor-widget elementor-widget-image\" data-id=\"a8be7bb\" data-element_type=\"widget\" data-e-type=\"widget\" data-widget_type=\"image.default\">\n\t\t\t\t<div class=\"elementor-widget-container\">\n\t\t\t\t\t\t\t\t\t\t\t\t\t\t\t<img loading=\"lazy\" decoding=\"async\" width=\"250\" height=\"250\" src=\"https:\/\/aflatextechnologies.com\/wp-content\/uploads\/2023\/03\/Void-photo_foams_aflatex.png\" class=\"attachment-large size-large wp-image-1724\" alt=\"\" srcset=\"https:\/\/aflatextechnologies.com\/wp-content\/uploads\/2023\/03\/Void-photo_foams_aflatex.png 250w, https:\/\/aflatextechnologies.com\/wp-content\/uploads\/2023\/03\/Void-photo_foams_aflatex-150x150.png 150w\" sizes=\"(max-width: 250px) 100vw, 250px\" \/>\t\t\t\t\t\t\t\t\t\t\t\t\t\t\t<\/div>\n\t\t\t\t<\/div>\n\t\t\t\t\t<\/div>\n\t\t<\/div>\n\t\t\t\t<div class=\"elementor-column elementor-col-50 elementor-top-column elementor-element elementor-element-6e2d5f0\" data-id=\"6e2d5f0\" data-element_type=\"column\" data-e-type=\"column\">\n\t\t\t<div class=\"elementor-widget-wrap elementor-element-populated\">\n\t\t\t\t\t\t<div class=\"elementor-element elementor-element-954d631 elementor-widget elementor-widget-image\" data-id=\"954d631\" data-element_type=\"widget\" data-e-type=\"widget\" data-widget_type=\"image.default\">\n\t\t\t\t<div class=\"elementor-widget-container\">\n\t\t\t\t\t\t\t\t\t\t\t\t\t\t\t<img loading=\"lazy\" decoding=\"async\" width=\"2392\" height=\"1792\" src=\"https:\/\/aflatextechnologies.com\/wp-content\/uploads\/2023\/03\/Plot_foams_aflatex.png\" class=\"attachment-full size-full wp-image-1716\" alt=\"\" srcset=\"https:\/\/aflatextechnologies.com\/wp-content\/uploads\/2023\/03\/Plot_foams_aflatex.png 2392w, https:\/\/aflatextechnologies.com\/wp-content\/uploads\/2023\/03\/Plot_foams_aflatex-300x225.png 300w, https:\/\/aflatextechnologies.com\/wp-content\/uploads\/2023\/03\/Plot_foams_aflatex-1024x767.png 1024w, https:\/\/aflatextechnologies.com\/wp-content\/uploads\/2023\/03\/Plot_foams_aflatex-768x575.png 768w, https:\/\/aflatextechnologies.com\/wp-content\/uploads\/2023\/03\/Plot_foams_aflatex-1536x1151.png 1536w, https:\/\/aflatextechnologies.com\/wp-content\/uploads\/2023\/03\/Plot_foams_aflatex-2048x1534.png 2048w\" sizes=\"(max-width: 2392px) 100vw, 2392px\" \/>\t\t\t\t\t\t\t\t\t\t\t\t\t\t\t<\/div>\n\t\t\t\t<\/div>\n\t\t\t\t\t<\/div>\n\t\t<\/div>\n\t\t\t\t\t<\/div>\n\t\t<\/section>\n\t\t\t\t<section class=\"elementor-section elementor-top-section elementor-element elementor-element-f9b61da elementor-section-boxed elementor-section-height-default elementor-section-height-default\" data-id=\"f9b61da\" data-element_type=\"section\" data-e-type=\"section\" data-settings=\"{&quot;background_background&quot;:&quot;classic&quot;,&quot;_ha_eqh_enable&quot;:false}\">\n\t\t\t\t\t\t<div class=\"elementor-container elementor-column-gap-default\">\n\t\t\t\t\t<div class=\"elementor-column elementor-col-50 elementor-top-column elementor-element elementor-element-5535c64\" data-id=\"5535c64\" data-element_type=\"column\" data-e-type=\"column\" data-settings=\"{&quot;background_background&quot;:&quot;classic&quot;}\">\n\t\t\t<div class=\"elementor-widget-wrap elementor-element-populated\">\n\t\t\t\t\t\t<div class=\"elementor-element elementor-element-4a529f5 elementor-widget elementor-widget-heading\" data-id=\"4a529f5\" data-element_type=\"widget\" data-e-type=\"widget\" data-widget_type=\"heading.default\">\n\t\t\t\t<div class=\"elementor-widget-container\">\n\t\t\t\t\t<h2 class=\"elementor-heading-title elementor-size-default\">Los an\u00e1lisis MicroCT para muestras espumosas con diferente contenido vac\u00edo<\/h2>\t\t\t\t<\/div>\n\t\t\t\t<\/div>\n\t\t\t\t<div class=\"elementor-element elementor-element-31f1ba2 elementor-widget elementor-widget-image\" data-id=\"31f1ba2\" data-element_type=\"widget\" data-e-type=\"widget\" data-widget_type=\"image.default\">\n\t\t\t\t<div class=\"elementor-widget-container\">\n\t\t\t\t\t\t\t\t\t\t\t\t\t\t\t<img loading=\"lazy\" decoding=\"async\" width=\"800\" height=\"198\" src=\"https:\/\/aflatextechnologies.com\/wp-content\/uploads\/2023\/03\/Void-photo1_foams_aflatex-1024x254.png\" class=\"attachment-large size-large wp-image-1732\" alt=\"\" srcset=\"https:\/\/aflatextechnologies.com\/wp-content\/uploads\/2023\/03\/Void-photo1_foams_aflatex-1024x254.png 1024w, https:\/\/aflatextechnologies.com\/wp-content\/uploads\/2023\/03\/Void-photo1_foams_aflatex-300x75.png 300w, https:\/\/aflatextechnologies.com\/wp-content\/uploads\/2023\/03\/Void-photo1_foams_aflatex-768x191.png 768w, https:\/\/aflatextechnologies.com\/wp-content\/uploads\/2023\/03\/Void-photo1_foams_aflatex.png 1175w\" sizes=\"(max-width: 800px) 100vw, 800px\" \/>\t\t\t\t\t\t\t\t\t\t\t\t\t\t\t<\/div>\n\t\t\t\t<\/div>\n\t\t\t\t\t<\/div>\n\t\t<\/div>\n\t\t\t\t<div class=\"elementor-column elementor-col-50 elementor-top-column elementor-element elementor-element-8d9ecff\" data-id=\"8d9ecff\" data-element_type=\"column\" data-e-type=\"column\">\n\t\t\t<div class=\"elementor-widget-wrap elementor-element-populated\">\n\t\t\t\t\t\t<div class=\"elementor-element elementor-element-7646324 elementor-widget elementor-widget-heading\" data-id=\"7646324\" data-element_type=\"widget\" data-e-type=\"widget\" data-widget_type=\"heading.default\">\n\t\t\t\t<div class=\"elementor-widget-container\">\n\t\t\t\t\t<h2 class=\"elementor-heading-title elementor-size-default\">Los an\u00e1lisis MicroCT para muestras espumosas con diferente contenido vac\u00edo <\/h2>\t\t\t\t<\/div>\n\t\t\t\t<\/div>\n\t\t\t\t<div class=\"elementor-element elementor-element-3e49731 elementor-widget elementor-widget-image\" data-id=\"3e49731\" data-element_type=\"widget\" data-e-type=\"widget\" data-widget_type=\"image.default\">\n\t\t\t\t<div class=\"elementor-widget-container\">\n\t\t\t\t\t\t\t\t\t\t\t\t\t\t\t<img loading=\"lazy\" decoding=\"async\" width=\"2526\" height=\"2030\" src=\"https:\/\/aflatextechnologies.com\/wp-content\/uploads\/2023\/03\/Void-Content-Influence-on-Relaxation_aflatex.png\" class=\"attachment-full size-full wp-image-1728\" alt=\"\" srcset=\"https:\/\/aflatextechnologies.com\/wp-content\/uploads\/2023\/03\/Void-Content-Influence-on-Relaxation_aflatex.png 2526w, https:\/\/aflatextechnologies.com\/wp-content\/uploads\/2023\/03\/Void-Content-Influence-on-Relaxation_aflatex-300x241.png 300w, https:\/\/aflatextechnologies.com\/wp-content\/uploads\/2023\/03\/Void-Content-Influence-on-Relaxation_aflatex-1024x823.png 1024w, https:\/\/aflatextechnologies.com\/wp-content\/uploads\/2023\/03\/Void-Content-Influence-on-Relaxation_aflatex-768x617.png 768w, https:\/\/aflatextechnologies.com\/wp-content\/uploads\/2023\/03\/Void-Content-Influence-on-Relaxation_aflatex-1536x1234.png 1536w, https:\/\/aflatextechnologies.com\/wp-content\/uploads\/2023\/03\/Void-Content-Influence-on-Relaxation_aflatex-2048x1646.png 2048w\" sizes=\"(max-width: 2526px) 100vw, 2526px\" \/>\t\t\t\t\t\t\t\t\t\t\t\t\t\t\t<\/div>\n\t\t\t\t<\/div>\n\t\t\t\t\t<\/div>\n\t\t<\/div>\n\t\t\t\t\t<\/div>\n\t\t<\/section>\n\t\t\t\t<\/div>\n\t\t","protected":false},"excerpt":{"rendered":"<p>Espumas aflatex El caucho s\u00f3lido natural hecho con AFLatex se ha compuesto y transformado en espuma Los an\u00e1lisis MicroCT han puesto de manifiesto una distribuci\u00f3n de densidad vac\u00eda Los an\u00e1lisis MicroCT para muestras espumosas con diferente contenido vac\u00edo Los an\u00e1lisis MicroCT para muestras espumosas con diferente contenido vac\u00edo<\/p>\n","protected":false},"author":1,"featured_media":0,"parent":0,"menu_order":0,"comment_status":"closed","ping_status":"closed","template":"","meta":{"footnotes":""},"class_list":["post-1745","page","type-page","status-publish","hentry"],"_links":{"self":[{"href":"https:\/\/aflatextechnologies.com\/es\/wp-json\/wp\/v2\/pages\/1745","targetHints":{"allow":["GET"]}}],"collection":[{"href":"https:\/\/aflatextechnologies.com\/es\/wp-json\/wp\/v2\/pages"}],"about":[{"href":"https:\/\/aflatextechnologies.com\/es\/wp-json\/wp\/v2\/types\/page"}],"author":[{"embeddable":true,"href":"https:\/\/aflatextechnologies.com\/es\/wp-json\/wp\/v2\/users\/1"}],"replies":[{"embeddable":true,"href":"https:\/\/aflatextechnologies.com\/es\/wp-json\/wp\/v2\/comments?post=1745"}],"version-history":[{"count":1,"href":"https:\/\/aflatextechnologies.com\/es\/wp-json\/wp\/v2\/pages\/1745\/revisions"}],"predecessor-version":[{"id":1746,"href":"https:\/\/aflatextechnologies.com\/es\/wp-json\/wp\/v2\/pages\/1745\/revisions\/1746"}],"wp:attachment":[{"href":"https:\/\/aflatextechnologies.com\/es\/wp-json\/wp\/v2\/media?parent=1745"}],"curies":[{"name":"wp","href":"https:\/\/api.w.org\/{rel}","templated":true}]}}