{"id":2087,"date":"2023-11-27T10:25:57","date_gmt":"2023-11-27T10:25:57","guid":{"rendered":"https:\/\/aflatextechnologies.com\/quienes-somos\/"},"modified":"2025-07-22T10:43:36","modified_gmt":"2025-07-22T09:43:36","slug":"quienes-somos","status":"publish","type":"page","link":"https:\/\/aflatextechnologies.com\/es\/quienes-somos\/","title":{"rendered":"Qui\u00e9nes somos"},"content":{"rendered":"\t\t<div data-elementor-type=\"wp-page\" data-elementor-id=\"2087\" class=\"elementor elementor-2087 elementor-2004\" data-elementor-settings=\"{&quot;ha_cmc_init_switcher&quot;:&quot;no&quot;}\" data-elementor-post-type=\"page\">\n\t\t\t\t\t\t<section class=\"elementor-section elementor-top-section elementor-element elementor-element-43b67095 elementor-section-boxed elementor-section-height-default elementor-section-height-default\" data-id=\"43b67095\" data-element_type=\"section\" data-e-type=\"section\" data-settings=\"{&quot;background_background&quot;:&quot;classic&quot;,&quot;_ha_eqh_enable&quot;:false}\">\n\t\t\t\t\t\t\t<div class=\"elementor-background-overlay\"><\/div>\n\t\t\t\t\t\t\t<div class=\"elementor-container elementor-column-gap-default\">\n\t\t\t\t\t<div class=\"elementor-column elementor-col-100 elementor-top-column elementor-element elementor-element-136f9e76\" data-id=\"136f9e76\" data-element_type=\"column\" data-e-type=\"column\" data-settings=\"{&quot;background_background&quot;:&quot;classic&quot;}\">\n\t\t\t<div class=\"elementor-widget-wrap elementor-element-populated\">\n\t\t\t\t\t\t<div class=\"elementor-element elementor-element-1d8e6eac elementor-widget elementor-widget-heading\" data-id=\"1d8e6eac\" data-element_type=\"widget\" data-e-type=\"widget\" data-widget_type=\"heading.default\">\n\t\t\t\t<div class=\"elementor-widget-container\">\n\t\t\t\t\t<h2 class=\"elementor-heading-title elementor-size-default\">Qui\u00e9nes somos<\/h2>\t\t\t\t<\/div>\n\t\t\t\t<\/div>\n\t\t\t\t<div class=\"elementor-element elementor-element-fe1e5fe elementor-hidden-tablet elementor-hidden-phone elementor-invisible elementor-widget elementor-widget-ha-gradient-heading happy-addon ha-gradient-heading\" data-id=\"fe1e5fe\" data-element_type=\"widget\" data-e-type=\"widget\" data-settings=\"{&quot;_animation&quot;:&quot;fadeIn&quot;,&quot;_animation_delay&quot;:250}\" data-widget_type=\"ha-gradient-heading.default\">\n\t\t\t\t<div class=\"elementor-widget-container\">\n\t\t\t\t\t<h2 class=\"ha-gradient-heading\">aflatex<\/h2>\t\t\t\t<\/div>\n\t\t\t\t<\/div>\n\t\t\t\t\t<\/div>\n\t\t<\/div>\n\t\t\t\t\t<\/div>\n\t\t<\/section>\n\t\t\t\t<section class=\"elementor-section elementor-top-section elementor-element elementor-element-4840d42 elementor-section-boxed elementor-section-height-default elementor-section-height-default\" data-id=\"4840d42\" data-element_type=\"section\" data-e-type=\"section\" data-settings=\"{&quot;_ha_eqh_enable&quot;:false}\">\n\t\t\t\t\t\t<div class=\"elementor-container elementor-column-gap-default\">\n\t\t\t\t\t<div class=\"elementor-column elementor-col-100 elementor-top-column elementor-element elementor-element-566158df\" data-id=\"566158df\" data-element_type=\"column\" data-e-type=\"column\" data-settings=\"{&quot;background_background&quot;:&quot;classic&quot;}\">\n\t\t\t<div class=\"elementor-widget-wrap elementor-element-populated\">\n\t\t\t\t\t\t<div class=\"elementor-element elementor-element-6a48d10a elementor-invisible elementor-widget elementor-widget-heading\" data-id=\"6a48d10a\" data-element_type=\"widget\" data-e-type=\"widget\" data-settings=\"{&quot;_animation&quot;:&quot;fadeIn&quot;}\" data-widget_type=\"heading.default\">\n\t\t\t\t<div class=\"elementor-widget-container\">\n\t\t\t\t\t<h6 class=\"elementor-heading-title elementor-size-default\">QUI\u00c9NES SOMOS<\/h6>\t\t\t\t<\/div>\n\t\t\t\t<\/div>\n\t\t\t\t<div class=\"elementor-element elementor-element-31d0f85b elementor-invisible elementor-widget elementor-widget-heading\" data-id=\"31d0f85b\" data-element_type=\"widget\" data-e-type=\"widget\" data-settings=\"{&quot;_animation_delay&quot;:100,&quot;_animation&quot;:&quot;fadeInUp&quot;}\" data-widget_type=\"heading.default\">\n\t\t\t\t<div class=\"elementor-widget-container\">\n\t\t\t\t\t<h2 class=\"elementor-heading-title elementor-size-default\">Nuestro Equipo<\/h2>\t\t\t\t<\/div>\n\t\t\t\t<\/div>\n\t\t\t\t<section class=\"elementor-section elementor-inner-section elementor-element elementor-element-8d039c3 elementor-section-content-middle elementor-section-boxed elementor-section-height-default elementor-section-height-default elementor-invisible\" data-id=\"8d039c3\" data-element_type=\"section\" data-e-type=\"section\" data-settings=\"{&quot;animation&quot;:&quot;fadeInLeft&quot;,&quot;_ha_eqh_enable&quot;:false}\">\n\t\t\t\t\t\t<div class=\"elementor-container elementor-column-gap-default\">\n\t\t\t\t\t<div class=\"elementor-column elementor-col-50 elementor-inner-column elementor-element elementor-element-5e9c534\" data-id=\"5e9c534\" data-element_type=\"column\" data-e-type=\"column\">\n\t\t\t<div class=\"elementor-widget-wrap elementor-element-populated\">\n\t\t\t\t\t\t<div class=\"elementor-element elementor-element-95bdd3d elementor-widget elementor-widget-image\" data-id=\"95bdd3d\" data-element_type=\"widget\" data-e-type=\"widget\" data-widget_type=\"image.default\">\n\t\t\t\t<div class=\"elementor-widget-container\">\n\t\t\t\t\t\t\t\t\t\t\t\t\t\t\t<img fetchpriority=\"high\" decoding=\"async\" width=\"800\" height=\"795\" src=\"https:\/\/aflatextechnologies.com\/wp-content\/uploads\/2023\/11\/Julio-Photo.webp\" class=\"attachment-large size-large wp-image-2025\" alt=\"\" srcset=\"https:\/\/aflatextechnologies.com\/wp-content\/uploads\/2023\/11\/Julio-Photo.webp 966w, https:\/\/aflatextechnologies.com\/wp-content\/uploads\/2023\/11\/Julio-Photo-300x298.webp 300w, https:\/\/aflatextechnologies.com\/wp-content\/uploads\/2023\/11\/Julio-Photo-150x150.webp 150w, https:\/\/aflatextechnologies.com\/wp-content\/uploads\/2023\/11\/Julio-Photo-768x763.webp 768w\" sizes=\"(max-width: 800px) 100vw, 800px\" \/>\t\t\t\t\t\t\t\t\t\t\t\t\t\t\t<\/div>\n\t\t\t\t<\/div>\n\t\t\t\t\t<\/div>\n\t\t<\/div>\n\t\t\t\t<div class=\"elementor-column elementor-col-50 elementor-inner-column elementor-element elementor-element-c3efbbf\" data-id=\"c3efbbf\" data-element_type=\"column\" data-e-type=\"column\">\n\t\t\t<div class=\"elementor-widget-wrap elementor-element-populated\">\n\t\t\t\t\t\t<div class=\"elementor-element elementor-element-d9cb5f3 elementor-widget elementor-widget-heading\" data-id=\"d9cb5f3\" data-element_type=\"widget\" data-e-type=\"widget\" data-widget_type=\"heading.default\">\n\t\t\t\t<div class=\"elementor-widget-container\">\n\t\t\t\t\t<h2 class=\"elementor-heading-title elementor-size-default\">Julio Cesar Rodriguez<\/h2>\t\t\t\t<\/div>\n\t\t\t\t<\/div>\n\t\t\t\t<div class=\"elementor-element elementor-element-e51617c elementor-widget elementor-widget-heading\" data-id=\"e51617c\" data-element_type=\"widget\" data-e-type=\"widget\" data-widget_type=\"heading.default\">\n\t\t\t\t<div class=\"elementor-widget-container\">\n\t\t\t\t\t<h2 class=\"elementor-heading-title elementor-size-default\">Fundador y CSO<\/h2>\t\t\t\t<\/div>\n\t\t\t\t<\/div>\n\t\t\t\t<div class=\"elementor-element elementor-element-7c30ad1 elementor-widget elementor-widget-text-editor\" data-id=\"7c30ad1\" data-element_type=\"widget\" data-e-type=\"widget\" data-widget_type=\"text-editor.default\">\n\t\t\t\t<div class=\"elementor-widget-container\">\n\t\t\t\t\t\t\t\t\t<p>Julio C\u00e9sar Rodr\u00edguez es ingeniero qu\u00edmico con 35 a\u00f1os de experiencia en las industrias del petr\u00f3leo, el gas y el caucho. A lo largo de su carrera dirigi\u00f3 grupos de investigaci\u00f3n y desarrollo que se ocupaban de crudos pesados, control de la corrosi\u00f3n, procesos, tratamiento de aguas, tratamientos qu\u00edmicos de superficies y calidad en diversas empresas, como NALCO, HOECHST y BASF. Su trabajo ha dado lugar a patentes, y es instructor habitual en cursos de formaci\u00f3n en Am\u00e9rica Latina. Es fundador, propietario, presidente y director cient\u00edfico de SOAN Laboratorios S.A.S., empresa dedicada a la investigaci\u00f3n cient\u00edfica en el \u00e1rea de las ciencias f\u00edsico-qu\u00edmicas, y propietaria de la marca registrada AFLatex.<\/p>\t\t\t\t\t\t\t\t<\/div>\n\t\t\t\t<\/div>\n\t\t\t\t\t<\/div>\n\t\t<\/div>\n\t\t\t\t\t<\/div>\n\t\t<\/section>\n\t\t\t\t<section class=\"elementor-section elementor-inner-section elementor-element elementor-element-b470be7 elementor-section-content-middle elementor-reverse-mobile elementor-section-boxed elementor-section-height-default elementor-section-height-default elementor-invisible\" data-id=\"b470be7\" data-element_type=\"section\" data-e-type=\"section\" data-settings=\"{&quot;animation&quot;:&quot;fadeInRight&quot;,&quot;_ha_eqh_enable&quot;:false}\">\n\t\t\t\t\t\t<div class=\"elementor-container elementor-column-gap-default\">\n\t\t\t\t\t<div class=\"elementor-column elementor-col-50 elementor-inner-column elementor-element elementor-element-c89060a\" data-id=\"c89060a\" data-element_type=\"column\" data-e-type=\"column\">\n\t\t\t<div class=\"elementor-widget-wrap elementor-element-populated\">\n\t\t\t\t\t\t<div class=\"elementor-element elementor-element-03fd13c elementor-widget elementor-widget-heading\" data-id=\"03fd13c\" data-element_type=\"widget\" data-e-type=\"widget\" data-widget_type=\"heading.default\">\n\t\t\t\t<div class=\"elementor-widget-container\">\n\t\t\t\t\t<h2 class=\"elementor-heading-title elementor-size-default\">Prof. Tim A Osswald\n<\/h2>\t\t\t\t<\/div>\n\t\t\t\t<\/div>\n\t\t\t\t<div class=\"elementor-element elementor-element-804d65a elementor-widget elementor-widget-heading\" data-id=\"804d65a\" data-element_type=\"widget\" data-e-type=\"widget\" data-widget_type=\"heading.default\">\n\t\t\t\t<div class=\"elementor-widget-container\">\n\t\t\t\t\t<h2 class=\"elementor-heading-title elementor-size-default\">CEO<\/h2>\t\t\t\t<\/div>\n\t\t\t\t<\/div>\n\t\t\t\t<div class=\"elementor-element elementor-element-d621e86 elementor-widget elementor-widget-text-editor\" data-id=\"d621e86\" data-element_type=\"widget\" data-e-type=\"widget\" data-widget_type=\"text-editor.default\">\n\t\t\t\t<div class=\"elementor-widget-container\">\n\t\t\t\t\t\t\t\t\t<p>El profesor Tim A. Osswald codirige el Centro de Ingenier\u00eda de Pol\u00edmeros de la Universidad de Wisconsin-Madison, donde lleva m\u00e1s de 30 a\u00f1os ense\u00f1ando e investigando en el campo de la ingenier\u00eda de pol\u00edmeros. Tambi\u00e9n es profesor honorario de la Universidad de Erlangen-Nuremberg (Alemania) y de la Universidad Nacional de Bogot\u00e1 (Colombia). Forma parte del Consejo Asesor de la Sociedad Latinoamericana de Tecnolog\u00eda del Caucho (SLTC), y \u00e9l y su familia poseen y explotan una plantaci\u00f3n de caucho en Colombia. Es autor de m\u00e1s de 400 art\u00edculos t\u00e9cnicos y una docena de libros en el campo de la ingenier\u00eda de pol\u00edmeros. El profesor Osswald forma parte del Consejo Cient\u00edfico Asesor de SABIC y fue asesor del Presidente de Colombia en la creaci\u00f3n de un Ministerio de Ciencia y Tecnolog\u00eda.<\/p>\t\t\t\t\t\t\t\t<\/div>\n\t\t\t\t<\/div>\n\t\t\t\t\t<\/div>\n\t\t<\/div>\n\t\t\t\t<div class=\"elementor-column elementor-col-50 elementor-inner-column elementor-element elementor-element-cd27630\" data-id=\"cd27630\" data-element_type=\"column\" data-e-type=\"column\">\n\t\t\t<div class=\"elementor-widget-wrap elementor-element-populated\">\n\t\t\t\t\t\t<div class=\"elementor-element elementor-element-72fe27d elementor-widget elementor-widget-image\" data-id=\"72fe27d\" data-element_type=\"widget\" data-e-type=\"widget\" data-widget_type=\"image.default\">\n\t\t\t\t<div class=\"elementor-widget-container\">\n\t\t\t\t\t\t\t\t\t\t\t\t\t\t\t<img decoding=\"async\" width=\"800\" height=\"798\" src=\"https:\/\/aflatextechnologies.com\/wp-content\/uploads\/2023\/11\/Osswald-Photo.webp\" class=\"attachment-large size-large wp-image-2030\" alt=\"\" srcset=\"https:\/\/aflatextechnologies.com\/wp-content\/uploads\/2023\/11\/Osswald-Photo.webp 960w, https:\/\/aflatextechnologies.com\/wp-content\/uploads\/2023\/11\/Osswald-Photo-300x300.webp 300w, https:\/\/aflatextechnologies.com\/wp-content\/uploads\/2023\/11\/Osswald-Photo-150x150.webp 150w, https:\/\/aflatextechnologies.com\/wp-content\/uploads\/2023\/11\/Osswald-Photo-768x766.webp 768w\" sizes=\"(max-width: 800px) 100vw, 800px\" \/>\t\t\t\t\t\t\t\t\t\t\t\t\t\t\t<\/div>\n\t\t\t\t<\/div>\n\t\t\t\t\t<\/div>\n\t\t<\/div>\n\t\t\t\t\t<\/div>\n\t\t<\/section>\n\t\t\t\t<section class=\"elementor-section elementor-inner-section elementor-element elementor-element-6ef79b8 elementor-section-content-middle elementor-reverse-mobile elementor-section-boxed elementor-section-height-default elementor-section-height-default elementor-invisible\" data-id=\"6ef79b8\" data-element_type=\"section\" data-e-type=\"section\" data-settings=\"{&quot;animation&quot;:&quot;fadeInRight&quot;,&quot;_ha_eqh_enable&quot;:false}\">\n\t\t\t\t\t\t<div class=\"elementor-container elementor-column-gap-default\">\n\t\t\t\t\t<div class=\"elementor-column elementor-col-50 elementor-inner-column elementor-element elementor-element-b8c0bdd\" data-id=\"b8c0bdd\" data-element_type=\"column\" data-e-type=\"column\">\n\t\t\t<div class=\"elementor-widget-wrap elementor-element-populated\">\n\t\t\t\t\t\t<div class=\"elementor-element elementor-element-d541de7 elementor-widget elementor-widget-image\" data-id=\"d541de7\" data-element_type=\"widget\" data-e-type=\"widget\" data-widget_type=\"image.default\">\n\t\t\t\t<div class=\"elementor-widget-container\">\n\t\t\t\t\t\t\t\t\t\t\t\t\t\t\t<img decoding=\"async\" width=\"768\" height=\"1024\" src=\"https:\/\/aflatextechnologies.com\/wp-content\/uploads\/2025\/07\/Eric-Adler-Photo-768x1024.jpg\" class=\"attachment-large size-large wp-image-2425\" alt=\"\" srcset=\"https:\/\/aflatextechnologies.com\/wp-content\/uploads\/2025\/07\/Eric-Adler-Photo-768x1024.jpg 768w, https:\/\/aflatextechnologies.com\/wp-content\/uploads\/2025\/07\/Eric-Adler-Photo-225x300.jpg 225w, https:\/\/aflatextechnologies.com\/wp-content\/uploads\/2025\/07\/Eric-Adler-Photo-1152x1536.jpg 1152w, https:\/\/aflatextechnologies.com\/wp-content\/uploads\/2025\/07\/Eric-Adler-Photo.jpg 1536w\" sizes=\"(max-width: 768px) 100vw, 768px\" \/>\t\t\t\t\t\t\t\t\t\t\t\t\t\t\t<\/div>\n\t\t\t\t<\/div>\n\t\t\t\t\t<\/div>\n\t\t<\/div>\n\t\t\t\t<div class=\"elementor-column elementor-col-50 elementor-inner-column elementor-element elementor-element-2aa63a5\" data-id=\"2aa63a5\" data-element_type=\"column\" data-e-type=\"column\">\n\t\t\t<div class=\"elementor-widget-wrap elementor-element-populated\">\n\t\t\t\t\t\t<div class=\"elementor-element elementor-element-e306e18 elementor-widget elementor-widget-heading\" data-id=\"e306e18\" data-element_type=\"widget\" data-e-type=\"widget\" data-widget_type=\"heading.default\">\n\t\t\t\t<div class=\"elementor-widget-container\">\n\t\t\t\t\t<h2 class=\"elementor-heading-title elementor-size-default\">Eric P Adler<\/h2>\t\t\t\t<\/div>\n\t\t\t\t<\/div>\n\t\t\t\t<div class=\"elementor-element elementor-element-c55cb37 elementor-widget elementor-widget-heading\" data-id=\"c55cb37\" data-element_type=\"widget\" data-e-type=\"widget\" data-widget_type=\"heading.default\">\n\t\t\t\t<div class=\"elementor-widget-container\">\n\t\t\t\t\t<h2 class=\"elementor-heading-title elementor-size-default\">CFO<\/h2>\t\t\t\t<\/div>\n\t\t\t\t<\/div>\n\t\t\t\t<div class=\"elementor-element elementor-element-2b48b4f elementor-widget elementor-widget-text-editor\" data-id=\"2b48b4f\" data-element_type=\"widget\" data-e-type=\"widget\" data-widget_type=\"text-editor.default\">\n\t\t\t\t<div class=\"elementor-widget-container\">\n\t\t\t\t\t\t\t\t\t<p>Eric Adler cuenta con 12 a\u00f1os de experiencia en el sector financiero prestando servicios de gesti\u00f3n de activos, asesoramiento fiscal y financiero a sus clientes. En la actualidad es propietario y fundador de Adler Financial LLC, una empresa registrada de asesoramiento en inversiones (RIA) que ofrece gesti\u00f3n de activos junto con planificaci\u00f3n y consultor\u00eda personal y empresarial. Ha ayudado a muchos clientes a tomar decisiones financieras, fiscales y estructurales en relaci\u00f3n con sus operaciones empresariales. Eric tambi\u00e9n es Agente Inscrito reconocido por el Servicio de Impuestos Internos (IRS) de los Estados Unidos de Am\u00e9rica. Ofrece servicios de planificaci\u00f3n, preparaci\u00f3n y presentaci\u00f3n de impuestos, as\u00ed como servicios de representaci\u00f3n a clientes a trav\u00e9s de su empresa, Adler Financial LLC.<\/p>\t\t\t\t\t\t\t\t<\/div>\n\t\t\t\t<\/div>\n\t\t\t\t\t<\/div>\n\t\t<\/div>\n\t\t\t\t\t<\/div>\n\t\t<\/section>\n\t\t\t\t<section class=\"elementor-section elementor-inner-section elementor-element elementor-element-5aa89c0 elementor-section-content-middle elementor-section-boxed elementor-section-height-default elementor-section-height-default elementor-invisible\" data-id=\"5aa89c0\" data-element_type=\"section\" data-e-type=\"section\" data-settings=\"{&quot;animation&quot;:&quot;fadeInLeft&quot;,&quot;_ha_eqh_enable&quot;:false}\">\n\t\t\t\t\t\t<div class=\"elementor-container elementor-column-gap-default\">\n\t\t\t\t\t<div class=\"elementor-column elementor-col-50 elementor-inner-column elementor-element elementor-element-101e645\" data-id=\"101e645\" data-element_type=\"column\" data-e-type=\"column\">\n\t\t\t<div class=\"elementor-widget-wrap elementor-element-populated\">\n\t\t\t\t\t\t<div class=\"elementor-element elementor-element-91c9964 elementor-widget elementor-widget-heading\" data-id=\"91c9964\" data-element_type=\"widget\" data-e-type=\"widget\" data-widget_type=\"heading.default\">\n\t\t\t\t<div class=\"elementor-widget-container\">\n\t\t\t\t\t<h2 class=\"elementor-heading-title elementor-size-default\">Allen J Roman<\/h2>\t\t\t\t<\/div>\n\t\t\t\t<\/div>\n\t\t\t\t<div class=\"elementor-element elementor-element-c9c1999 elementor-widget elementor-widget-heading\" data-id=\"c9c1999\" data-element_type=\"widget\" data-e-type=\"widget\" data-widget_type=\"heading.default\">\n\t\t\t\t<div class=\"elementor-widget-container\">\n\t\t\t\t\t<h2 class=\"elementor-heading-title elementor-size-default\">CTO<\/h2>\t\t\t\t<\/div>\n\t\t\t\t<\/div>\n\t\t\t\t<div class=\"elementor-element elementor-element-7864b98 elementor-widget elementor-widget-text-editor\" data-id=\"7864b98\" data-element_type=\"widget\" data-e-type=\"widget\" data-widget_type=\"text-editor.default\">\n\t\t\t\t<div class=\"elementor-widget-container\">\n\t\t\t\t\t\t\t\t\t<p>Allen Jonathan Rom\u00e1n es el Ingeniero Jefe del Centro de Ingenier\u00eda de Pol\u00edmeros de la Universidad de Wisconsin-Madison, donde co-supervisa todos los proyectos de investigaci\u00f3n en ingenier\u00eda de pol\u00edmeros y es investigador post-doctoral en el Laboratorio Nacional Argonne. Trabaja en la fusi\u00f3n de la inteligencia artificial y la ciencia de los pol\u00edmeros para acelerar el desarrollo de materiales, que incluyen formulaciones de caucho natural, y en facilitar el desarrollo de sistemas de fabricaci\u00f3n inteligentes. Su trabajo ha dado lugar a una novedosa patente de impresora 3D, a m\u00faltiples publicaciones cient\u00edficas de renombre mundial y a numerosas presentaciones en conferencias. Se ha ganado la confianza de la industria para ser revisor de numerosas revistas cient\u00edficas y forma parte del Comit\u00e9 Cient\u00edfico de Aprendizaje Autom\u00e1tico de la conferencia anual de la Polymer Processing Society.<\/p>\t\t\t\t\t\t\t\t<\/div>\n\t\t\t\t<\/div>\n\t\t\t\t\t<\/div>\n\t\t<\/div>\n\t\t\t\t<div class=\"elementor-column elementor-col-50 elementor-inner-column elementor-element elementor-element-46811a0\" data-id=\"46811a0\" data-element_type=\"column\" data-e-type=\"column\">\n\t\t\t<div class=\"elementor-widget-wrap elementor-element-populated\">\n\t\t\t\t\t\t<div class=\"elementor-element elementor-element-f1aa526 elementor-widget elementor-widget-image\" data-id=\"f1aa526\" data-element_type=\"widget\" data-e-type=\"widget\" data-widget_type=\"image.default\">\n\t\t\t\t<div class=\"elementor-widget-container\">\n\t\t\t\t\t\t\t\t\t\t\t\t\t\t\t<img loading=\"lazy\" decoding=\"async\" width=\"800\" height=\"800\" src=\"https:\/\/aflatextechnologies.com\/wp-content\/uploads\/2023\/11\/Allen-Photo.webp\" class=\"attachment-large size-large wp-image-2010\" alt=\"\" srcset=\"https:\/\/aflatextechnologies.com\/wp-content\/uploads\/2023\/11\/Allen-Photo.webp 960w, https:\/\/aflatextechnologies.com\/wp-content\/uploads\/2023\/11\/Allen-Photo-300x300.webp 300w, https:\/\/aflatextechnologies.com\/wp-content\/uploads\/2023\/11\/Allen-Photo-150x150.webp 150w, https:\/\/aflatextechnologies.com\/wp-content\/uploads\/2023\/11\/Allen-Photo-768x768.webp 768w\" sizes=\"(max-width: 800px) 100vw, 800px\" \/>\t\t\t\t\t\t\t\t\t\t\t\t\t\t\t<\/div>\n\t\t\t\t<\/div>\n\t\t\t\t\t<\/div>\n\t\t<\/div>\n\t\t\t\t\t<\/div>\n\t\t<\/section>\n\t\t\t\t\t<\/div>\n\t\t<\/div>\n\t\t\t\t\t<\/div>\n\t\t<\/section>\n\t\t\t\t<section class=\"elementor-section elementor-top-section elementor-element elementor-element-4ec9570f elementor-section-boxed elementor-section-height-default elementor-section-height-default\" data-id=\"4ec9570f\" data-element_type=\"section\" data-e-type=\"section\" data-settings=\"{&quot;background_background&quot;:&quot;classic&quot;,&quot;_ha_eqh_enable&quot;:false}\">\n\t\t\t\t\t\t\t<div class=\"elementor-background-overlay\"><\/div>\n\t\t\t\t\t\t\t<div class=\"elementor-container elementor-column-gap-default\">\n\t\t\t\t\t<div class=\"elementor-column elementor-col-50 elementor-top-column elementor-element elementor-element-4a08b23c\" data-id=\"4a08b23c\" data-element_type=\"column\" data-e-type=\"column\" data-settings=\"{&quot;background_background&quot;:&quot;classic&quot;}\">\n\t\t\t<div class=\"elementor-widget-wrap elementor-element-populated\">\n\t\t\t\t\t\t<div class=\"elementor-element elementor-element-432b862f elementor-widget elementor-widget-heading\" data-id=\"432b862f\" data-element_type=\"widget\" data-e-type=\"widget\" data-widget_type=\"heading.default\">\n\t\t\t\t<div class=\"elementor-widget-container\">\n\t\t\t\t\t<h2 class=\"elementor-heading-title elementor-size-default\">\u00bfDesea saber m\u00e1s<br>sobre AFLatex Technology?<\/h2>\t\t\t\t<\/div>\n\t\t\t\t<\/div>\n\t\t\t\t\t<\/div>\n\t\t<\/div>\n\t\t\t\t<div class=\"elementor-column elementor-col-50 elementor-top-column elementor-element elementor-element-5c4be668\" data-id=\"5c4be668\" data-element_type=\"column\" data-e-type=\"column\" data-settings=\"{&quot;background_background&quot;:&quot;classic&quot;}\">\n\t\t\t<div class=\"elementor-widget-wrap elementor-element-populated\">\n\t\t\t\t\t\t<div class=\"elementor-element elementor-element-bb78e84 elementor-widget__width-initial elementor-absolute elementor-hidden-mobile elementor-invisible elementor-widget elementor-widget-image\" data-id=\"bb78e84\" data-element_type=\"widget\" data-e-type=\"widget\" data-settings=\"{&quot;_position&quot;:&quot;absolute&quot;,&quot;_animation&quot;:&quot;fadeIn&quot;}\" data-widget_type=\"image.default\">\n\t\t\t\t<div class=\"elementor-widget-container\">\n\t\t\t\t\t\t\t\t\t\t\t\t\t\t\t<img loading=\"lazy\" decoding=\"async\" width=\"800\" height=\"995\" src=\"https:\/\/aflatextechnologies.com\/wp-content\/uploads\/2023\/03\/hevea-brasiliensis-leaf_aflatex-823x1024.webp\" class=\"attachment-large size-large wp-image-1664\" alt=\"\" srcset=\"https:\/\/aflatextechnologies.com\/wp-content\/uploads\/2023\/03\/hevea-brasiliensis-leaf_aflatex-823x1024.webp 823w, https:\/\/aflatextechnologies.com\/wp-content\/uploads\/2023\/03\/hevea-brasiliensis-leaf_aflatex-241x300.webp 241w, https:\/\/aflatextechnologies.com\/wp-content\/uploads\/2023\/03\/hevea-brasiliensis-leaf_aflatex-768x956.webp 768w, https:\/\/aflatextechnologies.com\/wp-content\/uploads\/2023\/03\/hevea-brasiliensis-leaf_aflatex.webp 900w\" sizes=\"(max-width: 800px) 100vw, 800px\" \/>\t\t\t\t\t\t\t\t\t\t\t\t\t\t\t<\/div>\n\t\t\t\t<\/div>\n\t\t\t\t<div class=\"elementor-element elementor-element-395d8a11 elementor-align-right elementor-mobile-align-left elementor-widget elementor-widget-button\" data-id=\"395d8a11\" data-element_type=\"widget\" data-e-type=\"widget\" data-widget_type=\"button.default\">\n\t\t\t\t<div class=\"elementor-widget-container\">\n\t\t\t\t\t\t\t\t\t<div class=\"elementor-button-wrapper\">\n\t\t\t\t\t<a class=\"elementor-button elementor-button-link elementor-size-md\" href=\"https:\/\/aflatextechnologies.com\/es\/contactos\/\">\n\t\t\t\t\t\t<span class=\"elementor-button-content-wrapper\">\n\t\t\t\t\t\t\t\t\t<span class=\"elementor-button-text\">Hable con nosotros<\/span>\n\t\t\t\t\t<\/span>\n\t\t\t\t\t<\/a>\n\t\t\t\t<\/div>\n\t\t\t\t\t\t\t\t<\/div>\n\t\t\t\t<\/div>\n\t\t\t\t\t<\/div>\n\t\t<\/div>\n\t\t\t\t\t<\/div>\n\t\t<\/section>\n\t\t\t\t<\/div>\n\t\t","protected":false},"excerpt":{"rendered":"<p>Qui\u00e9nes somos aflatex QUI\u00c9NES SOMOS Nuestro Equipo Julio Cesar Rodriguez Fundador y CSO Julio C\u00e9sar Rodr\u00edguez es ingeniero qu\u00edmico con 35 a\u00f1os de experiencia en las industrias del petr\u00f3leo, el gas y el caucho. A lo largo de su carrera dirigi\u00f3 grupos de investigaci\u00f3n y desarrollo que se ocupaban de crudos pesados, control de la [&hellip;]<\/p>\n","protected":false},"author":1,"featured_media":0,"parent":0,"menu_order":0,"comment_status":"closed","ping_status":"closed","template":"","meta":{"footnotes":""},"class_list":["post-2087","page","type-page","status-publish","hentry"],"_links":{"self":[{"href":"https:\/\/aflatextechnologies.com\/es\/wp-json\/wp\/v2\/pages\/2087","targetHints":{"allow":["GET"]}}],"collection":[{"href":"https:\/\/aflatextechnologies.com\/es\/wp-json\/wp\/v2\/pages"}],"about":[{"href":"https:\/\/aflatextechnologies.com\/es\/wp-json\/wp\/v2\/types\/page"}],"author":[{"embeddable":true,"href":"https:\/\/aflatextechnologies.com\/es\/wp-json\/wp\/v2\/users\/1"}],"replies":[{"embeddable":true,"href":"https:\/\/aflatextechnologies.com\/es\/wp-json\/wp\/v2\/comments?post=2087"}],"version-history":[{"count":5,"href":"https:\/\/aflatextechnologies.com\/es\/wp-json\/wp\/v2\/pages\/2087\/revisions"}],"predecessor-version":[{"id":2454,"href":"https:\/\/aflatextechnologies.com\/es\/wp-json\/wp\/v2\/pages\/2087\/revisions\/2454"}],"wp:attachment":[{"href":"https:\/\/aflatextechnologies.com\/es\/wp-json\/wp\/v2\/media?parent=2087"}],"curies":[{"name":"wp","href":"https:\/\/api.w.org\/{rel}","templated":true}]}}