{"id":1752,"date":"2023-03-07T17:56:32","date_gmt":"2023-03-07T17:56:32","guid":{"rendered":"https:\/\/aflatextechnologies.com\/gants\/"},"modified":"2023-04-18T17:00:03","modified_gmt":"2023-04-18T17:00:03","slug":"gants","status":"publish","type":"page","link":"https:\/\/aflatextechnologies.com\/fr\/gants\/","title":{"rendered":"Gants"},"content":{"rendered":"\t\t<div data-elementor-type=\"wp-page\" data-elementor-id=\"1752\" class=\"elementor elementor-1752 elementor-1160\" data-elementor-settings=\"{&quot;ha_cmc_init_switcher&quot;:&quot;no&quot;}\" data-elementor-post-type=\"page\">\n\t\t\t\t\t\t<section class=\"elementor-section elementor-top-section elementor-element elementor-element-4e6f54d elementor-section-boxed elementor-section-height-default elementor-section-height-default\" data-id=\"4e6f54d\" data-element_type=\"section\" data-e-type=\"section\" data-settings=\"{&quot;background_background&quot;:&quot;classic&quot;,&quot;_ha_eqh_enable&quot;:false}\">\n\t\t\t\t\t\t\t<div class=\"elementor-background-overlay\"><\/div>\n\t\t\t\t\t\t\t<div class=\"elementor-container elementor-column-gap-default\">\n\t\t\t\t\t<div class=\"elementor-column elementor-col-100 elementor-top-column elementor-element elementor-element-12cf5e6\" data-id=\"12cf5e6\" data-element_type=\"column\" data-e-type=\"column\" data-settings=\"{&quot;background_background&quot;:&quot;classic&quot;}\">\n\t\t\t<div class=\"elementor-widget-wrap elementor-element-populated\">\n\t\t\t\t\t\t<div class=\"elementor-element elementor-element-2a4162e elementor-widget elementor-widget-heading\" data-id=\"2a4162e\" data-element_type=\"widget\" data-e-type=\"widget\" data-widget_type=\"heading.default\">\n\t\t\t\t<div class=\"elementor-widget-container\">\n\t\t\t\t\t<h2 class=\"elementor-heading-title elementor-size-default\">Gants<\/h2>\t\t\t\t<\/div>\n\t\t\t\t<\/div>\n\t\t\t\t<div class=\"elementor-element elementor-element-4877eae elementor-hidden-tablet elementor-hidden-phone elementor-invisible elementor-widget elementor-widget-ha-gradient-heading happy-addon ha-gradient-heading\" data-id=\"4877eae\" data-element_type=\"widget\" data-e-type=\"widget\" data-settings=\"{&quot;_animation&quot;:&quot;fadeIn&quot;,&quot;_animation_delay&quot;:250}\" data-widget_type=\"ha-gradient-heading.default\">\n\t\t\t\t<div class=\"elementor-widget-container\">\n\t\t\t\t\t<h2 class=\"ha-gradient-heading\">aflatex<\/h2>\t\t\t\t<\/div>\n\t\t\t\t<\/div>\n\t\t\t\t\t<\/div>\n\t\t<\/div>\n\t\t\t\t\t<\/div>\n\t\t<\/section>\n\t\t\t\t<section class=\"elementor-section elementor-top-section elementor-element elementor-element-941d270 elementor-section-boxed elementor-section-height-default elementor-section-height-default\" data-id=\"941d270\" data-element_type=\"section\" data-e-type=\"section\" data-settings=\"{&quot;_ha_eqh_enable&quot;:false}\">\n\t\t\t\t\t\t<div class=\"elementor-container elementor-column-gap-default\">\n\t\t\t\t\t<div class=\"elementor-column elementor-col-50 elementor-top-column elementor-element elementor-element-e47ebc2\" data-id=\"e47ebc2\" data-element_type=\"column\" data-e-type=\"column\">\n\t\t\t<div class=\"elementor-widget-wrap elementor-element-populated\">\n\t\t\t\t\t\t<div class=\"elementor-element elementor-element-eea3993 elementor-widget elementor-widget-image\" data-id=\"eea3993\" data-element_type=\"widget\" data-e-type=\"widget\" data-widget_type=\"image.default\">\n\t\t\t\t<div class=\"elementor-widget-container\">\n\t\t\t\t\t\t\t\t\t\t\t\t\t\t\t<img fetchpriority=\"high\" decoding=\"async\" width=\"800\" height=\"735\" src=\"https:\/\/aflatextechnologies.com\/wp-content\/uploads\/2023\/03\/gloves_1_aflatex.webp\" class=\"attachment-large size-large wp-image-1677\" alt=\"\" srcset=\"https:\/\/aflatextechnologies.com\/wp-content\/uploads\/2023\/03\/gloves_1_aflatex.webp 1000w, https:\/\/aflatextechnologies.com\/wp-content\/uploads\/2023\/03\/gloves_1_aflatex-300x276.webp 300w, https:\/\/aflatextechnologies.com\/wp-content\/uploads\/2023\/03\/gloves_1_aflatex-768x706.webp 768w\" sizes=\"(max-width: 800px) 100vw, 800px\" \/>\t\t\t\t\t\t\t\t\t\t\t\t\t\t\t<\/div>\n\t\t\t\t<\/div>\n\t\t\t\t\t<\/div>\n\t\t<\/div>\n\t\t\t\t<div class=\"elementor-column elementor-col-50 elementor-top-column elementor-element elementor-element-afb675b\" data-id=\"afb675b\" data-element_type=\"column\" data-e-type=\"column\" data-settings=\"{&quot;background_background&quot;:&quot;classic&quot;}\">\n\t\t\t<div class=\"elementor-widget-wrap elementor-element-populated\">\n\t\t\t\t\t\t<div class=\"elementor-element elementor-element-1b70d94 elementor-invisible elementor-widget elementor-widget-heading\" data-id=\"1b70d94\" data-element_type=\"widget\" data-e-type=\"widget\" data-settings=\"{&quot;_animation&quot;:&quot;fadeInUp&quot;}\" data-widget_type=\"heading.default\">\n\t\t\t\t<div class=\"elementor-widget-container\">\n\t\t\t\t\t<h2 class=\"elementor-heading-title elementor-size-default\">L\u2019AFLatex avec 60% de teneur en caoutchouc sec a \u00e9t\u00e9 transform\u00e9 avec succ\u00e8s en gants en caoutchouc\n<\/h2>\t\t\t\t<\/div>\n\t\t\t\t<\/div>\n\t\t\t\t<div class=\"elementor-element elementor-element-bcd9061 elementor-invisible elementor-widget elementor-widget-text-editor\" data-id=\"bcd9061\" data-element_type=\"widget\" data-e-type=\"widget\" data-settings=\"{&quot;_animation&quot;:&quot;fadeIn&quot;,&quot;_animation_delay&quot;:200}\" data-widget_type=\"text-editor.default\">\n\t\t\t\t<div class=\"elementor-widget-container\">\n\t\t\t\t\t\t\t\t\t<p><span style=\"font-weight: 400;\">Les recherches actuelles utilisant l&rsquo;\u00e9lectrophor\u00e8se et les tests ELISA ont montr\u00e9 que les gants en AFLatex ont r\u00e9duit la teneur en prot\u00e9ines allerg\u00e8nes \u00e0 seulement 45%.<\/span><\/p>\n\t\t\t\t\t\t\t\t<\/div>\n\t\t\t\t<\/div>\n\t\t\t\t\t<\/div>\n\t\t<\/div>\n\t\t\t\t\t<\/div>\n\t\t<\/section>\n\t\t\t\t<section class=\"elementor-section elementor-top-section elementor-element elementor-element-44f0c5a elementor-section-content-top elementor-section-boxed elementor-section-height-default elementor-section-height-default\" data-id=\"44f0c5a\" data-element_type=\"section\" data-e-type=\"section\" data-settings=\"{&quot;background_background&quot;:&quot;classic&quot;,&quot;_ha_eqh_enable&quot;:false}\">\n\t\t\t\t\t\t<div class=\"elementor-container elementor-column-gap-default\">\n\t\t\t\t\t<div class=\"elementor-column elementor-col-33 elementor-top-column elementor-element elementor-element-45a45eb\" data-id=\"45a45eb\" data-element_type=\"column\" data-e-type=\"column\" data-settings=\"{&quot;background_background&quot;:&quot;classic&quot;}\">\n\t\t\t<div class=\"elementor-widget-wrap elementor-element-populated\">\n\t\t\t\t\t\t<div class=\"elementor-element elementor-element-bd2b3a7 elementor-widget elementor-widget-image\" data-id=\"bd2b3a7\" data-element_type=\"widget\" data-e-type=\"widget\" data-widget_type=\"image.default\">\n\t\t\t\t<div class=\"elementor-widget-container\">\n\t\t\t\t\t\t\t\t\t\t\t\t\t\t\t<img decoding=\"async\" width=\"1721\" height=\"1814\" src=\"https:\/\/aflatextechnologies.com\/wp-content\/uploads\/2023\/03\/Electrophoresis.png\" class=\"attachment-full size-full wp-image-1681\" alt=\"\" srcset=\"https:\/\/aflatextechnologies.com\/wp-content\/uploads\/2023\/03\/Electrophoresis.png 1721w, https:\/\/aflatextechnologies.com\/wp-content\/uploads\/2023\/03\/Electrophoresis-285x300.png 285w, https:\/\/aflatextechnologies.com\/wp-content\/uploads\/2023\/03\/Electrophoresis-972x1024.png 972w, https:\/\/aflatextechnologies.com\/wp-content\/uploads\/2023\/03\/Electrophoresis-768x810.png 768w, https:\/\/aflatextechnologies.com\/wp-content\/uploads\/2023\/03\/Electrophoresis-1457x1536.png 1457w\" sizes=\"(max-width: 1721px) 100vw, 1721px\" \/>\t\t\t\t\t\t\t\t\t\t\t\t\t\t\t<\/div>\n\t\t\t\t<\/div>\n\t\t\t\t<div class=\"elementor-element elementor-element-c9ceb7e elementor-widget elementor-widget-text-editor\" data-id=\"c9ceb7e\" data-element_type=\"widget\" data-e-type=\"widget\" data-widget_type=\"text-editor.default\">\n\t\t\t\t<div class=\"elementor-widget-container\">\n\t\t\t\t\t\t\t\t\t<p><span style=\"font-weight: 400;\">Processus d&rsquo;\u00e9lectrophor\u00e8se<\/span><\/p>\n\t\t\t\t\t\t\t\t<\/div>\n\t\t\t\t<\/div>\n\t\t\t\t\t<\/div>\n\t\t<\/div>\n\t\t\t\t<div class=\"elementor-column elementor-col-33 elementor-top-column elementor-element elementor-element-b6cdf7c\" data-id=\"b6cdf7c\" data-element_type=\"column\" data-e-type=\"column\">\n\t\t\t<div class=\"elementor-widget-wrap elementor-element-populated\">\n\t\t\t\t\t\t<div class=\"elementor-element elementor-element-6bab074 elementor-widget elementor-widget-image\" data-id=\"6bab074\" data-element_type=\"widget\" data-e-type=\"widget\" data-widget_type=\"image.default\">\n\t\t\t\t<div class=\"elementor-widget-container\">\n\t\t\t\t\t\t\t\t\t\t\t\t\t\t\t<img decoding=\"async\" width=\"1337\" height=\"1322\" src=\"https:\/\/aflatextechnologies.com\/wp-content\/uploads\/2023\/03\/Electrophoresis_alfatex-gloves-01.png\" class=\"attachment-full size-full wp-image-1685\" alt=\"\" srcset=\"https:\/\/aflatextechnologies.com\/wp-content\/uploads\/2023\/03\/Electrophoresis_alfatex-gloves-01.png 1337w, https:\/\/aflatextechnologies.com\/wp-content\/uploads\/2023\/03\/Electrophoresis_alfatex-gloves-01-300x297.png 300w, https:\/\/aflatextechnologies.com\/wp-content\/uploads\/2023\/03\/Electrophoresis_alfatex-gloves-01-1024x1013.png 1024w, https:\/\/aflatextechnologies.com\/wp-content\/uploads\/2023\/03\/Electrophoresis_alfatex-gloves-01-768x759.png 768w\" sizes=\"(max-width: 1337px) 100vw, 1337px\" \/>\t\t\t\t\t\t\t\t\t\t\t\t\t\t\t<\/div>\n\t\t\t\t<\/div>\n\t\t\t\t<div class=\"elementor-element elementor-element-b810693 elementor-widget elementor-widget-text-editor\" data-id=\"b810693\" data-element_type=\"widget\" data-e-type=\"widget\" data-widget_type=\"text-editor.default\">\n\t\t\t\t<div class=\"elementor-widget-container\">\n\t\t\t\t\t\t\t\t\t<p><span style=\"font-weight: 400;\">Test d&rsquo;\u00e9lectrophor\u00e8se effectu\u00e9 sur les \u00e9chantillons de latex liquide contenant environ 35% de caoutchouc sec: (de gauche \u00e0 droite) latex ammoniaqu\u00e9, latex naturel sans additif, Alfapreno et Betapreno. <\/span><\/p>\n\t\t\t\t\t\t\t\t<\/div>\n\t\t\t\t<\/div>\n\t\t\t\t\t<\/div>\n\t\t<\/div>\n\t\t\t\t<div class=\"elementor-column elementor-col-33 elementor-top-column elementor-element elementor-element-ea3b6f8\" data-id=\"ea3b6f8\" data-element_type=\"column\" data-e-type=\"column\">\n\t\t\t<div class=\"elementor-widget-wrap elementor-element-populated\">\n\t\t\t\t\t\t<div class=\"elementor-element elementor-element-6440602 elementor-widget elementor-widget-image\" data-id=\"6440602\" data-element_type=\"widget\" data-e-type=\"widget\" data-widget_type=\"image.default\">\n\t\t\t\t<div class=\"elementor-widget-container\">\n\t\t\t\t\t\t\t\t\t\t\t\t\t\t\t<img loading=\"lazy\" decoding=\"async\" width=\"1451\" height=\"1271\" src=\"https:\/\/aflatextechnologies.com\/wp-content\/uploads\/2023\/03\/Electrophoresis_alfatex-gloves-02.png\" class=\"attachment-full size-full wp-image-1689\" alt=\"\" srcset=\"https:\/\/aflatextechnologies.com\/wp-content\/uploads\/2023\/03\/Electrophoresis_alfatex-gloves-02.png 1451w, https:\/\/aflatextechnologies.com\/wp-content\/uploads\/2023\/03\/Electrophoresis_alfatex-gloves-02-300x263.png 300w, https:\/\/aflatextechnologies.com\/wp-content\/uploads\/2023\/03\/Electrophoresis_alfatex-gloves-02-1024x897.png 1024w, https:\/\/aflatextechnologies.com\/wp-content\/uploads\/2023\/03\/Electrophoresis_alfatex-gloves-02-768x673.png 768w\" sizes=\"(max-width: 1451px) 100vw, 1451px\" \/>\t\t\t\t\t\t\t\t\t\t\t\t\t\t\t<\/div>\n\t\t\t\t<\/div>\n\t\t\t\t<div class=\"elementor-element elementor-element-8a460e2 elementor-widget elementor-widget-text-editor\" data-id=\"8a460e2\" data-element_type=\"widget\" data-e-type=\"widget\" data-widget_type=\"text-editor.default\">\n\t\t\t\t<div class=\"elementor-widget-container\">\n\t\t\t\t\t\t\t\t\t<p><span style=\"font-weight: 400;\">Test d&rsquo;\u00e9lectrophor\u00e8se effectu\u00e9 sur les \u00e9chantillons de latex liquide centrifug\u00e9s contenant environ 60% de caoutchouc sec: (de gauche \u00e0 droite) Alfapreno, Betapreno et deux \u00e9chantillons de latex ammoniaqu\u00e9.<\/span><\/p>\n\t\t\t\t\t\t\t\t<\/div>\n\t\t\t\t<\/div>\n\t\t\t\t\t<\/div>\n\t\t<\/div>\n\t\t\t\t\t<\/div>\n\t\t<\/section>\n\t\t\t\t<\/div>\n\t\t","protected":false},"excerpt":{"rendered":"<p>Gants aflatex L\u2019AFLatex avec 60% de teneur en caoutchouc sec a \u00e9t\u00e9 transform\u00e9 avec succ\u00e8s en gants en caoutchouc Les recherches actuelles utilisant l&rsquo;\u00e9lectrophor\u00e8se et les tests ELISA ont montr\u00e9 que les gants en AFLatex ont r\u00e9duit la teneur en prot\u00e9ines allerg\u00e8nes \u00e0 seulement 45%. Processus d&rsquo;\u00e9lectrophor\u00e8se Test d&rsquo;\u00e9lectrophor\u00e8se effectu\u00e9 sur les \u00e9chantillons de latex [&hellip;]<\/p>\n","protected":false},"author":1,"featured_media":0,"parent":0,"menu_order":0,"comment_status":"closed","ping_status":"closed","template":"elementor_header_footer","meta":{"footnotes":""},"class_list":["post-1752","page","type-page","status-publish","hentry"],"_links":{"self":[{"href":"https:\/\/aflatextechnologies.com\/fr\/wp-json\/wp\/v2\/pages\/1752","targetHints":{"allow":["GET"]}}],"collection":[{"href":"https:\/\/aflatextechnologies.com\/fr\/wp-json\/wp\/v2\/pages"}],"about":[{"href":"https:\/\/aflatextechnologies.com\/fr\/wp-json\/wp\/v2\/types\/page"}],"author":[{"embeddable":true,"href":"https:\/\/aflatextechnologies.com\/fr\/wp-json\/wp\/v2\/users\/1"}],"replies":[{"embeddable":true,"href":"https:\/\/aflatextechnologies.com\/fr\/wp-json\/wp\/v2\/comments?post=1752"}],"version-history":[{"count":1,"href":"https:\/\/aflatextechnologies.com\/fr\/wp-json\/wp\/v2\/pages\/1752\/revisions"}],"predecessor-version":[{"id":1753,"href":"https:\/\/aflatextechnologies.com\/fr\/wp-json\/wp\/v2\/pages\/1752\/revisions\/1753"}],"wp:attachment":[{"href":"https:\/\/aflatextechnologies.com\/fr\/wp-json\/wp\/v2\/media?parent=1752"}],"curies":[{"name":"wp","href":"https:\/\/api.w.org\/{rel}","templated":true}]}}