{"id":2380,"date":"2023-11-27T10:25:57","date_gmt":"2023-11-27T10:25:57","guid":{"rendered":"https:\/\/aflatextechnologies.com\/a-propos-de-nous\/"},"modified":"2025-07-22T10:22:25","modified_gmt":"2025-07-22T09:22:25","slug":"a-propos-de-nous","status":"publish","type":"page","link":"https:\/\/aflatextechnologies.com\/fr\/a-propos-de-nous\/","title":{"rendered":"\u00c0 propos de nous"},"content":{"rendered":"\t\t<div data-elementor-type=\"wp-page\" data-elementor-id=\"2380\" class=\"elementor elementor-2380 elementor-2004\" data-elementor-settings=\"{&quot;ha_cmc_init_switcher&quot;:&quot;no&quot;}\" data-elementor-post-type=\"page\">\n\t\t\t\t\t\t<section class=\"elementor-section elementor-top-section elementor-element elementor-element-43b67095 elementor-section-boxed elementor-section-height-default elementor-section-height-default\" data-id=\"43b67095\" data-element_type=\"section\" data-e-type=\"section\" data-settings=\"{&quot;background_background&quot;:&quot;classic&quot;,&quot;_ha_eqh_enable&quot;:false}\">\n\t\t\t\t\t\t\t<div class=\"elementor-background-overlay\"><\/div>\n\t\t\t\t\t\t\t<div class=\"elementor-container elementor-column-gap-default\">\n\t\t\t\t\t<div class=\"elementor-column elementor-col-100 elementor-top-column elementor-element elementor-element-136f9e76\" data-id=\"136f9e76\" data-element_type=\"column\" data-e-type=\"column\" data-settings=\"{&quot;background_background&quot;:&quot;classic&quot;}\">\n\t\t\t<div class=\"elementor-widget-wrap elementor-element-populated\">\n\t\t\t\t\t\t<div class=\"elementor-element elementor-element-1d8e6eac elementor-widget elementor-widget-heading\" data-id=\"1d8e6eac\" data-element_type=\"widget\" data-e-type=\"widget\" data-widget_type=\"heading.default\">\n\t\t\t\t<div class=\"elementor-widget-container\">\n\t\t\t\t\t<h2 class=\"elementor-heading-title elementor-size-default\">\u00c0 propos de nous<\/h2>\t\t\t\t<\/div>\n\t\t\t\t<\/div>\n\t\t\t\t<div class=\"elementor-element elementor-element-fe1e5fe elementor-hidden-tablet elementor-hidden-phone elementor-invisible elementor-widget elementor-widget-ha-gradient-heading happy-addon ha-gradient-heading\" data-id=\"fe1e5fe\" data-element_type=\"widget\" data-e-type=\"widget\" data-settings=\"{&quot;_animation&quot;:&quot;fadeIn&quot;,&quot;_animation_delay&quot;:250}\" data-widget_type=\"ha-gradient-heading.default\">\n\t\t\t\t<div class=\"elementor-widget-container\">\n\t\t\t\t\t<h2 class=\"ha-gradient-heading\">aflatex<\/h2>\t\t\t\t<\/div>\n\t\t\t\t<\/div>\n\t\t\t\t\t<\/div>\n\t\t<\/div>\n\t\t\t\t\t<\/div>\n\t\t<\/section>\n\t\t\t\t<section class=\"elementor-section elementor-top-section elementor-element elementor-element-4840d42 elementor-section-boxed elementor-section-height-default elementor-section-height-default\" data-id=\"4840d42\" data-element_type=\"section\" data-e-type=\"section\" data-settings=\"{&quot;_ha_eqh_enable&quot;:false}\">\n\t\t\t\t\t\t<div class=\"elementor-container elementor-column-gap-default\">\n\t\t\t\t\t<div class=\"elementor-column elementor-col-100 elementor-top-column elementor-element elementor-element-566158df\" data-id=\"566158df\" data-element_type=\"column\" data-e-type=\"column\" data-settings=\"{&quot;background_background&quot;:&quot;classic&quot;}\">\n\t\t\t<div class=\"elementor-widget-wrap elementor-element-populated\">\n\t\t\t\t\t\t<div class=\"elementor-element elementor-element-6a48d10a elementor-invisible elementor-widget elementor-widget-heading\" data-id=\"6a48d10a\" data-element_type=\"widget\" data-e-type=\"widget\" data-settings=\"{&quot;_animation&quot;:&quot;fadeIn&quot;}\" data-widget_type=\"heading.default\">\n\t\t\t\t<div class=\"elementor-widget-container\">\n\t\t\t\t\t<h6 class=\"elementor-heading-title elementor-size-default\">\u00c0 PROPOS DE NOUS<\/h6>\t\t\t\t<\/div>\n\t\t\t\t<\/div>\n\t\t\t\t<div class=\"elementor-element elementor-element-31d0f85b elementor-invisible elementor-widget elementor-widget-heading\" data-id=\"31d0f85b\" data-element_type=\"widget\" data-e-type=\"widget\" data-settings=\"{&quot;_animation_delay&quot;:100,&quot;_animation&quot;:&quot;fadeInUp&quot;}\" data-widget_type=\"heading.default\">\n\t\t\t\t<div class=\"elementor-widget-container\">\n\t\t\t\t\t<h2 class=\"elementor-heading-title elementor-size-default\">Notre \u00e9quipe<\/h2>\t\t\t\t<\/div>\n\t\t\t\t<\/div>\n\t\t\t\t<section class=\"elementor-section elementor-inner-section elementor-element elementor-element-8d039c3 elementor-section-content-middle elementor-section-boxed elementor-section-height-default elementor-section-height-default elementor-invisible\" data-id=\"8d039c3\" data-element_type=\"section\" data-e-type=\"section\" data-settings=\"{&quot;animation&quot;:&quot;fadeInLeft&quot;,&quot;_ha_eqh_enable&quot;:false}\">\n\t\t\t\t\t\t<div class=\"elementor-container elementor-column-gap-default\">\n\t\t\t\t\t<div class=\"elementor-column elementor-col-50 elementor-inner-column elementor-element elementor-element-5e9c534\" data-id=\"5e9c534\" data-element_type=\"column\" data-e-type=\"column\">\n\t\t\t<div class=\"elementor-widget-wrap elementor-element-populated\">\n\t\t\t\t\t\t<div class=\"elementor-element elementor-element-95bdd3d elementor-widget elementor-widget-image\" data-id=\"95bdd3d\" data-element_type=\"widget\" data-e-type=\"widget\" data-widget_type=\"image.default\">\n\t\t\t\t<div class=\"elementor-widget-container\">\n\t\t\t\t\t\t\t\t\t\t\t\t\t\t\t<img fetchpriority=\"high\" decoding=\"async\" width=\"800\" height=\"795\" src=\"https:\/\/aflatextechnologies.com\/wp-content\/uploads\/2023\/11\/Julio-Photo.webp\" class=\"attachment-large size-large wp-image-2022\" alt=\"\" srcset=\"https:\/\/aflatextechnologies.com\/wp-content\/uploads\/2023\/11\/Julio-Photo.webp 966w, https:\/\/aflatextechnologies.com\/wp-content\/uploads\/2023\/11\/Julio-Photo-300x298.webp 300w, https:\/\/aflatextechnologies.com\/wp-content\/uploads\/2023\/11\/Julio-Photo-150x150.webp 150w, https:\/\/aflatextechnologies.com\/wp-content\/uploads\/2023\/11\/Julio-Photo-768x763.webp 768w\" sizes=\"(max-width: 800px) 100vw, 800px\" \/>\t\t\t\t\t\t\t\t\t\t\t\t\t\t\t<\/div>\n\t\t\t\t<\/div>\n\t\t\t\t\t<\/div>\n\t\t<\/div>\n\t\t\t\t<div class=\"elementor-column elementor-col-50 elementor-inner-column elementor-element elementor-element-c3efbbf\" data-id=\"c3efbbf\" data-element_type=\"column\" data-e-type=\"column\">\n\t\t\t<div class=\"elementor-widget-wrap elementor-element-populated\">\n\t\t\t\t\t\t<div class=\"elementor-element elementor-element-d9cb5f3 elementor-widget elementor-widget-heading\" data-id=\"d9cb5f3\" data-element_type=\"widget\" data-e-type=\"widget\" data-widget_type=\"heading.default\">\n\t\t\t\t<div class=\"elementor-widget-container\">\n\t\t\t\t\t<h2 class=\"elementor-heading-title elementor-size-default\">Julio Cesar Rodriguez<\/h2>\t\t\t\t<\/div>\n\t\t\t\t<\/div>\n\t\t\t\t<div class=\"elementor-element elementor-element-e51617c elementor-widget elementor-widget-heading\" data-id=\"e51617c\" data-element_type=\"widget\" data-e-type=\"widget\" data-widget_type=\"heading.default\">\n\t\t\t\t<div class=\"elementor-widget-container\">\n\t\t\t\t\t<h2 class=\"elementor-heading-title elementor-size-default\">Fondateur et CSO<\/h2>\t\t\t\t<\/div>\n\t\t\t\t<\/div>\n\t\t\t\t<div class=\"elementor-element elementor-element-7c30ad1 elementor-widget elementor-widget-text-editor\" data-id=\"7c30ad1\" data-element_type=\"widget\" data-e-type=\"widget\" data-widget_type=\"text-editor.default\">\n\t\t\t\t<div class=\"elementor-widget-container\">\n\t\t\t\t\t\t\t\t\t<p>Julio C\u00e9sar Rodr\u00edguez est ing\u00e9nieur chimiste et poss\u00e8de 35 ans d&rsquo;exp\u00e9rience dans les industries du p\u00e9trole, du gaz et du caoutchouc. Tout au long de sa carri\u00e8re, il a dirig\u00e9 des groupes de recherche et de d\u00e9veloppement sur le brut lourd, le contr\u00f4le de la corrosion, les proc\u00e9d\u00e9s, le traitement de l&rsquo;eau, les traitements chimiques de surface et la qualit\u00e9 dans diverses entreprises telles que NALCO, HOECHST et BASF. Ses travaux ont donn\u00e9 lieu \u00e0 des brevets et il participe r\u00e9guli\u00e8rement \u00e0 des cours de formation en Am\u00e9rique latine. Il est le fondateur, propri\u00e9taire, pr\u00e9sident et directeur scientifique de SOAN Laboratorios S.A.S., une entreprise d\u00e9di\u00e9e \u00e0 la recherche scientifique dans le domaine des sciences physico-chimiques, et propri\u00e9taire de la marque d\u00e9pos\u00e9e AFLatex.   <\/p>\t\t\t\t\t\t\t\t<\/div>\n\t\t\t\t<\/div>\n\t\t\t\t\t<\/div>\n\t\t<\/div>\n\t\t\t\t\t<\/div>\n\t\t<\/section>\n\t\t\t\t<section class=\"elementor-section elementor-inner-section elementor-element elementor-element-b470be7 elementor-section-content-middle elementor-reverse-mobile elementor-section-boxed elementor-section-height-default elementor-section-height-default elementor-invisible\" data-id=\"b470be7\" data-element_type=\"section\" data-e-type=\"section\" data-settings=\"{&quot;animation&quot;:&quot;fadeInRight&quot;,&quot;_ha_eqh_enable&quot;:false}\">\n\t\t\t\t\t\t<div class=\"elementor-container elementor-column-gap-default\">\n\t\t\t\t\t<div class=\"elementor-column elementor-col-50 elementor-inner-column elementor-element elementor-element-c89060a\" data-id=\"c89060a\" data-element_type=\"column\" data-e-type=\"column\">\n\t\t\t<div class=\"elementor-widget-wrap elementor-element-populated\">\n\t\t\t\t\t\t<div class=\"elementor-element elementor-element-03fd13c elementor-widget elementor-widget-heading\" data-id=\"03fd13c\" data-element_type=\"widget\" data-e-type=\"widget\" data-widget_type=\"heading.default\">\n\t\t\t\t<div class=\"elementor-widget-container\">\n\t\t\t\t\t<h2 class=\"elementor-heading-title elementor-size-default\">Prof. Tim A Osswald\n<\/h2>\t\t\t\t<\/div>\n\t\t\t\t<\/div>\n\t\t\t\t<div class=\"elementor-element elementor-element-804d65a elementor-widget elementor-widget-heading\" data-id=\"804d65a\" data-element_type=\"widget\" data-e-type=\"widget\" data-widget_type=\"heading.default\">\n\t\t\t\t<div class=\"elementor-widget-container\">\n\t\t\t\t\t<h2 class=\"elementor-heading-title elementor-size-default\">PDG<\/h2>\t\t\t\t<\/div>\n\t\t\t\t<\/div>\n\t\t\t\t<div class=\"elementor-element elementor-element-d621e86 elementor-widget elementor-widget-text-editor\" data-id=\"d621e86\" data-element_type=\"widget\" data-e-type=\"widget\" data-widget_type=\"text-editor.default\">\n\t\t\t\t<div class=\"elementor-widget-container\">\n\t\t\t\t\t\t\t\t\t<p>Tim A. Osswald codirige le Polymer Engineering Center de l&rsquo;universit\u00e9 du Wisconsin-Madison, o\u00f9 il enseigne et fait de la recherche dans le domaine de l&rsquo;ing\u00e9nierie des polym\u00e8res depuis plus de 30 ans. Il est \u00e9galement professeur honoraire \u00e0 l&rsquo;universit\u00e9 d&rsquo;Erlangen-Nuremberg en Allemagne et \u00e0 l&rsquo;universit\u00e9 nationale de Bogota en Colombie. Il si\u00e8ge au conseil consultatif de la Soci\u00e9t\u00e9 latino-am\u00e9ricaine de technologie du caoutchouc (SLTC) et poss\u00e8de et exploite avec sa famille une plantation d&rsquo;h\u00e9v\u00e9as en Colombie. Il est l&rsquo;auteur de plus de 400 articles techniques et d&rsquo;une douzaine de livres dans le domaine de l&rsquo;ing\u00e9nierie des polym\u00e8res. Le professeur Osswald si\u00e8ge au conseil scientifique de SABIC et a \u00e9t\u00e9 conseiller du pr\u00e9sident colombien lors de la cr\u00e9ation d&rsquo;un minist\u00e8re de la science et de la technologie.    <\/p>\t\t\t\t\t\t\t\t<\/div>\n\t\t\t\t<\/div>\n\t\t\t\t\t<\/div>\n\t\t<\/div>\n\t\t\t\t<div class=\"elementor-column elementor-col-50 elementor-inner-column elementor-element elementor-element-cd27630\" data-id=\"cd27630\" data-element_type=\"column\" data-e-type=\"column\">\n\t\t\t<div class=\"elementor-widget-wrap elementor-element-populated\">\n\t\t\t\t\t\t<div class=\"elementor-element elementor-element-72fe27d elementor-widget elementor-widget-image\" data-id=\"72fe27d\" data-element_type=\"widget\" data-e-type=\"widget\" data-widget_type=\"image.default\">\n\t\t\t\t<div class=\"elementor-widget-container\">\n\t\t\t\t\t\t\t\t\t\t\t\t\t\t\t<img decoding=\"async\" width=\"800\" height=\"798\" src=\"https:\/\/aflatextechnologies.com\/wp-content\/uploads\/2023\/11\/Osswald-Photo.webp\" class=\"attachment-large size-large wp-image-2027\" alt=\"\" srcset=\"https:\/\/aflatextechnologies.com\/wp-content\/uploads\/2023\/11\/Osswald-Photo.webp 960w, https:\/\/aflatextechnologies.com\/wp-content\/uploads\/2023\/11\/Osswald-Photo-300x300.webp 300w, https:\/\/aflatextechnologies.com\/wp-content\/uploads\/2023\/11\/Osswald-Photo-150x150.webp 150w, https:\/\/aflatextechnologies.com\/wp-content\/uploads\/2023\/11\/Osswald-Photo-768x766.webp 768w\" sizes=\"(max-width: 800px) 100vw, 800px\" \/>\t\t\t\t\t\t\t\t\t\t\t\t\t\t\t<\/div>\n\t\t\t\t<\/div>\n\t\t\t\t\t<\/div>\n\t\t<\/div>\n\t\t\t\t\t<\/div>\n\t\t<\/section>\n\t\t\t\t<section class=\"elementor-section elementor-inner-section elementor-element elementor-element-6ef79b8 elementor-section-content-middle elementor-reverse-mobile elementor-section-boxed elementor-section-height-default elementor-section-height-default elementor-invisible\" data-id=\"6ef79b8\" data-element_type=\"section\" data-e-type=\"section\" data-settings=\"{&quot;animation&quot;:&quot;fadeInRight&quot;,&quot;_ha_eqh_enable&quot;:false}\">\n\t\t\t\t\t\t<div class=\"elementor-container elementor-column-gap-default\">\n\t\t\t\t\t<div class=\"elementor-column elementor-col-50 elementor-inner-column elementor-element elementor-element-b8c0bdd\" data-id=\"b8c0bdd\" data-element_type=\"column\" data-e-type=\"column\">\n\t\t\t<div class=\"elementor-widget-wrap elementor-element-populated\">\n\t\t\t\t\t\t<div class=\"elementor-element elementor-element-d541de7 elementor-widget elementor-widget-image\" data-id=\"d541de7\" data-element_type=\"widget\" data-e-type=\"widget\" data-widget_type=\"image.default\">\n\t\t\t\t<div class=\"elementor-widget-container\">\n\t\t\t\t\t\t\t\t\t\t\t\t\t\t\t<img decoding=\"async\" width=\"768\" height=\"1024\" src=\"https:\/\/aflatextechnologies.com\/wp-content\/uploads\/2025\/07\/Eric-Adler-Photo-768x1024.jpg\" class=\"attachment-large size-large wp-image-2422\" alt=\"\" srcset=\"https:\/\/aflatextechnologies.com\/wp-content\/uploads\/2025\/07\/Eric-Adler-Photo-768x1024.jpg 768w, https:\/\/aflatextechnologies.com\/wp-content\/uploads\/2025\/07\/Eric-Adler-Photo-225x300.jpg 225w, https:\/\/aflatextechnologies.com\/wp-content\/uploads\/2025\/07\/Eric-Adler-Photo-1152x1536.jpg 1152w, https:\/\/aflatextechnologies.com\/wp-content\/uploads\/2025\/07\/Eric-Adler-Photo.jpg 1536w\" sizes=\"(max-width: 768px) 100vw, 768px\" \/>\t\t\t\t\t\t\t\t\t\t\t\t\t\t\t<\/div>\n\t\t\t\t<\/div>\n\t\t\t\t\t<\/div>\n\t\t<\/div>\n\t\t\t\t<div class=\"elementor-column elementor-col-50 elementor-inner-column elementor-element elementor-element-2aa63a5\" data-id=\"2aa63a5\" data-element_type=\"column\" data-e-type=\"column\">\n\t\t\t<div class=\"elementor-widget-wrap elementor-element-populated\">\n\t\t\t\t\t\t<div class=\"elementor-element elementor-element-e306e18 elementor-widget elementor-widget-heading\" data-id=\"e306e18\" data-element_type=\"widget\" data-e-type=\"widget\" data-widget_type=\"heading.default\">\n\t\t\t\t<div class=\"elementor-widget-container\">\n\t\t\t\t\t<h2 class=\"elementor-heading-title elementor-size-default\">Eric P Adler<\/h2>\t\t\t\t<\/div>\n\t\t\t\t<\/div>\n\t\t\t\t<div class=\"elementor-element elementor-element-c55cb37 elementor-widget elementor-widget-heading\" data-id=\"c55cb37\" data-element_type=\"widget\" data-e-type=\"widget\" data-widget_type=\"heading.default\">\n\t\t\t\t<div class=\"elementor-widget-container\">\n\t\t\t\t\t<h2 class=\"elementor-heading-title elementor-size-default\">CFO<\/h2>\t\t\t\t<\/div>\n\t\t\t\t<\/div>\n\t\t\t\t<div class=\"elementor-element elementor-element-2b48b4f elementor-widget elementor-widget-text-editor\" data-id=\"2b48b4f\" data-element_type=\"widget\" data-e-type=\"widget\" data-widget_type=\"text-editor.default\">\n\t\t\t\t<div class=\"elementor-widget-container\">\n\t\t\t\t\t\t\t\t\t<p>Eric Adler a 12 ans d&rsquo;exp\u00e9rience dans le secteur financier, o\u00f9 il fournit \u00e0 ses clients des services de gestion d&rsquo;actifs, de conseil fiscal et financier. Il est actuellement propri\u00e9taire et fondateur d&rsquo;Adler Financial LLC, une soci\u00e9t\u00e9 de conseil en investissement enregistr\u00e9e (RIA) qui propose des services de gestion d&rsquo;actifs ainsi que des services de planification et de conseil personnels et professionnels. Il a aid\u00e9 de nombreux clients \u00e0 prendre des d\u00e9cisions financi\u00e8res, fiscales et structurelles dans le cadre de leurs activit\u00e9s professionnelles. Eric est \u00e9galement un agent enregistr\u00e9 reconnu par l&rsquo;Internal Revenue Service (IRS) des \u00c9tats-Unis d&rsquo;Am\u00e9rique. Il fournit des services de planification, de pr\u00e9paration et de d\u00e9p\u00f4t de d\u00e9clarations fiscales, ainsi que des services de repr\u00e9sentation \u00e0 ses clients par l&rsquo;interm\u00e9diaire de son entreprise, Adler Financial LLC.    <\/p>\t\t\t\t\t\t\t\t<\/div>\n\t\t\t\t<\/div>\n\t\t\t\t\t<\/div>\n\t\t<\/div>\n\t\t\t\t\t<\/div>\n\t\t<\/section>\n\t\t\t\t<section class=\"elementor-section elementor-inner-section elementor-element elementor-element-5aa89c0 elementor-section-content-middle elementor-section-boxed elementor-section-height-default elementor-section-height-default elementor-invisible\" data-id=\"5aa89c0\" data-element_type=\"section\" data-e-type=\"section\" data-settings=\"{&quot;animation&quot;:&quot;fadeInLeft&quot;,&quot;_ha_eqh_enable&quot;:false}\">\n\t\t\t\t\t\t<div class=\"elementor-container elementor-column-gap-default\">\n\t\t\t\t\t<div class=\"elementor-column elementor-col-50 elementor-inner-column elementor-element elementor-element-101e645\" data-id=\"101e645\" data-element_type=\"column\" data-e-type=\"column\">\n\t\t\t<div class=\"elementor-widget-wrap elementor-element-populated\">\n\t\t\t\t\t\t<div class=\"elementor-element elementor-element-91c9964 elementor-widget elementor-widget-heading\" data-id=\"91c9964\" data-element_type=\"widget\" data-e-type=\"widget\" data-widget_type=\"heading.default\">\n\t\t\t\t<div class=\"elementor-widget-container\">\n\t\t\t\t\t<h2 class=\"elementor-heading-title elementor-size-default\">Allen J Roman<\/h2>\t\t\t\t<\/div>\n\t\t\t\t<\/div>\n\t\t\t\t<div class=\"elementor-element elementor-element-c9c1999 elementor-widget elementor-widget-heading\" data-id=\"c9c1999\" data-element_type=\"widget\" data-e-type=\"widget\" data-widget_type=\"heading.default\">\n\t\t\t\t<div class=\"elementor-widget-container\">\n\t\t\t\t\t<h2 class=\"elementor-heading-title elementor-size-default\">CTO<\/h2>\t\t\t\t<\/div>\n\t\t\t\t<\/div>\n\t\t\t\t<div class=\"elementor-element elementor-element-7864b98 elementor-widget elementor-widget-text-editor\" data-id=\"7864b98\" data-element_type=\"widget\" data-e-type=\"widget\" data-widget_type=\"text-editor.default\">\n\t\t\t\t<div class=\"elementor-widget-container\">\n\t\t\t\t\t\t\t\t\t<p>Allen Jonathan Rom\u00e1n est ing\u00e9nieur en chef du Polymer Engineering Center de l&rsquo;universit\u00e9 du Wisconsin-Madison, o\u00f9 il co-supervise tous les projets de recherche en ing\u00e9nierie des polym\u00e8res. Il est \u00e9galement chercheur post-doctoral \u00e0 l&rsquo;Argonne National Laboratory. Il travaille sur la fusion de l&rsquo;intelligence artificielle et de la science des polym\u00e8res pour acc\u00e9l\u00e9rer le d\u00e9veloppement des mat\u00e9riaux, notamment les formulations de caoutchouc naturel, et pour faciliter le d\u00e9veloppement de syst\u00e8mes de fabrication intelligents. Ses travaux ont donn\u00e9 lieu \u00e0 un nouveau brevet d&rsquo;imprimante 3D, \u00e0 de multiples publications scientifiques de renomm\u00e9e mondiale et \u00e0 de nombreuses pr\u00e9sentations lors de conf\u00e9rences. Il a gagn\u00e9 la confiance de l&rsquo;industrie en tant qu&rsquo;examinateur pour de nombreuses revues scientifiques et fait partie du comit\u00e9 scientifique sur l&rsquo;apprentissage automatique pour la conf\u00e9rence annuelle de la Polymer Processing Society.   <\/p>\t\t\t\t\t\t\t\t<\/div>\n\t\t\t\t<\/div>\n\t\t\t\t\t<\/div>\n\t\t<\/div>\n\t\t\t\t<div class=\"elementor-column elementor-col-50 elementor-inner-column elementor-element elementor-element-46811a0\" data-id=\"46811a0\" data-element_type=\"column\" data-e-type=\"column\">\n\t\t\t<div class=\"elementor-widget-wrap elementor-element-populated\">\n\t\t\t\t\t\t<div class=\"elementor-element elementor-element-f1aa526 elementor-widget elementor-widget-image\" data-id=\"f1aa526\" data-element_type=\"widget\" data-e-type=\"widget\" data-widget_type=\"image.default\">\n\t\t\t\t<div class=\"elementor-widget-container\">\n\t\t\t\t\t\t\t\t\t\t\t\t\t\t\t<img loading=\"lazy\" decoding=\"async\" width=\"800\" height=\"800\" src=\"https:\/\/aflatextechnologies.com\/wp-content\/uploads\/2023\/11\/Allen-Photo.webp\" class=\"attachment-large size-large wp-image-2007\" alt=\"\" srcset=\"https:\/\/aflatextechnologies.com\/wp-content\/uploads\/2023\/11\/Allen-Photo.webp 960w, https:\/\/aflatextechnologies.com\/wp-content\/uploads\/2023\/11\/Allen-Photo-300x300.webp 300w, https:\/\/aflatextechnologies.com\/wp-content\/uploads\/2023\/11\/Allen-Photo-150x150.webp 150w, https:\/\/aflatextechnologies.com\/wp-content\/uploads\/2023\/11\/Allen-Photo-768x768.webp 768w\" sizes=\"(max-width: 800px) 100vw, 800px\" \/>\t\t\t\t\t\t\t\t\t\t\t\t\t\t\t<\/div>\n\t\t\t\t<\/div>\n\t\t\t\t\t<\/div>\n\t\t<\/div>\n\t\t\t\t\t<\/div>\n\t\t<\/section>\n\t\t\t\t\t<\/div>\n\t\t<\/div>\n\t\t\t\t\t<\/div>\n\t\t<\/section>\n\t\t\t\t<section class=\"elementor-section elementor-top-section elementor-element elementor-element-4ec9570f elementor-section-boxed elementor-section-height-default elementor-section-height-default\" data-id=\"4ec9570f\" data-element_type=\"section\" data-e-type=\"section\" data-settings=\"{&quot;background_background&quot;:&quot;classic&quot;,&quot;_ha_eqh_enable&quot;:false}\">\n\t\t\t\t\t\t\t<div class=\"elementor-background-overlay\"><\/div>\n\t\t\t\t\t\t\t<div class=\"elementor-container elementor-column-gap-default\">\n\t\t\t\t\t<div class=\"elementor-column elementor-col-50 elementor-top-column elementor-element elementor-element-4a08b23c\" data-id=\"4a08b23c\" data-element_type=\"column\" data-e-type=\"column\" data-settings=\"{&quot;background_background&quot;:&quot;classic&quot;}\">\n\t\t\t<div class=\"elementor-widget-wrap elementor-element-populated\">\n\t\t\t\t\t\t<div class=\"elementor-element elementor-element-432b862f elementor-widget elementor-widget-heading\" data-id=\"432b862f\" data-element_type=\"widget\" data-e-type=\"widget\" data-widget_type=\"heading.default\">\n\t\t\t\t<div class=\"elementor-widget-container\">\n\t\t\t\t\t<h2 class=\"elementor-heading-title elementor-size-default\">Vous souhaitez en savoir plus<br>sur AFLatex Technology ?<\/h2>\t\t\t\t<\/div>\n\t\t\t\t<\/div>\n\t\t\t\t\t<\/div>\n\t\t<\/div>\n\t\t\t\t<div class=\"elementor-column elementor-col-50 elementor-top-column elementor-element elementor-element-5c4be668\" data-id=\"5c4be668\" data-element_type=\"column\" data-e-type=\"column\" data-settings=\"{&quot;background_background&quot;:&quot;classic&quot;}\">\n\t\t\t<div class=\"elementor-widget-wrap elementor-element-populated\">\n\t\t\t\t\t\t<div class=\"elementor-element elementor-element-bb78e84 elementor-widget__width-initial elementor-absolute elementor-hidden-mobile elementor-invisible elementor-widget elementor-widget-image\" data-id=\"bb78e84\" data-element_type=\"widget\" data-e-type=\"widget\" data-settings=\"{&quot;_position&quot;:&quot;absolute&quot;,&quot;_animation&quot;:&quot;fadeIn&quot;}\" data-widget_type=\"image.default\">\n\t\t\t\t<div class=\"elementor-widget-container\">\n\t\t\t\t\t\t\t\t\t\t\t\t\t\t\t<img loading=\"lazy\" decoding=\"async\" width=\"800\" height=\"995\" src=\"https:\/\/aflatextechnologies.com\/wp-content\/uploads\/2023\/03\/hevea-brasiliensis-leaf_aflatex-823x1024.webp\" class=\"attachment-large size-large wp-image-1661\" alt=\"\" srcset=\"https:\/\/aflatextechnologies.com\/wp-content\/uploads\/2023\/03\/hevea-brasiliensis-leaf_aflatex-823x1024.webp 823w, https:\/\/aflatextechnologies.com\/wp-content\/uploads\/2023\/03\/hevea-brasiliensis-leaf_aflatex-241x300.webp 241w, https:\/\/aflatextechnologies.com\/wp-content\/uploads\/2023\/03\/hevea-brasiliensis-leaf_aflatex-768x956.webp 768w, https:\/\/aflatextechnologies.com\/wp-content\/uploads\/2023\/03\/hevea-brasiliensis-leaf_aflatex.webp 900w\" sizes=\"(max-width: 800px) 100vw, 800px\" \/>\t\t\t\t\t\t\t\t\t\t\t\t\t\t\t<\/div>\n\t\t\t\t<\/div>\n\t\t\t\t<div class=\"elementor-element elementor-element-395d8a11 elementor-align-right elementor-mobile-align-left elementor-widget elementor-widget-button\" data-id=\"395d8a11\" data-element_type=\"widget\" data-e-type=\"widget\" data-widget_type=\"button.default\">\n\t\t\t\t<div class=\"elementor-widget-container\">\n\t\t\t\t\t\t\t\t\t<div class=\"elementor-button-wrapper\">\n\t\t\t\t\t<a class=\"elementor-button elementor-button-link elementor-size-md\" href=\"https:\/\/aflatextechnologies.com\/fr\/contacts\/\">\n\t\t\t\t\t\t<span class=\"elementor-button-content-wrapper\">\n\t\t\t\t\t\t\t\t\t<span class=\"elementor-button-text\">Contactez-nous<\/span>\n\t\t\t\t\t<\/span>\n\t\t\t\t\t<\/a>\n\t\t\t\t<\/div>\n\t\t\t\t\t\t\t\t<\/div>\n\t\t\t\t<\/div>\n\t\t\t\t\t<\/div>\n\t\t<\/div>\n\t\t\t\t\t<\/div>\n\t\t<\/section>\n\t\t\t\t<\/div>\n\t\t","protected":false},"excerpt":{"rendered":"<p>\u00c0 propos de nous aflatex \u00c0 PROPOS DE NOUS Notre \u00e9quipe Julio Cesar Rodriguez Fondateur et CSO Julio C\u00e9sar Rodr\u00edguez est ing\u00e9nieur chimiste et poss\u00e8de 35 ans d&rsquo;exp\u00e9rience dans les industries du p\u00e9trole, du gaz et du caoutchouc. Tout au long de sa carri\u00e8re, il a dirig\u00e9 des groupes de recherche et de d\u00e9veloppement sur [&hellip;]<\/p>\n","protected":false},"author":1,"featured_media":0,"parent":0,"menu_order":0,"comment_status":"closed","ping_status":"closed","template":"","meta":{"footnotes":""},"class_list":["post-2380","page","type-page","status-publish","hentry"],"_links":{"self":[{"href":"https:\/\/aflatextechnologies.com\/fr\/wp-json\/wp\/v2\/pages\/2380","targetHints":{"allow":["GET"]}}],"collection":[{"href":"https:\/\/aflatextechnologies.com\/fr\/wp-json\/wp\/v2\/pages"}],"about":[{"href":"https:\/\/aflatextechnologies.com\/fr\/wp-json\/wp\/v2\/types\/page"}],"author":[{"embeddable":true,"href":"https:\/\/aflatextechnologies.com\/fr\/wp-json\/wp\/v2\/users\/1"}],"replies":[{"embeddable":true,"href":"https:\/\/aflatextechnologies.com\/fr\/wp-json\/wp\/v2\/comments?post=2380"}],"version-history":[{"count":2,"href":"https:\/\/aflatextechnologies.com\/fr\/wp-json\/wp\/v2\/pages\/2380\/revisions"}],"predecessor-version":[{"id":2451,"href":"https:\/\/aflatextechnologies.com\/fr\/wp-json\/wp\/v2\/pages\/2380\/revisions\/2451"}],"wp:attachment":[{"href":"https:\/\/aflatextechnologies.com\/fr\/wp-json\/wp\/v2\/media?parent=2380"}],"curies":[{"name":"wp","href":"https:\/\/api.w.org\/{rel}","templated":true}]}}