{"id":1838,"date":"2023-03-07T17:56:32","date_gmt":"2023-03-07T17:56:32","guid":{"rendered":"https:\/\/aflatextechnologies.com\/luvas\/"},"modified":"2023-05-24T15:42:47","modified_gmt":"2023-05-24T15:42:47","slug":"luvas","status":"publish","type":"page","link":"https:\/\/aflatextechnologies.com\/pt-pt\/luvas\/","title":{"rendered":"Luvas"},"content":{"rendered":"\t\t<div data-elementor-type=\"wp-page\" data-elementor-id=\"1838\" class=\"elementor elementor-1838 elementor-1160\" data-elementor-settings=\"{&quot;ha_cmc_init_switcher&quot;:&quot;no&quot;}\" data-elementor-post-type=\"page\">\n\t\t\t\t\t\t<section class=\"elementor-section elementor-top-section elementor-element elementor-element-4e6f54d elementor-section-boxed elementor-section-height-default elementor-section-height-default\" data-id=\"4e6f54d\" data-element_type=\"section\" data-e-type=\"section\" data-settings=\"{&quot;background_background&quot;:&quot;classic&quot;,&quot;_ha_eqh_enable&quot;:false}\">\n\t\t\t\t\t\t\t<div class=\"elementor-background-overlay\"><\/div>\n\t\t\t\t\t\t\t<div class=\"elementor-container elementor-column-gap-default\">\n\t\t\t\t\t<div class=\"elementor-column elementor-col-100 elementor-top-column elementor-element elementor-element-12cf5e6\" data-id=\"12cf5e6\" data-element_type=\"column\" data-e-type=\"column\" data-settings=\"{&quot;background_background&quot;:&quot;classic&quot;}\">\n\t\t\t<div class=\"elementor-widget-wrap elementor-element-populated\">\n\t\t\t\t\t\t<div class=\"elementor-element elementor-element-2a4162e elementor-widget elementor-widget-heading\" data-id=\"2a4162e\" data-element_type=\"widget\" data-e-type=\"widget\" data-widget_type=\"heading.default\">\n\t\t\t\t<div class=\"elementor-widget-container\">\n\t\t\t\t\t<h2 class=\"elementor-heading-title elementor-size-default\">Luvas<\/h2>\t\t\t\t<\/div>\n\t\t\t\t<\/div>\n\t\t\t\t<div class=\"elementor-element elementor-element-4877eae elementor-hidden-tablet elementor-hidden-phone elementor-invisible elementor-widget elementor-widget-ha-gradient-heading happy-addon ha-gradient-heading\" data-id=\"4877eae\" data-element_type=\"widget\" data-e-type=\"widget\" data-settings=\"{&quot;_animation&quot;:&quot;fadeIn&quot;,&quot;_animation_delay&quot;:250}\" data-widget_type=\"ha-gradient-heading.default\">\n\t\t\t\t<div class=\"elementor-widget-container\">\n\t\t\t\t\t<h2 class=\"ha-gradient-heading\">aflatex<\/h2>\t\t\t\t<\/div>\n\t\t\t\t<\/div>\n\t\t\t\t\t<\/div>\n\t\t<\/div>\n\t\t\t\t\t<\/div>\n\t\t<\/section>\n\t\t\t\t<section class=\"elementor-section elementor-top-section elementor-element elementor-element-941d270 elementor-section-boxed elementor-section-height-default elementor-section-height-default\" data-id=\"941d270\" data-element_type=\"section\" data-e-type=\"section\" data-settings=\"{&quot;_ha_eqh_enable&quot;:false}\">\n\t\t\t\t\t\t<div class=\"elementor-container elementor-column-gap-default\">\n\t\t\t\t\t<div class=\"elementor-column elementor-col-50 elementor-top-column elementor-element elementor-element-e47ebc2\" data-id=\"e47ebc2\" data-element_type=\"column\" data-e-type=\"column\">\n\t\t\t<div class=\"elementor-widget-wrap elementor-element-populated\">\n\t\t\t\t\t\t<div class=\"elementor-element elementor-element-eea3993 elementor-widget elementor-widget-image\" data-id=\"eea3993\" data-element_type=\"widget\" data-e-type=\"widget\" data-widget_type=\"image.default\">\n\t\t\t\t<div class=\"elementor-widget-container\">\n\t\t\t\t\t\t\t\t\t\t\t\t\t\t\t<img fetchpriority=\"high\" decoding=\"async\" width=\"800\" height=\"735\" src=\"https:\/\/aflatextechnologies.com\/wp-content\/uploads\/2023\/03\/gloves_1_aflatex.webp\" class=\"attachment-large size-large wp-image-1679\" alt=\"\" srcset=\"https:\/\/aflatextechnologies.com\/wp-content\/uploads\/2023\/03\/gloves_1_aflatex.webp 1000w, https:\/\/aflatextechnologies.com\/wp-content\/uploads\/2023\/03\/gloves_1_aflatex-300x276.webp 300w, https:\/\/aflatextechnologies.com\/wp-content\/uploads\/2023\/03\/gloves_1_aflatex-768x706.webp 768w\" sizes=\"(max-width: 800px) 100vw, 800px\" \/>\t\t\t\t\t\t\t\t\t\t\t\t\t\t\t<\/div>\n\t\t\t\t<\/div>\n\t\t\t\t\t<\/div>\n\t\t<\/div>\n\t\t\t\t<div class=\"elementor-column elementor-col-50 elementor-top-column elementor-element elementor-element-afb675b\" data-id=\"afb675b\" data-element_type=\"column\" data-e-type=\"column\" data-settings=\"{&quot;background_background&quot;:&quot;classic&quot;}\">\n\t\t\t<div class=\"elementor-widget-wrap elementor-element-populated\">\n\t\t\t\t\t\t<div class=\"elementor-element elementor-element-1b70d94 elementor-invisible elementor-widget elementor-widget-heading\" data-id=\"1b70d94\" data-element_type=\"widget\" data-e-type=\"widget\" data-settings=\"{&quot;_animation&quot;:&quot;fadeInUp&quot;}\" data-widget_type=\"heading.default\">\n\t\t\t\t<div class=\"elementor-widget-container\">\n\t\t\t\t\t<h2 class=\"elementor-heading-title elementor-size-default\">AFlatex com 60% de teor de borracha seca (DCR) foi transformado com sucesso em luvas de borracha.\n<\/h2>\t\t\t\t<\/div>\n\t\t\t\t<\/div>\n\t\t\t\t<div class=\"elementor-element elementor-element-bcd9061 elementor-invisible elementor-widget elementor-widget-text-editor\" data-id=\"bcd9061\" data-element_type=\"widget\" data-e-type=\"widget\" data-settings=\"{&quot;_animation&quot;:&quot;fadeIn&quot;,&quot;_animation_delay&quot;:200}\" data-widget_type=\"text-editor.default\">\n\t\t\t\t<div class=\"elementor-widget-container\">\n\t\t\t\t\t\t\t\t\t<p><span style=\"font-weight: 400;\">A pesquisa atual usando testes de eletroforese e ELISA mostrou que as luvas AFlatex reduziram o conte\u00fado de prote\u00edna alerg\u00e9nica para apenas 45%.<\/span><\/p>\n\t\t\t\t\t\t\t\t<\/div>\n\t\t\t\t<\/div>\n\t\t\t\t\t<\/div>\n\t\t<\/div>\n\t\t\t\t\t<\/div>\n\t\t<\/section>\n\t\t\t\t<section class=\"elementor-section elementor-top-section elementor-element elementor-element-44f0c5a elementor-section-content-top elementor-section-boxed elementor-section-height-default elementor-section-height-default\" data-id=\"44f0c5a\" data-element_type=\"section\" data-e-type=\"section\" data-settings=\"{&quot;background_background&quot;:&quot;classic&quot;,&quot;_ha_eqh_enable&quot;:false}\">\n\t\t\t\t\t\t<div class=\"elementor-container elementor-column-gap-default\">\n\t\t\t\t\t<div class=\"elementor-column elementor-col-33 elementor-top-column elementor-element elementor-element-45a45eb\" data-id=\"45a45eb\" data-element_type=\"column\" data-e-type=\"column\" data-settings=\"{&quot;background_background&quot;:&quot;classic&quot;}\">\n\t\t\t<div class=\"elementor-widget-wrap elementor-element-populated\">\n\t\t\t\t\t\t<div class=\"elementor-element elementor-element-bd2b3a7 elementor-widget elementor-widget-image\" data-id=\"bd2b3a7\" data-element_type=\"widget\" data-e-type=\"widget\" data-widget_type=\"image.default\">\n\t\t\t\t<div class=\"elementor-widget-container\">\n\t\t\t\t\t\t\t\t\t\t\t\t\t\t\t<img decoding=\"async\" width=\"1721\" height=\"1814\" src=\"https:\/\/aflatextechnologies.com\/wp-content\/uploads\/2023\/03\/Electrophoresis.png\" class=\"attachment-full size-full wp-image-1683\" alt=\"\" srcset=\"https:\/\/aflatextechnologies.com\/wp-content\/uploads\/2023\/03\/Electrophoresis.png 1721w, https:\/\/aflatextechnologies.com\/wp-content\/uploads\/2023\/03\/Electrophoresis-285x300.png 285w, https:\/\/aflatextechnologies.com\/wp-content\/uploads\/2023\/03\/Electrophoresis-972x1024.png 972w, https:\/\/aflatextechnologies.com\/wp-content\/uploads\/2023\/03\/Electrophoresis-768x810.png 768w, https:\/\/aflatextechnologies.com\/wp-content\/uploads\/2023\/03\/Electrophoresis-1457x1536.png 1457w\" sizes=\"(max-width: 1721px) 100vw, 1721px\" \/>\t\t\t\t\t\t\t\t\t\t\t\t\t\t\t<\/div>\n\t\t\t\t<\/div>\n\t\t\t\t<div class=\"elementor-element elementor-element-c9ceb7e elementor-widget elementor-widget-text-editor\" data-id=\"c9ceb7e\" data-element_type=\"widget\" data-e-type=\"widget\" data-widget_type=\"text-editor.default\">\n\t\t\t\t<div class=\"elementor-widget-container\">\n\t\t\t\t\t\t\t\t\t<p><span style=\"font-weight: 400;\">Processo de eletroforese.<\/span><\/p>\n\t\t\t\t\t\t\t\t<\/div>\n\t\t\t\t<\/div>\n\t\t\t\t\t<\/div>\n\t\t<\/div>\n\t\t\t\t<div class=\"elementor-column elementor-col-33 elementor-top-column elementor-element elementor-element-b6cdf7c\" data-id=\"b6cdf7c\" data-element_type=\"column\" data-e-type=\"column\">\n\t\t\t<div class=\"elementor-widget-wrap elementor-element-populated\">\n\t\t\t\t\t\t<div class=\"elementor-element elementor-element-6bab074 elementor-widget elementor-widget-image\" data-id=\"6bab074\" data-element_type=\"widget\" data-e-type=\"widget\" data-widget_type=\"image.default\">\n\t\t\t\t<div class=\"elementor-widget-container\">\n\t\t\t\t\t\t\t\t\t\t\t\t\t\t\t<img decoding=\"async\" width=\"1337\" height=\"1322\" src=\"https:\/\/aflatextechnologies.com\/wp-content\/uploads\/2023\/03\/Electrophoresis_alfatex-gloves-01.png\" class=\"attachment-full size-full wp-image-1687\" alt=\"\" srcset=\"https:\/\/aflatextechnologies.com\/wp-content\/uploads\/2023\/03\/Electrophoresis_alfatex-gloves-01.png 1337w, https:\/\/aflatextechnologies.com\/wp-content\/uploads\/2023\/03\/Electrophoresis_alfatex-gloves-01-300x297.png 300w, https:\/\/aflatextechnologies.com\/wp-content\/uploads\/2023\/03\/Electrophoresis_alfatex-gloves-01-1024x1013.png 1024w, https:\/\/aflatextechnologies.com\/wp-content\/uploads\/2023\/03\/Electrophoresis_alfatex-gloves-01-768x759.png 768w\" sizes=\"(max-width: 1337px) 100vw, 1337px\" \/>\t\t\t\t\t\t\t\t\t\t\t\t\t\t\t<\/div>\n\t\t\t\t<\/div>\n\t\t\t\t<div class=\"elementor-element elementor-element-b810693 elementor-widget elementor-widget-text-editor\" data-id=\"b810693\" data-element_type=\"widget\" data-e-type=\"widget\" data-widget_type=\"text-editor.default\">\n\t\t\t\t<div class=\"elementor-widget-container\">\n\t\t\t\t\t\t\t\t\t<p><span style=\"font-weight: 400;\">Testes de eletroforese realizados em amostras de l\u00e1tex l\u00edquido com teor de borracha seca aproximadamente 35%: (Da esquerda para a direita) l\u00e1tex amonizado, l\u00e1tex de campo sem aditivos, Alfapreno e Betapreno. <\/span><\/p>\n\t\t\t\t\t\t\t\t<\/div>\n\t\t\t\t<\/div>\n\t\t\t\t\t<\/div>\n\t\t<\/div>\n\t\t\t\t<div class=\"elementor-column elementor-col-33 elementor-top-column elementor-element elementor-element-ea3b6f8\" data-id=\"ea3b6f8\" data-element_type=\"column\" data-e-type=\"column\">\n\t\t\t<div class=\"elementor-widget-wrap elementor-element-populated\">\n\t\t\t\t\t\t<div class=\"elementor-element elementor-element-6440602 elementor-widget elementor-widget-image\" data-id=\"6440602\" data-element_type=\"widget\" data-e-type=\"widget\" data-widget_type=\"image.default\">\n\t\t\t\t<div class=\"elementor-widget-container\">\n\t\t\t\t\t\t\t\t\t\t\t\t\t\t\t<img loading=\"lazy\" decoding=\"async\" width=\"1451\" height=\"1271\" src=\"https:\/\/aflatextechnologies.com\/wp-content\/uploads\/2023\/03\/Electrophoresis_alfatex-gloves-02.png\" class=\"attachment-full size-full wp-image-1691\" alt=\"\" srcset=\"https:\/\/aflatextechnologies.com\/wp-content\/uploads\/2023\/03\/Electrophoresis_alfatex-gloves-02.png 1451w, https:\/\/aflatextechnologies.com\/wp-content\/uploads\/2023\/03\/Electrophoresis_alfatex-gloves-02-300x263.png 300w, https:\/\/aflatextechnologies.com\/wp-content\/uploads\/2023\/03\/Electrophoresis_alfatex-gloves-02-1024x897.png 1024w, https:\/\/aflatextechnologies.com\/wp-content\/uploads\/2023\/03\/Electrophoresis_alfatex-gloves-02-768x673.png 768w\" sizes=\"(max-width: 1451px) 100vw, 1451px\" \/>\t\t\t\t\t\t\t\t\t\t\t\t\t\t\t<\/div>\n\t\t\t\t<\/div>\n\t\t\t\t<div class=\"elementor-element elementor-element-8a460e2 elementor-widget elementor-widget-text-editor\" data-id=\"8a460e2\" data-element_type=\"widget\" data-e-type=\"widget\" data-widget_type=\"text-editor.default\">\n\t\t\t\t<div class=\"elementor-widget-container\">\n\t\t\t\t\t\t\t\t\t<p><span style=\"font-weight: 400;\">Testes de eletroforese realizados em amostras de l\u00e1tex l\u00edquido centrifugado com aproximadamente 60% de teor de borracha seca: (da esquerda para a direita) Alfapreno, Betapreno e duas amostras de l\u00e1tex amonizado.<\/span><\/p>\n\t\t\t\t\t\t\t\t<\/div>\n\t\t\t\t<\/div>\n\t\t\t\t\t<\/div>\n\t\t<\/div>\n\t\t\t\t\t<\/div>\n\t\t<\/section>\n\t\t\t\t<\/div>\n\t\t","protected":false},"excerpt":{"rendered":"<p>Luvas aflatex AFlatex com 60% de teor de borracha seca (DCR) foi transformado com sucesso em luvas de borracha. A pesquisa atual usando testes de eletroforese e ELISA mostrou que as luvas AFlatex reduziram o conte\u00fado de prote\u00edna alerg\u00e9nica para apenas 45%. Processo de eletroforese. Testes de eletroforese realizados em amostras de l\u00e1tex l\u00edquido com [&hellip;]<\/p>\n","protected":false},"author":1,"featured_media":0,"parent":0,"menu_order":0,"comment_status":"closed","ping_status":"closed","template":"elementor_header_footer","meta":{"footnotes":""},"class_list":["post-1838","page","type-page","status-publish","hentry"],"_links":{"self":[{"href":"https:\/\/aflatextechnologies.com\/pt-pt\/wp-json\/wp\/v2\/pages\/1838","targetHints":{"allow":["GET"]}}],"collection":[{"href":"https:\/\/aflatextechnologies.com\/pt-pt\/wp-json\/wp\/v2\/pages"}],"about":[{"href":"https:\/\/aflatextechnologies.com\/pt-pt\/wp-json\/wp\/v2\/types\/page"}],"author":[{"embeddable":true,"href":"https:\/\/aflatextechnologies.com\/pt-pt\/wp-json\/wp\/v2\/users\/1"}],"replies":[{"embeddable":true,"href":"https:\/\/aflatextechnologies.com\/pt-pt\/wp-json\/wp\/v2\/comments?post=1838"}],"version-history":[{"count":5,"href":"https:\/\/aflatextechnologies.com\/pt-pt\/wp-json\/wp\/v2\/pages\/1838\/revisions"}],"predecessor-version":[{"id":1885,"href":"https:\/\/aflatextechnologies.com\/pt-pt\/wp-json\/wp\/v2\/pages\/1838\/revisions\/1885"}],"wp:attachment":[{"href":"https:\/\/aflatextechnologies.com\/pt-pt\/wp-json\/wp\/v2\/media?parent=1838"}],"curies":[{"name":"wp","href":"https:\/\/api.w.org\/{rel}","templated":true}]}}