{"id":2091,"date":"2023-11-27T10:25:57","date_gmt":"2023-11-27T10:25:57","guid":{"rendered":"https:\/\/aflatextechnologies.com\/sobre-nos\/"},"modified":"2026-03-05T17:51:04","modified_gmt":"2026-03-05T17:51:04","slug":"sobre-nos","status":"publish","type":"page","link":"https:\/\/aflatextechnologies.com\/pt-pt\/sobre-nos\/","title":{"rendered":"Sobre n\u00f3s"},"content":{"rendered":"\t\t<div data-elementor-type=\"wp-page\" data-elementor-id=\"2091\" class=\"elementor elementor-2091 elementor-2004\" data-elementor-settings=\"{&quot;ha_cmc_init_switcher&quot;:&quot;no&quot;}\" data-elementor-post-type=\"page\">\n\t\t\t\t\t\t<section class=\"elementor-section elementor-top-section elementor-element elementor-element-43b67095 elementor-section-boxed elementor-section-height-default elementor-section-height-default\" data-id=\"43b67095\" data-element_type=\"section\" data-e-type=\"section\" data-settings=\"{&quot;background_background&quot;:&quot;classic&quot;,&quot;_ha_eqh_enable&quot;:false}\">\n\t\t\t\t\t\t\t<div class=\"elementor-background-overlay\"><\/div>\n\t\t\t\t\t\t\t<div class=\"elementor-container elementor-column-gap-default\">\n\t\t\t\t\t<div class=\"elementor-column elementor-col-100 elementor-top-column elementor-element elementor-element-136f9e76\" data-id=\"136f9e76\" data-element_type=\"column\" data-e-type=\"column\" data-settings=\"{&quot;background_background&quot;:&quot;classic&quot;}\">\n\t\t\t<div class=\"elementor-widget-wrap elementor-element-populated\">\n\t\t\t\t\t\t<div class=\"elementor-element elementor-element-1d8e6eac elementor-widget elementor-widget-heading\" data-id=\"1d8e6eac\" data-element_type=\"widget\" data-e-type=\"widget\" data-widget_type=\"heading.default\">\n\t\t\t\t<div class=\"elementor-widget-container\">\n\t\t\t\t\t<h2 class=\"elementor-heading-title elementor-size-default\">Sobre n\u00f3s<\/h2>\t\t\t\t<\/div>\n\t\t\t\t<\/div>\n\t\t\t\t<div class=\"elementor-element elementor-element-fe1e5fe elementor-hidden-tablet elementor-hidden-phone elementor-invisible elementor-widget elementor-widget-ha-gradient-heading happy-addon ha-gradient-heading\" data-id=\"fe1e5fe\" data-element_type=\"widget\" data-e-type=\"widget\" data-settings=\"{&quot;_animation&quot;:&quot;fadeIn&quot;,&quot;_animation_delay&quot;:250}\" data-widget_type=\"ha-gradient-heading.default\">\n\t\t\t\t<div class=\"elementor-widget-container\">\n\t\t\t\t\t<h2 class=\"ha-gradient-heading\">aflatex<\/h2>\t\t\t\t<\/div>\n\t\t\t\t<\/div>\n\t\t\t\t\t<\/div>\n\t\t<\/div>\n\t\t\t\t\t<\/div>\n\t\t<\/section>\n\t\t\t\t<section class=\"elementor-section elementor-top-section elementor-element elementor-element-4840d42 elementor-section-boxed elementor-section-height-default elementor-section-height-default\" data-id=\"4840d42\" data-element_type=\"section\" data-e-type=\"section\" data-settings=\"{&quot;_ha_eqh_enable&quot;:false}\">\n\t\t\t\t\t\t<div class=\"elementor-container elementor-column-gap-default\">\n\t\t\t\t\t<div class=\"elementor-column elementor-col-100 elementor-top-column elementor-element elementor-element-566158df\" data-id=\"566158df\" data-element_type=\"column\" data-e-type=\"column\" data-settings=\"{&quot;background_background&quot;:&quot;classic&quot;}\">\n\t\t\t<div class=\"elementor-widget-wrap elementor-element-populated\">\n\t\t\t\t\t\t<div class=\"elementor-element elementor-element-6a48d10a elementor-invisible elementor-widget elementor-widget-heading\" data-id=\"6a48d10a\" data-element_type=\"widget\" data-e-type=\"widget\" data-settings=\"{&quot;_animation&quot;:&quot;fadeIn&quot;}\" data-widget_type=\"heading.default\">\n\t\t\t\t<div class=\"elementor-widget-container\">\n\t\t\t\t\t<h6 class=\"elementor-heading-title elementor-size-default\">SOBRE N\u00d3S<\/h6>\t\t\t\t<\/div>\n\t\t\t\t<\/div>\n\t\t\t\t<div class=\"elementor-element elementor-element-31d0f85b elementor-invisible elementor-widget elementor-widget-heading\" data-id=\"31d0f85b\" data-element_type=\"widget\" data-e-type=\"widget\" data-settings=\"{&quot;_animation_delay&quot;:100,&quot;_animation&quot;:&quot;fadeInUp&quot;}\" data-widget_type=\"heading.default\">\n\t\t\t\t<div class=\"elementor-widget-container\">\n\t\t\t\t\t<h2 class=\"elementor-heading-title elementor-size-default\">A Nossa Equipa<\/h2>\t\t\t\t<\/div>\n\t\t\t\t<\/div>\n\t\t\t\t<section class=\"elementor-section elementor-inner-section elementor-element elementor-element-8d039c3 elementor-section-content-middle elementor-section-boxed elementor-section-height-default elementor-section-height-default elementor-invisible\" data-id=\"8d039c3\" data-element_type=\"section\" data-e-type=\"section\" data-settings=\"{&quot;animation&quot;:&quot;fadeInLeft&quot;,&quot;_ha_eqh_enable&quot;:false}\">\n\t\t\t\t\t\t<div class=\"elementor-container elementor-column-gap-default\">\n\t\t\t\t\t<div class=\"elementor-column elementor-col-50 elementor-inner-column elementor-element elementor-element-5e9c534\" data-id=\"5e9c534\" data-element_type=\"column\" data-e-type=\"column\">\n\t\t\t<div class=\"elementor-widget-wrap elementor-element-populated\">\n\t\t\t\t\t\t<div class=\"elementor-element elementor-element-95bdd3d elementor-widget elementor-widget-image\" data-id=\"95bdd3d\" data-element_type=\"widget\" data-e-type=\"widget\" data-widget_type=\"image.default\">\n\t\t\t\t<div class=\"elementor-widget-container\">\n\t\t\t\t\t\t\t\t\t\t\t\t\t\t\t<img fetchpriority=\"high\" decoding=\"async\" width=\"800\" height=\"795\" src=\"https:\/\/aflatextechnologies.com\/wp-content\/uploads\/2023\/11\/Julio-Photo.webp\" class=\"attachment-large size-large wp-image-2024\" alt=\"\" srcset=\"https:\/\/aflatextechnologies.com\/wp-content\/uploads\/2023\/11\/Julio-Photo.webp 966w, https:\/\/aflatextechnologies.com\/wp-content\/uploads\/2023\/11\/Julio-Photo-300x298.webp 300w, https:\/\/aflatextechnologies.com\/wp-content\/uploads\/2023\/11\/Julio-Photo-150x150.webp 150w, https:\/\/aflatextechnologies.com\/wp-content\/uploads\/2023\/11\/Julio-Photo-768x763.webp 768w\" sizes=\"(max-width: 800px) 100vw, 800px\" \/>\t\t\t\t\t\t\t\t\t\t\t\t\t\t\t<\/div>\n\t\t\t\t<\/div>\n\t\t\t\t\t<\/div>\n\t\t<\/div>\n\t\t\t\t<div class=\"elementor-column elementor-col-50 elementor-inner-column elementor-element elementor-element-c3efbbf\" data-id=\"c3efbbf\" data-element_type=\"column\" data-e-type=\"column\">\n\t\t\t<div class=\"elementor-widget-wrap elementor-element-populated\">\n\t\t\t\t\t\t<div class=\"elementor-element elementor-element-d9cb5f3 elementor-widget elementor-widget-heading\" data-id=\"d9cb5f3\" data-element_type=\"widget\" data-e-type=\"widget\" data-widget_type=\"heading.default\">\n\t\t\t\t<div class=\"elementor-widget-container\">\n\t\t\t\t\t<h2 class=\"elementor-heading-title elementor-size-default\">Julio Cesar Rodriguez<\/h2>\t\t\t\t<\/div>\n\t\t\t\t<\/div>\n\t\t\t\t<div class=\"elementor-element elementor-element-e51617c elementor-widget elementor-widget-heading\" data-id=\"e51617c\" data-element_type=\"widget\" data-e-type=\"widget\" data-widget_type=\"heading.default\">\n\t\t\t\t<div class=\"elementor-widget-container\">\n\t\t\t\t\t<h2 class=\"elementor-heading-title elementor-size-default\">Fundador e CSO<\/h2>\t\t\t\t<\/div>\n\t\t\t\t<\/div>\n\t\t\t\t<div class=\"elementor-element elementor-element-7c30ad1 elementor-widget elementor-widget-text-editor\" data-id=\"7c30ad1\" data-element_type=\"widget\" data-e-type=\"widget\" data-widget_type=\"text-editor.default\">\n\t\t\t\t<div class=\"elementor-widget-container\">\n\t\t\t\t\t\t\t\t\t<p>Julio C\u00e9sar Rodr\u00edguez \u00e9 um engenheiro qu\u00edmico com 35 anos de experi\u00eancia nos sectores do petr\u00f3leo, do g\u00e1s e da borracha. Ao longo da sua carreira, liderou grupos de investiga\u00e7\u00e3o e desenvolvimento que lidavam com crude pesado, controlo da corros\u00e3o, processos, tratamento de \u00e1gua, tratamentos qu\u00edmicos de superf\u00edcie e qualidade em v\u00e1rias empresas, como a NALCO, a HOECHST e a BASF. O seu trabalho deu origem a patentes e \u00e9 um instrutor regular em cursos de forma\u00e7\u00e3o na Am\u00e9rica Latina. \u00c9 fundador, propriet\u00e1rio, presidente e diretor cient\u00edfico da SOAN Laboratorios S.A.S., uma empresa dedicada \u00e0 investiga\u00e7\u00e3o cient\u00edfica na \u00e1rea das ci\u00eancias f\u00edsico-qu\u00edmicas, e propriet\u00e1rio da marca registada AFLatex.   <\/p>\t\t\t\t\t\t\t\t<\/div>\n\t\t\t\t<\/div>\n\t\t\t\t\t<\/div>\n\t\t<\/div>\n\t\t\t\t\t<\/div>\n\t\t<\/section>\n\t\t\t\t<section class=\"elementor-section elementor-inner-section elementor-element elementor-element-b470be7 elementor-section-content-middle elementor-reverse-mobile elementor-section-boxed elementor-section-height-default elementor-section-height-default elementor-invisible\" data-id=\"b470be7\" data-element_type=\"section\" data-e-type=\"section\" data-settings=\"{&quot;animation&quot;:&quot;fadeInRight&quot;,&quot;_ha_eqh_enable&quot;:false}\">\n\t\t\t\t\t\t<div class=\"elementor-container elementor-column-gap-default\">\n\t\t\t\t\t<div class=\"elementor-column elementor-col-50 elementor-inner-column elementor-element elementor-element-c89060a\" data-id=\"c89060a\" data-element_type=\"column\" data-e-type=\"column\">\n\t\t\t<div class=\"elementor-widget-wrap elementor-element-populated\">\n\t\t\t\t\t\t<div class=\"elementor-element elementor-element-03fd13c elementor-widget elementor-widget-heading\" data-id=\"03fd13c\" data-element_type=\"widget\" data-e-type=\"widget\" data-widget_type=\"heading.default\">\n\t\t\t\t<div class=\"elementor-widget-container\">\n\t\t\t\t\t<h2 class=\"elementor-heading-title elementor-size-default\">Prof. Tim A Osswald\n<\/h2>\t\t\t\t<\/div>\n\t\t\t\t<\/div>\n\t\t\t\t<div class=\"elementor-element elementor-element-804d65a elementor-widget elementor-widget-heading\" data-id=\"804d65a\" data-element_type=\"widget\" data-e-type=\"widget\" data-widget_type=\"heading.default\">\n\t\t\t\t<div class=\"elementor-widget-container\">\n\t\t\t\t\t<h2 class=\"elementor-heading-title elementor-size-default\">CEO<\/h2>\t\t\t\t<\/div>\n\t\t\t\t<\/div>\n\t\t\t\t<div class=\"elementor-element elementor-element-d621e86 elementor-widget elementor-widget-text-editor\" data-id=\"d621e86\" data-element_type=\"widget\" data-e-type=\"widget\" data-widget_type=\"text-editor.default\">\n\t\t\t\t<div class=\"elementor-widget-container\">\n\t\t\t\t\t\t\t\t\t<p>O Prof. Tim A. Osswald \u00e9 codiretor do Centro de Engenharia de Pol\u00edmeros da Universidade de Wisconsin-Madison, onde lecciona e investiga na \u00e1rea da engenharia de pol\u00edmeros h\u00e1 mais de 30 anos. \u00c9 tamb\u00e9m professor honor\u00e1rio na Universidade de Erlangen-Nuremberga, na Alemanha, e na Universidade Nacional de Bogot\u00e1, na Col\u00f4mbia. Faz parte do Conselho Consultivo da Sociedade Latino-Americana de Tecnologia da Borracha (SLTC), e ele e a sua fam\u00edlia possuem e exploram uma planta\u00e7\u00e3o de borracha na Col\u00f4mbia. \u00c9 autor de mais de 400 artigos t\u00e9cnicos e de uma d\u00fazia de livros no dom\u00ednio da engenharia de pol\u00edmeros. O Professor Osswald faz parte do Conselho Consultivo Cient\u00edfico da SABIC e foi conselheiro do Presidente da Col\u00f4mbia na cria\u00e7\u00e3o de um Minist\u00e9rio da Ci\u00eancia e Tecnologia.    <\/p>\t\t\t\t\t\t\t\t<\/div>\n\t\t\t\t<\/div>\n\t\t\t\t\t<\/div>\n\t\t<\/div>\n\t\t\t\t<div class=\"elementor-column elementor-col-50 elementor-inner-column elementor-element elementor-element-cd27630\" data-id=\"cd27630\" data-element_type=\"column\" data-e-type=\"column\">\n\t\t\t<div class=\"elementor-widget-wrap elementor-element-populated\">\n\t\t\t\t\t\t<div class=\"elementor-element elementor-element-72fe27d elementor-widget elementor-widget-image\" data-id=\"72fe27d\" data-element_type=\"widget\" data-e-type=\"widget\" data-widget_type=\"image.default\">\n\t\t\t\t<div class=\"elementor-widget-container\">\n\t\t\t\t\t\t\t\t\t\t\t\t\t\t\t<img decoding=\"async\" width=\"800\" height=\"798\" src=\"https:\/\/aflatextechnologies.com\/wp-content\/uploads\/2023\/11\/Osswald-Photo.webp\" class=\"attachment-large size-large wp-image-2029\" alt=\"\" srcset=\"https:\/\/aflatextechnologies.com\/wp-content\/uploads\/2023\/11\/Osswald-Photo.webp 960w, https:\/\/aflatextechnologies.com\/wp-content\/uploads\/2023\/11\/Osswald-Photo-300x300.webp 300w, https:\/\/aflatextechnologies.com\/wp-content\/uploads\/2023\/11\/Osswald-Photo-150x150.webp 150w, https:\/\/aflatextechnologies.com\/wp-content\/uploads\/2023\/11\/Osswald-Photo-768x766.webp 768w\" sizes=\"(max-width: 800px) 100vw, 800px\" \/>\t\t\t\t\t\t\t\t\t\t\t\t\t\t\t<\/div>\n\t\t\t\t<\/div>\n\t\t\t\t\t<\/div>\n\t\t<\/div>\n\t\t\t\t\t<\/div>\n\t\t<\/section>\n\t\t\t\t<section class=\"elementor-section elementor-inner-section elementor-element elementor-element-6ef79b8 elementor-section-content-middle elementor-reverse-mobile elementor-section-boxed elementor-section-height-default elementor-section-height-default elementor-invisible\" data-id=\"6ef79b8\" data-element_type=\"section\" data-e-type=\"section\" data-settings=\"{&quot;animation&quot;:&quot;fadeInRight&quot;,&quot;_ha_eqh_enable&quot;:false}\">\n\t\t\t\t\t\t<div class=\"elementor-container elementor-column-gap-default\">\n\t\t\t\t\t<div class=\"elementor-column elementor-col-50 elementor-inner-column elementor-element elementor-element-b8c0bdd\" data-id=\"b8c0bdd\" data-element_type=\"column\" data-e-type=\"column\">\n\t\t\t<div class=\"elementor-widget-wrap elementor-element-populated\">\n\t\t\t\t\t\t<div class=\"elementor-element elementor-element-d541de7 elementor-widget elementor-widget-image\" data-id=\"d541de7\" data-element_type=\"widget\" data-e-type=\"widget\" data-widget_type=\"image.default\">\n\t\t\t\t<div class=\"elementor-widget-container\">\n\t\t\t\t\t\t\t\t\t\t\t\t\t\t\t<img decoding=\"async\" width=\"768\" height=\"1024\" src=\"https:\/\/aflatextechnologies.com\/wp-content\/uploads\/2025\/07\/Eric-Adler-Photo-768x1024.jpg\" class=\"attachment-large size-large wp-image-2424\" alt=\"\" srcset=\"https:\/\/aflatextechnologies.com\/wp-content\/uploads\/2025\/07\/Eric-Adler-Photo-768x1024.jpg 768w, https:\/\/aflatextechnologies.com\/wp-content\/uploads\/2025\/07\/Eric-Adler-Photo-225x300.jpg 225w, https:\/\/aflatextechnologies.com\/wp-content\/uploads\/2025\/07\/Eric-Adler-Photo-1152x1536.jpg 1152w, https:\/\/aflatextechnologies.com\/wp-content\/uploads\/2025\/07\/Eric-Adler-Photo.jpg 1536w\" sizes=\"(max-width: 768px) 100vw, 768px\" \/>\t\t\t\t\t\t\t\t\t\t\t\t\t\t\t<\/div>\n\t\t\t\t<\/div>\n\t\t\t\t\t<\/div>\n\t\t<\/div>\n\t\t\t\t<div class=\"elementor-column elementor-col-50 elementor-inner-column elementor-element elementor-element-2aa63a5\" data-id=\"2aa63a5\" data-element_type=\"column\" data-e-type=\"column\">\n\t\t\t<div class=\"elementor-widget-wrap elementor-element-populated\">\n\t\t\t\t\t\t<div class=\"elementor-element elementor-element-e306e18 elementor-widget elementor-widget-heading\" data-id=\"e306e18\" data-element_type=\"widget\" data-e-type=\"widget\" data-widget_type=\"heading.default\">\n\t\t\t\t<div class=\"elementor-widget-container\">\n\t\t\t\t\t<h2 class=\"elementor-heading-title elementor-size-default\">Eric P Adlerdirex<\/h2>\t\t\t\t<\/div>\n\t\t\t\t<\/div>\n\t\t\t\t<div class=\"elementor-element elementor-element-c55cb37 elementor-widget elementor-widget-heading\" data-id=\"c55cb37\" data-element_type=\"widget\" data-e-type=\"widget\" data-widget_type=\"heading.default\">\n\t\t\t\t<div class=\"elementor-widget-container\">\n\t\t\t\t\t<h2 class=\"elementor-heading-title elementor-size-default\">CFO<\/h2>\t\t\t\t<\/div>\n\t\t\t\t<\/div>\n\t\t\t\t<div class=\"elementor-element elementor-element-2b48b4f elementor-widget elementor-widget-text-editor\" data-id=\"2b48b4f\" data-element_type=\"widget\" data-e-type=\"widget\" data-widget_type=\"text-editor.default\">\n\t\t\t\t<div class=\"elementor-widget-container\">\n\t\t\t\t\t\t\t\t\t<p>Eric Adler tem 12 anos de experi\u00eancia no sector financeiro, prestando servi\u00e7os de gest\u00e3o de activos, consultoria fiscal e financeira aos seus clientes. Atualmente, \u00e9 o propriet\u00e1rio e fundador da Adler Financial LLC, uma empresa de consultoria de investimentos registada (RIA) que fornece gest\u00e3o de activos, juntamente com planeamento e consultoria pessoal e empresarial. Tem ajudado muitos clientes a tomar decis\u00f5es financeiras, fiscais e estruturais no que diz respeito \u00e0s suas opera\u00e7\u00f5es comerciais. Eric \u00e9 tamb\u00e9m um Agente Inscrito reconhecido pelo Internal Revenue Service (IRS) dos Estados Unidos da Am\u00e9rica. Presta servi\u00e7os de planeamento, prepara\u00e7\u00e3o e apresenta\u00e7\u00e3o de impostos, bem como servi\u00e7os de representa\u00e7\u00e3o a clientes atrav\u00e9s da sua empresa, Adler Financial LLC.    <\/p>\t\t\t\t\t\t\t\t<\/div>\n\t\t\t\t<\/div>\n\t\t\t\t\t<\/div>\n\t\t<\/div>\n\t\t\t\t\t<\/div>\n\t\t<\/section>\n\t\t\t\t<section class=\"elementor-section elementor-inner-section elementor-element elementor-element-5aa89c0 elementor-section-content-middle elementor-section-boxed elementor-section-height-default elementor-section-height-default elementor-invisible\" data-id=\"5aa89c0\" data-element_type=\"section\" data-e-type=\"section\" data-settings=\"{&quot;animation&quot;:&quot;fadeInLeft&quot;,&quot;_ha_eqh_enable&quot;:false}\">\n\t\t\t\t\t\t<div class=\"elementor-container elementor-column-gap-default\">\n\t\t\t\t\t<div class=\"elementor-column elementor-col-50 elementor-inner-column elementor-element elementor-element-101e645\" data-id=\"101e645\" data-element_type=\"column\" data-e-type=\"column\">\n\t\t\t<div class=\"elementor-widget-wrap elementor-element-populated\">\n\t\t\t\t\t\t<div class=\"elementor-element elementor-element-91c9964 elementor-widget elementor-widget-heading\" data-id=\"91c9964\" data-element_type=\"widget\" data-e-type=\"widget\" data-widget_type=\"heading.default\">\n\t\t\t\t<div class=\"elementor-widget-container\">\n\t\t\t\t\t<h2 class=\"elementor-heading-title elementor-size-default\">Allen J Roman<\/h2>\t\t\t\t<\/div>\n\t\t\t\t<\/div>\n\t\t\t\t<div class=\"elementor-element elementor-element-c9c1999 elementor-widget elementor-widget-heading\" data-id=\"c9c1999\" data-element_type=\"widget\" data-e-type=\"widget\" data-widget_type=\"heading.default\">\n\t\t\t\t<div class=\"elementor-widget-container\">\n\t\t\t\t\t<h2 class=\"elementor-heading-title elementor-size-default\">CTO<\/h2>\t\t\t\t<\/div>\n\t\t\t\t<\/div>\n\t\t\t\t<div class=\"elementor-element elementor-element-7864b98 elementor-widget elementor-widget-text-editor\" data-id=\"7864b98\" data-element_type=\"widget\" data-e-type=\"widget\" data-widget_type=\"text-editor.default\">\n\t\t\t\t<div class=\"elementor-widget-container\">\n\t\t\t\t\t\t\t\t\t<p>Allen Jonathan Rom\u00e1n \u00e9 o engenheiro-chefe do Centro de Engenharia de Pol\u00edmeros da Universidade de Wisconsin-Madison, onde co-supervisiona todos os projectos de investiga\u00e7\u00e3o em engenharia de pol\u00edmeros e \u00e9 investigador de p\u00f3s-doutoramento no Laborat\u00f3rio Nacional de Argonne. Trabalha na fus\u00e3o da intelig\u00eancia artificial e da ci\u00eancia dos pol\u00edmeros para acelerar o desenvolvimento de materiais, incluindo formula\u00e7\u00f5es de borracha natural, e para facilitar o desenvolvimento de sistemas de fabrico inteligentes. O seu trabalho deu origem a uma nova patente de impressora 3D, a v\u00e1rias publica\u00e7\u00f5es cient\u00edficas de renome mundial e a numerosas apresenta\u00e7\u00f5es em confer\u00eancias. Ganhou a confian\u00e7a da ind\u00fastria para ser revisor de v\u00e1rias revistas cient\u00edficas e faz parte do Comit\u00e9 Cient\u00edfico de Aprendizagem Autom\u00e1tica da confer\u00eancia anual da Polymer Processing Society.   <\/p>\t\t\t\t\t\t\t\t<\/div>\n\t\t\t\t<\/div>\n\t\t\t\t\t<\/div>\n\t\t<\/div>\n\t\t\t\t<div class=\"elementor-column elementor-col-50 elementor-inner-column elementor-element elementor-element-46811a0\" data-id=\"46811a0\" data-element_type=\"column\" data-e-type=\"column\">\n\t\t\t<div class=\"elementor-widget-wrap elementor-element-populated\">\n\t\t\t\t\t\t<div class=\"elementor-element elementor-element-f1aa526 elementor-widget elementor-widget-image\" data-id=\"f1aa526\" data-element_type=\"widget\" data-e-type=\"widget\" data-widget_type=\"image.default\">\n\t\t\t\t<div class=\"elementor-widget-container\">\n\t\t\t\t\t\t\t\t\t\t\t\t\t\t\t<img loading=\"lazy\" decoding=\"async\" width=\"800\" height=\"800\" src=\"https:\/\/aflatextechnologies.com\/wp-content\/uploads\/2023\/11\/Allen-Photo.webp\" class=\"attachment-large size-large wp-image-2009\" alt=\"\" srcset=\"https:\/\/aflatextechnologies.com\/wp-content\/uploads\/2023\/11\/Allen-Photo.webp 960w, https:\/\/aflatextechnologies.com\/wp-content\/uploads\/2023\/11\/Allen-Photo-300x300.webp 300w, https:\/\/aflatextechnologies.com\/wp-content\/uploads\/2023\/11\/Allen-Photo-150x150.webp 150w, https:\/\/aflatextechnologies.com\/wp-content\/uploads\/2023\/11\/Allen-Photo-768x768.webp 768w\" sizes=\"(max-width: 800px) 100vw, 800px\" \/>\t\t\t\t\t\t\t\t\t\t\t\t\t\t\t<\/div>\n\t\t\t\t<\/div>\n\t\t\t\t\t<\/div>\n\t\t<\/div>\n\t\t\t\t\t<\/div>\n\t\t<\/section>\n\t\t\t\t\t<\/div>\n\t\t<\/div>\n\t\t\t\t\t<\/div>\n\t\t<\/section>\n\t\t\t\t<section class=\"elementor-section elementor-top-section elementor-element elementor-element-4ec9570f elementor-section-boxed elementor-section-height-default elementor-section-height-default\" data-id=\"4ec9570f\" data-element_type=\"section\" data-e-type=\"section\" data-settings=\"{&quot;background_background&quot;:&quot;classic&quot;,&quot;_ha_eqh_enable&quot;:false}\">\n\t\t\t\t\t\t\t<div class=\"elementor-background-overlay\"><\/div>\n\t\t\t\t\t\t\t<div class=\"elementor-container elementor-column-gap-default\">\n\t\t\t\t\t<div class=\"elementor-column elementor-col-50 elementor-top-column elementor-element elementor-element-4a08b23c\" data-id=\"4a08b23c\" data-element_type=\"column\" data-e-type=\"column\" data-settings=\"{&quot;background_background&quot;:&quot;classic&quot;}\">\n\t\t\t<div class=\"elementor-widget-wrap elementor-element-populated\">\n\t\t\t\t\t\t<div class=\"elementor-element elementor-element-432b862f elementor-widget elementor-widget-heading\" data-id=\"432b862f\" data-element_type=\"widget\" data-e-type=\"widget\" data-widget_type=\"heading.default\">\n\t\t\t\t<div class=\"elementor-widget-container\">\n\t\t\t\t\t<h2 class=\"elementor-heading-title elementor-size-default\">Deseja saber mais<br>sobre a AFLatex Technology?<\/h2>\t\t\t\t<\/div>\n\t\t\t\t<\/div>\n\t\t\t\t\t<\/div>\n\t\t<\/div>\n\t\t\t\t<div class=\"elementor-column elementor-col-50 elementor-top-column elementor-element elementor-element-5c4be668\" data-id=\"5c4be668\" data-element_type=\"column\" data-e-type=\"column\" data-settings=\"{&quot;background_background&quot;:&quot;classic&quot;}\">\n\t\t\t<div class=\"elementor-widget-wrap elementor-element-populated\">\n\t\t\t\t\t\t<div class=\"elementor-element elementor-element-bb78e84 elementor-widget__width-initial elementor-absolute elementor-hidden-mobile elementor-invisible elementor-widget elementor-widget-image\" data-id=\"bb78e84\" data-element_type=\"widget\" data-e-type=\"widget\" data-settings=\"{&quot;_position&quot;:&quot;absolute&quot;,&quot;_animation&quot;:&quot;fadeIn&quot;}\" data-widget_type=\"image.default\">\n\t\t\t\t<div class=\"elementor-widget-container\">\n\t\t\t\t\t\t\t\t\t\t\t\t\t\t\t<img loading=\"lazy\" decoding=\"async\" width=\"800\" height=\"995\" src=\"https:\/\/aflatextechnologies.com\/wp-content\/uploads\/2023\/03\/hevea-brasiliensis-leaf_aflatex-823x1024.webp\" class=\"attachment-large size-large wp-image-1663\" alt=\"\" srcset=\"https:\/\/aflatextechnologies.com\/wp-content\/uploads\/2023\/03\/hevea-brasiliensis-leaf_aflatex-823x1024.webp 823w, https:\/\/aflatextechnologies.com\/wp-content\/uploads\/2023\/03\/hevea-brasiliensis-leaf_aflatex-241x300.webp 241w, https:\/\/aflatextechnologies.com\/wp-content\/uploads\/2023\/03\/hevea-brasiliensis-leaf_aflatex-768x956.webp 768w, https:\/\/aflatextechnologies.com\/wp-content\/uploads\/2023\/03\/hevea-brasiliensis-leaf_aflatex.webp 900w\" sizes=\"(max-width: 800px) 100vw, 800px\" \/>\t\t\t\t\t\t\t\t\t\t\t\t\t\t\t<\/div>\n\t\t\t\t<\/div>\n\t\t\t\t<div class=\"elementor-element elementor-element-395d8a11 elementor-align-right elementor-mobile-align-left elementor-widget elementor-widget-button\" data-id=\"395d8a11\" data-element_type=\"widget\" data-e-type=\"widget\" data-widget_type=\"button.default\">\n\t\t\t\t<div class=\"elementor-widget-container\">\n\t\t\t\t\t\t\t\t\t<div class=\"elementor-button-wrapper\">\n\t\t\t\t\t<a class=\"elementor-button elementor-button-link elementor-size-md\" href=\"https:\/\/aflatextechnologies.com\/pt-pt\/contactos\/\">\n\t\t\t\t\t\t<span class=\"elementor-button-content-wrapper\">\n\t\t\t\t\t\t\t\t\t<span class=\"elementor-button-text\">Fale connosco<\/span>\n\t\t\t\t\t<\/span>\n\t\t\t\t\t<\/a>\n\t\t\t\t<\/div>\n\t\t\t\t\t\t\t\t<\/div>\n\t\t\t\t<\/div>\n\t\t\t\t\t<\/div>\n\t\t<\/div>\n\t\t\t\t\t<\/div>\n\t\t<\/section>\n\t\t\t\t<\/div>\n\t\t","protected":false},"excerpt":{"rendered":"<p>Sobre n\u00f3s aflatex SOBRE N\u00d3S A Nossa Equipa Julio Cesar Rodriguez Fundador e CSO Julio C\u00e9sar Rodr\u00edguez \u00e9 um engenheiro qu\u00edmico com 35 anos de experi\u00eancia nos sectores do petr\u00f3leo, do g\u00e1s e da borracha. Ao longo da sua carreira, liderou grupos de investiga\u00e7\u00e3o e desenvolvimento que lidavam com crude pesado, controlo da corros\u00e3o, processos, [&hellip;]<\/p>\n","protected":false},"author":1,"featured_media":0,"parent":0,"menu_order":0,"comment_status":"closed","ping_status":"closed","template":"","meta":{"footnotes":""},"class_list":["post-2091","page","type-page","status-publish","hentry"],"_links":{"self":[{"href":"https:\/\/aflatextechnologies.com\/pt-pt\/wp-json\/wp\/v2\/pages\/2091","targetHints":{"allow":["GET"]}}],"collection":[{"href":"https:\/\/aflatextechnologies.com\/pt-pt\/wp-json\/wp\/v2\/pages"}],"about":[{"href":"https:\/\/aflatextechnologies.com\/pt-pt\/wp-json\/wp\/v2\/types\/page"}],"author":[{"embeddable":true,"href":"https:\/\/aflatextechnologies.com\/pt-pt\/wp-json\/wp\/v2\/users\/1"}],"replies":[{"embeddable":true,"href":"https:\/\/aflatextechnologies.com\/pt-pt\/wp-json\/wp\/v2\/comments?post=2091"}],"version-history":[{"count":5,"href":"https:\/\/aflatextechnologies.com\/pt-pt\/wp-json\/wp\/v2\/pages\/2091\/revisions"}],"predecessor-version":[{"id":2498,"href":"https:\/\/aflatextechnologies.com\/pt-pt\/wp-json\/wp\/v2\/pages\/2091\/revisions\/2498"}],"wp:attachment":[{"href":"https:\/\/aflatextechnologies.com\/pt-pt\/wp-json\/wp\/v2\/media?parent=2091"}],"curies":[{"name":"wp","href":"https:\/\/api.w.org\/{rel}","templated":true}]}}