{"id":2243,"date":"2024-06-03T15:40:52","date_gmt":"2024-06-03T14:40:52","guid":{"rendered":"https:\/\/aflatextechnologies.com\/distribuidores-de-borracha-e-latex-sem-amonia\/"},"modified":"2025-07-22T10:52:11","modified_gmt":"2025-07-22T09:52:11","slug":"distribuidores-de-borracha-e-latex-sem-amonia","status":"publish","type":"page","link":"https:\/\/aflatextechnologies.com\/pt-pt\/distribuidores-de-borracha-e-latex-sem-amonia\/","title":{"rendered":"Distribuidores de Borracha &amp; L\u00e1tex sem Am\u00f4nia"},"content":{"rendered":"\t\t<div data-elementor-type=\"wp-page\" data-elementor-id=\"2243\" class=\"elementor elementor-2243 elementor-2215\" data-elementor-settings=\"{&quot;ha_cmc_init_switcher&quot;:&quot;no&quot;}\" data-elementor-post-type=\"page\">\n\t\t\t\t\t\t<section class=\"elementor-section elementor-top-section elementor-element elementor-element-d4368ec elementor-section-boxed elementor-section-height-default elementor-section-height-default\" data-id=\"d4368ec\" data-element_type=\"section\" data-e-type=\"section\" data-settings=\"{&quot;background_background&quot;:&quot;classic&quot;,&quot;_ha_eqh_enable&quot;:false}\">\n\t\t\t\t\t\t\t<div class=\"elementor-background-overlay\"><\/div>\n\t\t\t\t\t\t\t<div class=\"elementor-container elementor-column-gap-default\">\n\t\t\t\t\t<div class=\"elementor-column elementor-col-100 elementor-top-column elementor-element elementor-element-989f78c\" data-id=\"989f78c\" data-element_type=\"column\" data-e-type=\"column\" data-settings=\"{&quot;background_background&quot;:&quot;classic&quot;}\">\n\t\t\t<div class=\"elementor-widget-wrap elementor-element-populated\">\n\t\t\t\t\t\t<div class=\"elementor-element elementor-element-7799ba7 elementor-widget elementor-widget-heading\" data-id=\"7799ba7\" data-element_type=\"widget\" data-e-type=\"widget\" data-widget_type=\"heading.default\">\n\t\t\t\t<div class=\"elementor-widget-container\">\n\t\t\t\t\t<h2 class=\"elementor-heading-title elementor-size-default\">Distribuidores de Borracha &amp; L\u00e1tex sem Am\u00f4nia<\/h2>\t\t\t\t<\/div>\n\t\t\t\t<\/div>\n\t\t\t\t<div class=\"elementor-element elementor-element-1d5589e elementor-hidden-tablet elementor-hidden-phone elementor-invisible elementor-widget elementor-widget-ha-gradient-heading happy-addon ha-gradient-heading\" data-id=\"1d5589e\" data-element_type=\"widget\" data-e-type=\"widget\" data-settings=\"{&quot;_animation&quot;:&quot;fadeIn&quot;,&quot;_animation_delay&quot;:250}\" data-widget_type=\"ha-gradient-heading.default\">\n\t\t\t\t<div class=\"elementor-widget-container\">\n\t\t\t\t\t<h2 class=\"ha-gradient-heading\">aflatex<\/h2>\t\t\t\t<\/div>\n\t\t\t\t<\/div>\n\t\t\t\t\t<\/div>\n\t\t<\/div>\n\t\t\t\t\t<\/div>\n\t\t<\/section>\n\t\t<div class=\"elementor-element elementor-element-21ceef2 e-flex e-con-boxed e-con e-parent\" data-id=\"21ceef2\" data-element_type=\"container\" data-e-type=\"container\" data-settings=\"{&quot;_ha_eqh_enable&quot;:false}\">\n\t\t\t\t\t<div class=\"e-con-inner\">\n\t\t<div class=\"elementor-element elementor-element-4a14c34 e-con-full e-flex e-con e-child\" data-id=\"4a14c34\" data-element_type=\"container\" data-e-type=\"container\" data-settings=\"{&quot;_ha_eqh_enable&quot;:false}\">\n\t\t<div class=\"elementor-element elementor-element-4d8070a e-con-full e-flex e-con e-child\" data-id=\"4d8070a\" data-element_type=\"container\" data-e-type=\"container\" data-settings=\"{&quot;_ha_eqh_enable&quot;:false}\">\n\t\t<div class=\"elementor-element elementor-element-ba557df e-con-full e-flex e-con e-child\" data-id=\"ba557df\" data-element_type=\"container\" data-e-type=\"container\" data-settings=\"{&quot;_ha_eqh_enable&quot;:false}\">\n\t\t\t\t<div class=\"elementor-element elementor-element-04bff7e elementor-widget elementor-widget-image\" data-id=\"04bff7e\" data-element_type=\"widget\" data-e-type=\"widget\" data-widget_type=\"image.default\">\n\t\t\t\t<div class=\"elementor-widget-container\">\n\t\t\t\t\t\t\t\t\t\t\t\t\t\t\t<img fetchpriority=\"high\" decoding=\"async\" width=\"500\" height=\"383\" src=\"https:\/\/aflatextechnologies.com\/wp-content\/uploads\/2024\/06\/logo-grupo-fortaleza.png\" class=\"attachment-full size-full wp-image-2220\" alt=\"\" srcset=\"https:\/\/aflatextechnologies.com\/wp-content\/uploads\/2024\/06\/logo-grupo-fortaleza.png 500w, https:\/\/aflatextechnologies.com\/wp-content\/uploads\/2024\/06\/logo-grupo-fortaleza-300x230.png 300w\" sizes=\"(max-width: 500px) 100vw, 500px\" \/>\t\t\t\t\t\t\t\t\t\t\t\t\t\t\t<\/div>\n\t\t\t\t<\/div>\n\t\t\t\t<div class=\"elementor-element elementor-element-d9743ac elementor-widget elementor-widget-text-editor\" data-id=\"d9743ac\" data-element_type=\"widget\" data-e-type=\"widget\" data-widget_type=\"text-editor.default\">\n\t\t\t\t<div class=\"elementor-widget-container\">\n\t\t\t\t\t\t\t\t\t<p><strong>Grupo Fortaleza<br>Guatemala<br><\/strong>+502 23617494<br>info@grupofortaleza.com.gt<\/p>\t\t\t\t\t\t\t\t<\/div>\n\t\t\t\t<\/div>\n\t\t\t\t<div class=\"elementor-element elementor-element-a81034e elementor-align-center elementor-widget elementor-widget-button\" data-id=\"a81034e\" data-element_type=\"widget\" data-e-type=\"widget\" data-widget_type=\"button.default\">\n\t\t\t\t<div class=\"elementor-widget-container\">\n\t\t\t\t\t\t\t\t\t<div class=\"elementor-button-wrapper\">\n\t\t\t\t\t<a class=\"elementor-button elementor-button-link elementor-size-md\" href=\"https:\/\/grupofortaleza.com.gt\/\" target=\"_blank\" rel=\"noopener\">\n\t\t\t\t\t\t<span class=\"elementor-button-content-wrapper\">\n\t\t\t\t\t\t\t\t\t<span class=\"elementor-button-text\">Ver website<\/span>\n\t\t\t\t\t<\/span>\n\t\t\t\t\t<\/a>\n\t\t\t\t<\/div>\n\t\t\t\t\t\t\t\t<\/div>\n\t\t\t\t<\/div>\n\t\t\t\t<\/div>\n\t\t<div class=\"elementor-element elementor-element-aa7267b e-con-full e-flex e-con e-child\" data-id=\"aa7267b\" data-element_type=\"container\" data-e-type=\"container\" data-settings=\"{&quot;_ha_eqh_enable&quot;:false}\">\n\t\t\t\t<div class=\"elementor-element elementor-element-9264492 elementor-widget elementor-widget-image\" data-id=\"9264492\" data-element_type=\"widget\" data-e-type=\"widget\" data-widget_type=\"image.default\">\n\t\t\t\t<div class=\"elementor-widget-container\">\n\t\t\t\t\t\t\t\t\t\t\t\t\t\t\t<img decoding=\"async\" width=\"382\" height=\"382\" src=\"https:\/\/aflatextechnologies.com\/wp-content\/uploads\/2024\/11\/SOAN-Lab-Logo.jpg\" class=\"attachment-full size-full wp-image-2262\" alt=\"\" srcset=\"https:\/\/aflatextechnologies.com\/wp-content\/uploads\/2024\/11\/SOAN-Lab-Logo.jpg 382w, https:\/\/aflatextechnologies.com\/wp-content\/uploads\/2024\/11\/SOAN-Lab-Logo-300x300.jpg 300w, https:\/\/aflatextechnologies.com\/wp-content\/uploads\/2024\/11\/SOAN-Lab-Logo-150x150.jpg 150w\" sizes=\"(max-width: 382px) 100vw, 382px\" \/>\t\t\t\t\t\t\t\t\t\t\t\t\t\t\t<\/div>\n\t\t\t\t<\/div>\n\t\t\t\t<div class=\"elementor-element elementor-element-f4905f9 elementor-widget elementor-widget-text-editor\" data-id=\"f4905f9\" data-element_type=\"widget\" data-e-type=\"widget\" data-widget_type=\"text-editor.default\">\n\t\t\t\t<div class=\"elementor-widget-container\">\n\t\t\t\t\t\t\t\t\t<p><strong>Soan Lab<br>Victoria Caldas, Colombia<\/strong><br>+57 317 828 0094<br>jcero@soanlaboratorios.com germanpardo@soanlaboratorios.com<\/p>\t\t\t\t\t\t\t\t<\/div>\n\t\t\t\t<\/div>\n\t\t\t\t<div class=\"elementor-element elementor-element-85f867c elementor-align-center elementor-widget elementor-widget-button\" data-id=\"85f867c\" data-element_type=\"widget\" data-e-type=\"widget\" data-widget_type=\"button.default\">\n\t\t\t\t<div class=\"elementor-widget-container\">\n\t\t\t\t\t\t\t\t\t<div class=\"elementor-button-wrapper\">\n\t\t\t\t\t<a class=\"elementor-button elementor-button-link elementor-size-md\" href=\"https:\/\/soanlaboratorios.com\/\" target=\"_blank\" rel=\"noopener\">\n\t\t\t\t\t\t<span class=\"elementor-button-content-wrapper\">\n\t\t\t\t\t\t\t\t\t<span class=\"elementor-button-text\">Ver website<\/span>\n\t\t\t\t\t<\/span>\n\t\t\t\t\t<\/a>\n\t\t\t\t<\/div>\n\t\t\t\t\t\t\t\t<\/div>\n\t\t\t\t<\/div>\n\t\t\t\t<\/div>\n\t\t<div class=\"elementor-element elementor-element-a93991b e-con-full e-flex e-con e-child\" data-id=\"a93991b\" data-element_type=\"container\" data-e-type=\"container\" data-settings=\"{&quot;_ha_eqh_enable&quot;:false}\">\n\t\t\t\t<div class=\"elementor-element elementor-element-08014e4 elementor-widget elementor-widget-image\" data-id=\"08014e4\" data-element_type=\"widget\" data-e-type=\"widget\" data-widget_type=\"image.default\">\n\t\t\t\t<div class=\"elementor-widget-container\">\n\t\t\t\t\t\t\t\t\t\t\t\t\t\t\t<img decoding=\"async\" width=\"699\" height=\"346\" src=\"https:\/\/aflatextechnologies.com\/wp-content\/uploads\/2024\/11\/Rubbercorp-Logo.png\" class=\"attachment-full size-full wp-image-2267\" alt=\"\" srcset=\"https:\/\/aflatextechnologies.com\/wp-content\/uploads\/2024\/11\/Rubbercorp-Logo.png 699w, https:\/\/aflatextechnologies.com\/wp-content\/uploads\/2024\/11\/Rubbercorp-Logo-300x148.png 300w\" sizes=\"(max-width: 699px) 100vw, 699px\" \/>\t\t\t\t\t\t\t\t\t\t\t\t\t\t\t<\/div>\n\t\t\t\t<\/div>\n\t\t\t\t<div class=\"elementor-element elementor-element-9d07407 elementor-widget elementor-widget-text-editor\" data-id=\"9d07407\" data-element_type=\"widget\" data-e-type=\"widget\" data-widget_type=\"text-editor.default\">\n\t\t\t\t<div class=\"elementor-widget-container\">\n\t\t\t\t\t\t\t\t\t<p><strong>Rubber Corp<br>Antioquia y C\u00f3rdoba, Colombia<\/strong> <br>+57 320 566 5079<br>admrubbercorp@gmail.com<\/p>\t\t\t\t\t\t\t\t<\/div>\n\t\t\t\t<\/div>\n\t\t\t\t<div class=\"elementor-element elementor-element-deab689 elementor-align-center elementor-widget elementor-widget-button\" data-id=\"deab689\" data-element_type=\"widget\" data-e-type=\"widget\" data-widget_type=\"button.default\">\n\t\t\t\t<div class=\"elementor-widget-container\">\n\t\t\t\t\t\t\t\t\t<div class=\"elementor-button-wrapper\">\n\t\t\t\t\t<a class=\"elementor-button elementor-button-link elementor-size-md\" href=\"https:\/\/rubbercorp.co\/\" target=\"_blank\" rel=\"noopener\">\n\t\t\t\t\t\t<span class=\"elementor-button-content-wrapper\">\n\t\t\t\t\t\t\t\t\t<span class=\"elementor-button-text\">Ver website<\/span>\n\t\t\t\t\t<\/span>\n\t\t\t\t\t<\/a>\n\t\t\t\t<\/div>\n\t\t\t\t\t\t\t\t<\/div>\n\t\t\t\t<\/div>\n\t\t\t\t<\/div>\n\t\t<div class=\"elementor-element elementor-element-db74c22 e-con-full e-flex e-con e-child\" data-id=\"db74c22\" data-element_type=\"container\" data-e-type=\"container\" data-settings=\"{&quot;_ha_eqh_enable&quot;:false}\">\n\t\t\t\t<div class=\"elementor-element elementor-element-0d787f8 elementor-widget elementor-widget-image\" data-id=\"0d787f8\" data-element_type=\"widget\" data-e-type=\"widget\" data-widget_type=\"image.default\">\n\t\t\t\t<div class=\"elementor-widget-container\">\n\t\t\t\t\t\t\t\t\t\t\t\t\t\t\t<img loading=\"lazy\" decoding=\"async\" width=\"142\" height=\"142\" src=\"https:\/\/aflatextechnologies.com\/wp-content\/uploads\/2025\/05\/Grupo-LP-SAS-Logo.png\" class=\"attachment-full size-full wp-image-2338\" alt=\"\" \/>\t\t\t\t\t\t\t\t\t\t\t\t\t\t\t<\/div>\n\t\t\t\t<\/div>\n\t\t\t\t<div class=\"elementor-element elementor-element-b1d8633 elementor-widget elementor-widget-text-editor\" data-id=\"b1d8633\" data-element_type=\"widget\" data-e-type=\"widget\" data-widget_type=\"text-editor.default\">\n\t\t\t\t<div class=\"elementor-widget-container\">\n\t\t\t\t\t\t\t\t\t<p><strong>Grupo LP SAS<br>Mongui, Boyaca, Colombia<\/strong><br>+57 311 5385350<br>santaladino@gmail.com<\/p>\t\t\t\t\t\t\t\t<\/div>\n\t\t\t\t<\/div>\n\t\t\t\t<div class=\"elementor-element elementor-element-4c52454 elementor-align-center elementor-widget elementor-widget-button\" data-id=\"4c52454\" data-element_type=\"widget\" data-e-type=\"widget\" data-widget_type=\"button.default\">\n\t\t\t\t<div class=\"elementor-widget-container\">\n\t\t\t\t\t\t\t\t\t<div class=\"elementor-button-wrapper\">\n\t\t\t\t\t<a class=\"elementor-button elementor-button-link elementor-size-md\" href=\"https:\/\/lasher.com.co\/\" target=\"_blank\" rel=\"noopener\">\n\t\t\t\t\t\t<span class=\"elementor-button-content-wrapper\">\n\t\t\t\t\t\t\t\t\t<span class=\"elementor-button-text\">Ver website<\/span>\n\t\t\t\t\t<\/span>\n\t\t\t\t\t<\/a>\n\t\t\t\t<\/div>\n\t\t\t\t\t\t\t\t<\/div>\n\t\t\t\t<\/div>\n\t\t\t\t<\/div>\n\t\t<div class=\"elementor-element elementor-element-d992515 e-con-full e-flex e-con e-child\" data-id=\"d992515\" data-element_type=\"container\" data-e-type=\"container\" data-settings=\"{&quot;_ha_eqh_enable&quot;:false}\">\n\t\t\t\t<div class=\"elementor-element elementor-element-ff79660 elementor-widget elementor-widget-image\" data-id=\"ff79660\" data-element_type=\"widget\" data-e-type=\"widget\" data-widget_type=\"image.default\">\n\t\t\t\t<div class=\"elementor-widget-container\">\n\t\t\t\t\t\t\t\t\t\t\t\t\t\t\t<img loading=\"lazy\" decoding=\"async\" width=\"1545\" height=\"429\" src=\"https:\/\/aflatextechnologies.com\/wp-content\/uploads\/2023\/01\/AFLatex_logotipo.png\" class=\"attachment-full size-full wp-image-1667\" alt=\"\" srcset=\"https:\/\/aflatextechnologies.com\/wp-content\/uploads\/2023\/01\/AFLatex_logotipo.png 1545w, https:\/\/aflatextechnologies.com\/wp-content\/uploads\/2023\/01\/AFLatex_logotipo-300x83.png 300w, https:\/\/aflatextechnologies.com\/wp-content\/uploads\/2023\/01\/AFLatex_logotipo-1024x284.png 1024w, https:\/\/aflatextechnologies.com\/wp-content\/uploads\/2023\/01\/AFLatex_logotipo-768x213.png 768w, https:\/\/aflatextechnologies.com\/wp-content\/uploads\/2023\/01\/AFLatex_logotipo-1536x427.png 1536w\" sizes=\"(max-width: 1545px) 100vw, 1545px\" \/>\t\t\t\t\t\t\t\t\t\t\t\t\t\t\t<\/div>\n\t\t\t\t<\/div>\n\t\t\t\t<div class=\"elementor-element elementor-element-dd752df elementor-widget elementor-widget-text-editor\" data-id=\"dd752df\" data-element_type=\"widget\" data-e-type=\"widget\" data-widget_type=\"text-editor.default\">\n\t\t\t\t<div class=\"elementor-widget-container\">\n\t\t\t\t\t\t\t\t\t<p><b>Sprategy LLC<br><span data-olk-copy-source=\"MessageBody\">Canal de distribui\u00e7\u00e3o preferencial para os EUA e Canad\u00e1<\/span><\/b><br><span data-olk-copy-source=\"MessageBody\">+1 (347) 706-2331<br><\/span>spedraza@sprategy.com<\/p>\t\t\t\t\t\t\t\t<\/div>\n\t\t\t\t<\/div>\n\t\t\t\t<div class=\"elementor-element elementor-element-0cd99c5 elementor-align-center elementor-widget elementor-widget-button\" data-id=\"0cd99c5\" data-element_type=\"widget\" data-e-type=\"widget\" data-widget_type=\"button.default\">\n\t\t\t\t<div class=\"elementor-widget-container\">\n\t\t\t\t\t\t\t\t\t<div class=\"elementor-button-wrapper\">\n\t\t\t\t\t<a class=\"elementor-button elementor-button-link elementor-size-md\" href=\"https:\/\/www.sprategy.com\/\" target=\"_blank\" rel=\"noopener\">\n\t\t\t\t\t\t<span class=\"elementor-button-content-wrapper\">\n\t\t\t\t\t\t\t\t\t<span class=\"elementor-button-text\">Ver website<\/span>\n\t\t\t\t\t<\/span>\n\t\t\t\t\t<\/a>\n\t\t\t\t<\/div>\n\t\t\t\t\t\t\t\t<\/div>\n\t\t\t\t<\/div>\n\t\t\t\t<\/div>\n\t\t<div class=\"elementor-element elementor-element-ccbb193 e-con-full e-flex e-con e-child\" data-id=\"ccbb193\" data-element_type=\"container\" data-e-type=\"container\" data-settings=\"{&quot;_ha_eqh_enable&quot;:false}\">\n\t\t\t\t<div class=\"elementor-element elementor-element-3e14907 elementor-widget elementor-widget-image\" data-id=\"3e14907\" data-element_type=\"widget\" data-e-type=\"widget\" data-widget_type=\"image.default\">\n\t\t\t\t<div class=\"elementor-widget-container\">\n\t\t\t\t\t\t\t\t\t\t\t\t\t\t\t<img loading=\"lazy\" decoding=\"async\" width=\"1707\" height=\"2560\" src=\"https:\/\/aflatextechnologies.com\/wp-content\/uploads\/2025\/07\/GermanPardo_Headshot-scaled.jpg\" class=\"attachment-full size-full wp-image-2440\" alt=\"\" srcset=\"https:\/\/aflatextechnologies.com\/wp-content\/uploads\/2025\/07\/GermanPardo_Headshot-scaled.jpg 1707w, https:\/\/aflatextechnologies.com\/wp-content\/uploads\/2025\/07\/GermanPardo_Headshot-200x300.jpg 200w, https:\/\/aflatextechnologies.com\/wp-content\/uploads\/2025\/07\/GermanPardo_Headshot-683x1024.jpg 683w, https:\/\/aflatextechnologies.com\/wp-content\/uploads\/2025\/07\/GermanPardo_Headshot-768x1152.jpg 768w, https:\/\/aflatextechnologies.com\/wp-content\/uploads\/2025\/07\/GermanPardo_Headshot-1024x1536.jpg 1024w, https:\/\/aflatextechnologies.com\/wp-content\/uploads\/2025\/07\/GermanPardo_Headshot-1365x2048.jpg 1365w\" sizes=\"(max-width: 1707px) 100vw, 1707px\" \/>\t\t\t\t\t\t\t\t\t\t\t\t\t\t\t<\/div>\n\t\t\t\t<\/div>\n\t\t\t\t<div class=\"elementor-element elementor-element-2101b3a elementor-widget elementor-widget-text-editor\" data-id=\"2101b3a\" data-element_type=\"widget\" data-e-type=\"widget\" data-widget_type=\"text-editor.default\">\n\t\t\t\t<div class=\"elementor-widget-container\">\n\t\t\t\t\t\t\t\t\t<p><strong>German Pardo e Hijos<\/strong><br><span data-olk-copy-source=\"MessageBody\">+57 (318) 265-3268<br><\/span><\/p>\t\t\t\t\t\t\t\t<\/div>\n\t\t\t\t<\/div>\n\t\t\t\t<div class=\"elementor-element elementor-element-479c44b elementor-align-center elementor-hidden-desktop elementor-hidden-tablet elementor-hidden-mobile elementor-widget elementor-widget-button\" data-id=\"479c44b\" data-element_type=\"widget\" data-e-type=\"widget\" data-widget_type=\"button.default\">\n\t\t\t\t<div class=\"elementor-widget-container\">\n\t\t\t\t\t\t\t\t\t<div class=\"elementor-button-wrapper\">\n\t\t\t\t\t<a class=\"elementor-button elementor-button-link elementor-size-md\" href=\"https:\/\/www.sprategy.com\/\" target=\"_blank\" rel=\"noopener\">\n\t\t\t\t\t\t<span class=\"elementor-button-content-wrapper\">\n\t\t\t\t\t\t\t\t\t<span class=\"elementor-button-text\">Ver website<\/span>\n\t\t\t\t\t<\/span>\n\t\t\t\t\t<\/a>\n\t\t\t\t<\/div>\n\t\t\t\t\t\t\t\t<\/div>\n\t\t\t\t<\/div>\n\t\t\t\t<\/div>\n\t\t\t\t<\/div>\n\t\t\t\t<\/div>\n\t\t\t\t\t<\/div>\n\t\t\t\t<\/div>\n\t\t\t\t<\/div>\n\t\t","protected":false},"excerpt":{"rendered":"<p>Distribuidores de Borracha &amp; L\u00e1tex sem Am\u00f4nia aflatex Grupo FortalezaGuatemala+502 23617494info@grupofortaleza.com.gt Ver website Soan LabVictoria Caldas, Colombia+57 317 828 0094jcero@soanlaboratorios.com germanpardo@soanlaboratorios.com Ver website Rubber CorpAntioquia y C\u00f3rdoba, Colombia +57 320 566 5079admrubbercorp@gmail.com Ver website Grupo LP SASMongui, Boyaca, Colombia+57 311 5385350santaladino@gmail.com Ver website Sprategy LLCCanal de distribui\u00e7\u00e3o preferencial para os EUA e Canad\u00e1+1 (347) 706-2331spedraza@sprategy.com [&hellip;]<\/p>\n","protected":false},"author":1,"featured_media":0,"parent":0,"menu_order":0,"comment_status":"closed","ping_status":"closed","template":"","meta":{"footnotes":""},"class_list":["post-2243","page","type-page","status-publish","hentry"],"_links":{"self":[{"href":"https:\/\/aflatextechnologies.com\/pt-pt\/wp-json\/wp\/v2\/pages\/2243","targetHints":{"allow":["GET"]}}],"collection":[{"href":"https:\/\/aflatextechnologies.com\/pt-pt\/wp-json\/wp\/v2\/pages"}],"about":[{"href":"https:\/\/aflatextechnologies.com\/pt-pt\/wp-json\/wp\/v2\/types\/page"}],"author":[{"embeddable":true,"href":"https:\/\/aflatextechnologies.com\/pt-pt\/wp-json\/wp\/v2\/users\/1"}],"replies":[{"embeddable":true,"href":"https:\/\/aflatextechnologies.com\/pt-pt\/wp-json\/wp\/v2\/comments?post=2243"}],"version-history":[{"count":5,"href":"https:\/\/aflatextechnologies.com\/pt-pt\/wp-json\/wp\/v2\/pages\/2243\/revisions"}],"predecessor-version":[{"id":2457,"href":"https:\/\/aflatextechnologies.com\/pt-pt\/wp-json\/wp\/v2\/pages\/2243\/revisions\/2457"}],"wp:attachment":[{"href":"https:\/\/aflatextechnologies.com\/pt-pt\/wp-json\/wp\/v2\/media?parent=2243"}],"curies":[{"name":"wp","href":"https:\/\/api.w.org\/{rel}","templated":true}]}}